{"id":9209,"date":"2024-12-27T23:00:08","date_gmt":"2024-12-27T20:00:08","guid":{"rendered":"https:\/\/toptancantalar.com\/?post_type=product&#038;p=9209"},"modified":"2025-04-28T14:05:02","modified_gmt":"2025-04-28T11:05:02","slug":"anne-bebek-bakim-sirt-cantasi-biberon-termoslu-sivi-gecirmez-bebek-cantasi","status":"publish","type":"product","link":"https:\/\/toptancantalar.com\/en\/product\/anne-bebek-bakim-sirt-cantasi-biberon-termoslu-sivi-gecirmez-bebek-cantasi\/","title":{"rendered":"Anne Bebek Bak\u0131m S\u0131rt \u00c7antas\u0131 Biberon Termoslu S\u0131v\u0131 Ge\u00e7irmez Bebek \u00c7antas\u0131"},"content":{"rendered":"<ul class=\"detail-desc-list two-columns\">\n<li>\u00dcR\u00dcNLER\u0130M\u0130Z SU GE\u00c7\u0130RMEZ VE 1. KAL\u0130TE KUMA\u015eTAN \u00dcRET\u0130LM\u0130\u015eT\u0130R Anne i\u00e7in bebek bak\u0131m \u00e7antas\u0131.<\/li>\n<li>Puset,bebek arabas\u0131 ask\u0131 aparat\u0131 var..<\/li>\n<li>S\u0131rt ve el \u00e7antas\u0131 olarak da kullan\u0131labilir.<\/li>\n<li>Antikanserojen kuma\u015f<\/li>\n<li>Suge\u00e7irmez kuma\u015f. Islak<\/li>\n<li>bez, k\u00f6p\u00fckl\u00fc veya s\u00fcnger ile silinebilir..<\/li>\n<li>\u00d6nde biberon i\u00e7in 3 adet thermal termos g\u00f6z\u00fc.S\u0131cak ve so\u011fuk mama ayn\u0131 \u0131s\u0131da korunur .<\/li>\n<li>Sa\u011fve solda yanlardan 1&#8217;er g\u00f6z(lastikli), arkada geni\u015f bir g\u00f6z fermuarl\u0131. \u00e7antan\u0131n<\/li>\n<li>i\u00e7 taraf\u0131nda yanlardan birer tane toplamda 4 adet g\u00f6z mevcuttur. 1 tanesi<\/li>\n<li>fermuarl\u0131.<\/li>\n<li>\u00c7antan\u0131nboyu 44 cm, geni\u015flik 34 cm, derinli\u011fi ise 22 cm&#8217;dir.<\/li>\n<\/ul>","protected":false},"excerpt":{"rendered":"<p>\u00dcR\u00dcNLER\u0130M\u0130Z SU GE\u00c7\u0130RMEZ VE 1. KAL\u0130TE KUMA\u015eTAN \u00dcRET\u0130LM\u0130\u015eT\u0130R Anne i\u00e7in bebek bak\u0131m \u00e7antas\u0131. Puset,bebek arabas\u0131 ask\u0131 aparat\u0131 var.. S\u0131rt ve el \u00e7antas\u0131 olarak da kullan\u0131labilir. Antikanserojen kuma\u015f Suge\u00e7irmez kuma\u015f. Islak bez, k\u00f6p\u00fckl\u00fc veya s\u00fcnger ile silinebilir.. \u00d6nde biberon i\u00e7in 3 adet thermal termos g\u00f6z\u00fc.S\u0131cak ve so\u011fuk mama ayn\u0131 \u0131s\u0131da korunur . Sa\u011fve solda yanlardan 1&#8217;er g\u00f6z(lastikli), arkada geni\u015f bir g\u00f6z fermuarl\u0131. \u00e7antan\u0131n i\u00e7 taraf\u0131nda yanlardan birer tane toplamda 4 adet g\u00f6z mevcuttur. 1 tanesi fermuarl\u0131. \u00c7antan\u0131nboyu 44 cm, geni\u015flik 34 cm, derinli\u011fi ise 22 cm&#8217;dir.<\/p>","protected":false},"featured_media":9208,"template":"","meta":[],"product_cat":[157,105],"product_tag":[],"class_list":{"0":"post-9209","1":"product","2":"type-product","3":"status-publish","4":"has-post-thumbnail","6":"product_cat-toptan-anne-bebek-cantasi-dayanikli-anne-bebek-cantasi-modelleri","7":"product_cat-tum-toptan-cantalar-uygun-fiyatli-toptan-canta-modelleri","10":"instock","11":"taxable","12":"shipping-taxable","13":"purchasable","14":"product-type-simple"},"yoast_head":"<!-- This site is optimized with the Yoast SEO plugin v25.5 - https:\/\/yoast.com\/wordpress\/plugins\/seo\/ -->\n<title>Anne Bebek Bak\u0131m S\u0131rt \u00c7antas\u0131 Biberon Termoslu S\u0131v\u0131 Ge\u00e7irmez Bebek \u00c7antas\u0131 - Toptan \u00c7antalar<\/title>\n<meta name=\"robots\" content=\"index, follow, max-snippet:-1, max-image-preview:large, max-video-preview:-1\" \/>\n<link rel=\"canonical\" href=\"https:\/\/toptancantalar.com\/en\/product\/anne-bebek-bakim-sirt-cantasi-biberon-termoslu-sivi-gecirmez-bebek-cantasi\/\" \/>\n<meta property=\"og:locale\" content=\"en_US\" \/>\n<meta property=\"og:type\" content=\"article\" \/>\n<meta property=\"og:title\" content=\"Anne Bebek Bak\u0131m S\u0131rt \u00c7antas\u0131 Biberon Termoslu S\u0131v\u0131 Ge\u00e7irmez Bebek \u00c7antas\u0131 - Toptan \u00c7antalar\" \/>\n<meta property=\"og:description\" content=\"\u00dcR\u00dcNLER\u0130M\u0130Z SU GE\u00c7\u0130RMEZ VE 1. KAL\u0130TE KUMA\u015eTAN \u00dcRET\u0130LM\u0130\u015eT\u0130R Anne i\u00e7in bebek bak\u0131m \u00e7antas\u0131. Puset,bebek arabas\u0131 ask\u0131 aparat\u0131 var.. S\u0131rt ve el \u00e7antas\u0131 olarak da kullan\u0131labilir. Antikanserojen kuma\u015f Suge\u00e7irmez kuma\u015f. Islak bez, k\u00f6p\u00fckl\u00fc veya s\u00fcnger ile silinebilir.. \u00d6nde biberon i\u00e7in 3 adet thermal termos g\u00f6z\u00fc.S\u0131cak ve so\u011fuk mama ayn\u0131 \u0131s\u0131da korunur . Sa\u011fve solda yanlardan 1&#8217;er g\u00f6z(lastikli), arkada geni\u015f bir g\u00f6z fermuarl\u0131. \u00e7antan\u0131n i\u00e7 taraf\u0131nda yanlardan birer tane toplamda 4 adet g\u00f6z mevcuttur. 1 tanesi fermuarl\u0131. \u00c7antan\u0131nboyu 44 cm, geni\u015flik 34 cm, derinli\u011fi ise 22 cm&#8217;dir.\" \/>\n<meta property=\"og:url\" content=\"https:\/\/toptancantalar.com\/en\/product\/anne-bebek-bakim-sirt-cantasi-biberon-termoslu-sivi-gecirmez-bebek-cantasi\/\" \/>\n<meta property=\"og:site_name\" content=\"Toptan \u00c7antalar\" \/>\n<meta property=\"article:modified_time\" content=\"2025-04-28T11:05:02+00:00\" \/>\n<meta property=\"og:image\" content=\"https:\/\/toptancantalar.com\/wp-content\/uploads\/2024\/12\/1_org_zoom-1-1.jpg\" \/>\n\t<meta property=\"og:image:width\" content=\"1200\" \/>\n\t<meta property=\"og:image:height\" content=\"1800\" \/>\n\t<meta property=\"og:image:type\" content=\"image\/jpeg\" \/>\n<meta name=\"twitter:card\" content=\"summary_large_image\" \/>\n<meta name=\"twitter:label1\" content=\"Est. reading time\" \/>\n\t<meta name=\"twitter:data1\" content=\"1 minute\" \/>\n<script type=\"application\/ld+json\" class=\"yoast-schema-graph\">{\"@context\":\"https:\/\/schema.org\",\"@graph\":[{\"@type\":\"WebPage\",\"@id\":\"https:\/\/toptancantalar.com\/product\/anne-bebek-bakim-sirt-cantasi-biberon-termoslu-sivi-gecirmez-bebek-cantasi\/\",\"url\":\"https:\/\/toptancantalar.com\/product\/anne-bebek-bakim-sirt-cantasi-biberon-termoslu-sivi-gecirmez-bebek-cantasi\/\",\"name\":\"Anne Bebek Bak\u0131m S\u0131rt \u00c7antas\u0131 Biberon Termoslu S\u0131v\u0131 Ge\u00e7irmez Bebek \u00c7antas\u0131 - Toptan \u00c7antalar\",\"isPartOf\":{\"@id\":\"https:\/\/toptancantalar.com\/#website\"},\"primaryImageOfPage\":{\"@id\":\"https:\/\/toptancantalar.com\/product\/anne-bebek-bakim-sirt-cantasi-biberon-termoslu-sivi-gecirmez-bebek-cantasi\/#primaryimage\"},\"image\":{\"@id\":\"https:\/\/toptancantalar.com\/product\/anne-bebek-bakim-sirt-cantasi-biberon-termoslu-sivi-gecirmez-bebek-cantasi\/#primaryimage\"},\"thumbnailUrl\":\"https:\/\/toptancantalar.com\/wp-content\/uploads\/2024\/12\/1_org_zoom-1-1.jpg\",\"datePublished\":\"2024-12-27T20:00:08+00:00\",\"dateModified\":\"2025-04-28T11:05:02+00:00\",\"breadcrumb\":{\"@id\":\"https:\/\/toptancantalar.com\/product\/anne-bebek-bakim-sirt-cantasi-biberon-termoslu-sivi-gecirmez-bebek-cantasi\/#breadcrumb\"},\"inLanguage\":\"en-US\",\"potentialAction\":[{\"@type\":\"ReadAction\",\"target\":[\"https:\/\/toptancantalar.com\/product\/anne-bebek-bakim-sirt-cantasi-biberon-termoslu-sivi-gecirmez-bebek-cantasi\/\"]}]},{\"@type\":\"ImageObject\",\"inLanguage\":\"en-US\",\"@id\":\"https:\/\/toptancantalar.com\/product\/anne-bebek-bakim-sirt-cantasi-biberon-termoslu-sivi-gecirmez-bebek-cantasi\/#primaryimage\",\"url\":\"https:\/\/toptancantalar.com\/wp-content\/uploads\/2024\/12\/1_org_zoom-1-1.jpg\",\"contentUrl\":\"https:\/\/toptancantalar.com\/wp-content\/uploads\/2024\/12\/1_org_zoom-1-1.jpg\",\"width\":1200,\"height\":1800},{\"@type\":\"BreadcrumbList\",\"@id\":\"https:\/\/toptancantalar.com\/product\/anne-bebek-bakim-sirt-cantasi-biberon-termoslu-sivi-gecirmez-bebek-cantasi\/#breadcrumb\",\"itemListElement\":[{\"@type\":\"ListItem\",\"position\":1,\"name\":\"Anasayfa\",\"item\":\"https:\/\/toptancantalar.com\/\"},{\"@type\":\"ListItem\",\"position\":2,\"name\":\"\u00dcr\u00fcnler\",\"item\":\"https:\/\/toptancantalar.com\/shop\/\"},{\"@type\":\"ListItem\",\"position\":3,\"name\":\"Anne Bebek Bak\u0131m S\u0131rt \u00c7antas\u0131 Biberon Termoslu S\u0131v\u0131 Ge\u00e7irmez Bebek \u00c7antas\u0131\"}]},{\"@type\":\"WebSite\",\"@id\":\"https:\/\/toptancantalar.com\/#website\",\"url\":\"https:\/\/toptancantalar.com\/\",\"name\":\"Toptan \u00c7antalar\",\"description\":\"Arad\u0131\u011f\u0131n T\u00fcm \u00c7antalar, Toptan \u00c7antalar &#039;da\",\"potentialAction\":[{\"@type\":\"SearchAction\",\"target\":{\"@type\":\"EntryPoint\",\"urlTemplate\":\"https:\/\/toptancantalar.com\/?s={search_term_string}\"},\"query-input\":{\"@type\":\"PropertyValueSpecification\",\"valueRequired\":true,\"valueName\":\"search_term_string\"}}],\"inLanguage\":\"en-US\"}]}<\/script>\n<!-- \/ Yoast SEO plugin. -->","yoast_head_json":{"title":"Anne Bebek Bak\u0131m S\u0131rt \u00c7antas\u0131 Biberon Termoslu S\u0131v\u0131 Ge\u00e7irmez Bebek \u00c7antas\u0131 - Toptan \u00c7antalar","robots":{"index":"index","follow":"follow","max-snippet":"max-snippet:-1","max-image-preview":"max-image-preview:large","max-video-preview":"max-video-preview:-1"},"canonical":"https:\/\/toptancantalar.com\/en\/product\/anne-bebek-bakim-sirt-cantasi-biberon-termoslu-sivi-gecirmez-bebek-cantasi\/","og_locale":"en_US","og_type":"article","og_title":"Anne Bebek Bak\u0131m S\u0131rt \u00c7antas\u0131 Biberon Termoslu S\u0131v\u0131 Ge\u00e7irmez Bebek \u00c7antas\u0131 - Toptan \u00c7antalar","og_description":"\u00dcR\u00dcNLER\u0130M\u0130Z SU GE\u00c7\u0130RMEZ VE 1. KAL\u0130TE KUMA\u015eTAN \u00dcRET\u0130LM\u0130\u015eT\u0130R Anne i\u00e7in bebek bak\u0131m \u00e7antas\u0131. Puset,bebek arabas\u0131 ask\u0131 aparat\u0131 var.. S\u0131rt ve el \u00e7antas\u0131 olarak da kullan\u0131labilir. Antikanserojen kuma\u015f Suge\u00e7irmez kuma\u015f. Islak bez, k\u00f6p\u00fckl\u00fc veya s\u00fcnger ile silinebilir.. \u00d6nde biberon i\u00e7in 3 adet thermal termos g\u00f6z\u00fc.S\u0131cak ve so\u011fuk mama ayn\u0131 \u0131s\u0131da korunur . Sa\u011fve solda yanlardan 1&#8217;er g\u00f6z(lastikli), arkada geni\u015f bir g\u00f6z fermuarl\u0131. \u00e7antan\u0131n i\u00e7 taraf\u0131nda yanlardan birer tane toplamda 4 adet g\u00f6z mevcuttur. 1 tanesi fermuarl\u0131. \u00c7antan\u0131nboyu 44 cm, geni\u015flik 34 cm, derinli\u011fi ise 22 cm&#8217;dir.","og_url":"https:\/\/toptancantalar.com\/en\/product\/anne-bebek-bakim-sirt-cantasi-biberon-termoslu-sivi-gecirmez-bebek-cantasi\/","og_site_name":"Toptan \u00c7antalar","article_modified_time":"2025-04-28T11:05:02+00:00","og_image":[{"width":1200,"height":1800,"url":"https:\/\/toptancantalar.com\/wp-content\/uploads\/2024\/12\/1_org_zoom-1-1.jpg","type":"image\/jpeg"}],"twitter_card":"summary_large_image","twitter_misc":{"Est. reading time":"1 minute"},"schema":{"@context":"https:\/\/schema.org","@graph":[{"@type":"WebPage","@id":"https:\/\/toptancantalar.com\/product\/anne-bebek-bakim-sirt-cantasi-biberon-termoslu-sivi-gecirmez-bebek-cantasi\/","url":"https:\/\/toptancantalar.com\/product\/anne-bebek-bakim-sirt-cantasi-biberon-termoslu-sivi-gecirmez-bebek-cantasi\/","name":"Anne Bebek Bak\u0131m S\u0131rt \u00c7antas\u0131 Biberon Termoslu S\u0131v\u0131 Ge\u00e7irmez Bebek \u00c7antas\u0131 - Toptan \u00c7antalar","isPartOf":{"@id":"https:\/\/toptancantalar.com\/#website"},"primaryImageOfPage":{"@id":"https:\/\/toptancantalar.com\/product\/anne-bebek-bakim-sirt-cantasi-biberon-termoslu-sivi-gecirmez-bebek-cantasi\/#primaryimage"},"image":{"@id":"https:\/\/toptancantalar.com\/product\/anne-bebek-bakim-sirt-cantasi-biberon-termoslu-sivi-gecirmez-bebek-cantasi\/#primaryimage"},"thumbnailUrl":"https:\/\/toptancantalar.com\/wp-content\/uploads\/2024\/12\/1_org_zoom-1-1.jpg","datePublished":"2024-12-27T20:00:08+00:00","dateModified":"2025-04-28T11:05:02+00:00","breadcrumb":{"@id":"https:\/\/toptancantalar.com\/product\/anne-bebek-bakim-sirt-cantasi-biberon-termoslu-sivi-gecirmez-bebek-cantasi\/#breadcrumb"},"inLanguage":"en-US","potentialAction":[{"@type":"ReadAction","target":["https:\/\/toptancantalar.com\/product\/anne-bebek-bakim-sirt-cantasi-biberon-termoslu-sivi-gecirmez-bebek-cantasi\/"]}]},{"@type":"ImageObject","inLanguage":"en-US","@id":"https:\/\/toptancantalar.com\/product\/anne-bebek-bakim-sirt-cantasi-biberon-termoslu-sivi-gecirmez-bebek-cantasi\/#primaryimage","url":"https:\/\/toptancantalar.com\/wp-content\/uploads\/2024\/12\/1_org_zoom-1-1.jpg","contentUrl":"https:\/\/toptancantalar.com\/wp-content\/uploads\/2024\/12\/1_org_zoom-1-1.jpg","width":1200,"height":1800},{"@type":"BreadcrumbList","@id":"https:\/\/toptancantalar.com\/product\/anne-bebek-bakim-sirt-cantasi-biberon-termoslu-sivi-gecirmez-bebek-cantasi\/#breadcrumb","itemListElement":[{"@type":"ListItem","position":1,"name":"Anasayfa","item":"https:\/\/toptancantalar.com\/"},{"@type":"ListItem","position":2,"name":"\u00dcr\u00fcnler","item":"https:\/\/toptancantalar.com\/shop\/"},{"@type":"ListItem","position":3,"name":"Anne Bebek Bak\u0131m S\u0131rt \u00c7antas\u0131 Biberon Termoslu S\u0131v\u0131 Ge\u00e7irmez Bebek \u00c7antas\u0131"}]},{"@type":"WebSite","@id":"https:\/\/toptancantalar.com\/#website","url":"https:\/\/toptancantalar.com\/","name":"Toptan \u00c7antalar","description":"Arad\u0131\u011f\u0131n T\u00fcm \u00c7antalar, Toptan \u00c7antalar &#039;da","potentialAction":[{"@type":"SearchAction","target":{"@type":"EntryPoint","urlTemplate":"https:\/\/toptancantalar.com\/?s={search_term_string}"},"query-input":{"@type":"PropertyValueSpecification","valueRequired":true,"valueName":"search_term_string"}}],"inLanguage":"en-US"}]}},"_links":{"self":[{"href":"https:\/\/toptancantalar.com\/en\/wp-json\/wp\/v2\/product\/9209","targetHints":{"allow":["GET"]}}],"collection":[{"href":"https:\/\/toptancantalar.com\/en\/wp-json\/wp\/v2\/product"}],"about":[{"href":"https:\/\/toptancantalar.com\/en\/wp-json\/wp\/v2\/types\/product"}],"wp:featuredmedia":[{"embeddable":true,"href":"https:\/\/toptancantalar.com\/en\/wp-json\/wp\/v2\/media\/9208"}],"wp:attachment":[{"href":"https:\/\/toptancantalar.com\/en\/wp-json\/wp\/v2\/media?parent=9209"}],"wp:term":[{"taxonomy":"product_cat","embeddable":true,"href":"https:\/\/toptancantalar.com\/en\/wp-json\/wp\/v2\/product_cat?post=9209"},{"taxonomy":"product_tag","embeddable":true,"href":"https:\/\/toptancantalar.com\/en\/wp-json\/wp\/v2\/product_tag?post=9209"}],"curies":[{"name":"wp","href":"https:\/\/api.w.org\/{rel}","templated":true}]}}