{"id":9104,"date":"2024-12-27T22:22:14","date_gmt":"2024-12-27T19:22:14","guid":{"rendered":"https:\/\/toptancantalar.com\/?post_type=product&#038;p=9104"},"modified":"2025-10-03T16:16:17","modified_gmt":"2025-10-03T13:16:17","slug":"kadin-beyaz-kapakli-baget-canta-2","status":"publish","type":"product","link":"https:\/\/toptancantalar.com\/en\/product\/kadin-beyaz-kapakli-baget-canta-2\/","title":{"rendered":"Kad\u0131n Beyaz Kapakl\u0131 Baget \u00c7anta"},"content":{"rendered":"<p>G\u00fcnl\u00fck kullan\u0131m i\u00e7in ideal, casual tarz\u0131yla her ortama uyum sa\u011flayan beyaz kapakl\u0131 baget \u00e7anta; Suni deriden \u00fcretilmi\u015f olup, dayan\u0131kl\u0131l\u0131\u011f\u0131 ve \u015f\u0131k g\u00f6r\u00fcn\u00fcm\u00fc ile dikkat \u00e7eker; %100 suni deriden olu\u015fan materyal bile\u015feni sayesinde uzun \u00f6m\u00fcrl\u00fc kullan\u0131m sunar; Design koleksiyonuna ait bu \u00e7anta, modern ve \u00f6zg\u00fcn tasar\u0131m\u0131yla stilinizi tamamlar; D\u00fcz deseniyle sade ve \u015f\u0131k bir g\u00f6r\u00fcn\u00fcm sergiler; her t\u00fcrl\u00fc k\u0131yafetle kolayca kombinlenebilir; T\u00fcm ya\u015f gruplar\u0131na hitap eden geni\u015f kullan\u0131c\u0131 yelpazesi ile herkes i\u00e7in uygundur; \u0130mitasyon deri kalitesiyle ger\u00e7ek derinin esteti\u011fini ekonomik bir alternatif olarak sunar; Type 4 y\u0131kama talimat\u0131na uygun \u015fekilde temizlenmesi pratiklik sa\u011flar; b\u00f6ylece \u00e7antan\u0131z\u0131n bak\u0131m\u0131n\u0131 kolayca yapabilirsiniz; Dokuma kuma\u015f tipi sayesinde dayan\u0131kl\u0131l\u0131k ve konforu bir arada sunar;<\/p>","protected":false},"excerpt":{"rendered":"<p>G\u00fcnl\u00fck kullan\u0131m i\u00e7in ideal, casual tarz\u0131yla her ortama uyum sa\u011flayan beyaz kapakl\u0131 baget \u00e7anta; Suni deriden \u00fcretilmi\u015f olup, dayan\u0131kl\u0131l\u0131\u011f\u0131 ve \u015f\u0131k g\u00f6r\u00fcn\u00fcm\u00fc ile dikkat \u00e7eker; %100 suni deriden olu\u015fan materyal bile\u015feni sayesinde uzun \u00f6m\u00fcrl\u00fc kullan\u0131m sunar; Design koleksiyonuna ait bu \u00e7anta, modern ve \u00f6zg\u00fcn tasar\u0131m\u0131yla stilinizi tamamlar; D\u00fcz deseniyle sade ve \u015f\u0131k bir g\u00f6r\u00fcn\u00fcm sergiler; her t\u00fcrl\u00fc k\u0131yafetle kolayca kombinlenebilir; T\u00fcm ya\u015f gruplar\u0131na hitap eden geni\u015f kullan\u0131c\u0131 yelpazesi ile herkes i\u00e7in uygundur; \u0130mitasyon deri kalitesiyle ger\u00e7ek derinin esteti\u011fini ekonomik bir alternatif olarak sunar; Type 4 y\u0131kama talimat\u0131na uygun \u015fekilde temizlenmesi pratiklik sa\u011flar; b\u00f6ylece \u00e7antan\u0131z\u0131n bak\u0131m\u0131n\u0131 kolayca yapabilirsiniz; Dokuma kuma\u015f tipi sayesinde dayan\u0131kl\u0131l\u0131k ve konforu bir arada sunar;<\/p>","protected":false},"featured_media":9105,"template":"","meta":[],"product_cat":[105,109],"product_tag":[],"class_list":{"0":"post-9104","1":"product","2":"type-product","3":"status-publish","4":"has-post-thumbnail","6":"product_cat-tum-toptan-cantalar-uygun-fiyatli-toptan-canta-modelleri","7":"product_cat-toptan-omuz-cantasi","10":"instock","11":"taxable","12":"shipping-taxable","13":"purchasable","14":"product-type-simple"},"yoast_head":"<!-- This site is optimized with the Yoast SEO plugin v25.5 - https:\/\/yoast.com\/wordpress\/plugins\/seo\/ -->\n<title>Kad\u0131n Beyaz Kapakl\u0131 Baget \u00c7anta - Toptan \u00c7antalar<\/title>\n<meta name=\"robots\" content=\"index, follow, max-snippet:-1, max-image-preview:large, max-video-preview:-1\" \/>\n<link rel=\"canonical\" href=\"https:\/\/toptancantalar.com\/en\/product\/kadin-beyaz-kapakli-baget-canta-2\/\" \/>\n<meta property=\"og:locale\" content=\"en_US\" \/>\n<meta property=\"og:type\" content=\"article\" \/>\n<meta property=\"og:title\" content=\"Kad\u0131n Beyaz Kapakl\u0131 Baget \u00c7anta - Toptan \u00c7antalar\" \/>\n<meta property=\"og:description\" content=\"G\u00fcnl\u00fck kullan\u0131m i\u00e7in ideal, casual tarz\u0131yla her ortama uyum sa\u011flayan beyaz kapakl\u0131 baget \u00e7anta; Suni deriden \u00fcretilmi\u015f olup, dayan\u0131kl\u0131l\u0131\u011f\u0131 ve \u015f\u0131k g\u00f6r\u00fcn\u00fcm\u00fc ile dikkat \u00e7eker; %100 suni deriden olu\u015fan materyal bile\u015feni sayesinde uzun \u00f6m\u00fcrl\u00fc kullan\u0131m sunar; Design koleksiyonuna ait bu \u00e7anta, modern ve \u00f6zg\u00fcn tasar\u0131m\u0131yla stilinizi tamamlar; D\u00fcz deseniyle sade ve \u015f\u0131k bir g\u00f6r\u00fcn\u00fcm sergiler; her t\u00fcrl\u00fc k\u0131yafetle kolayca kombinlenebilir; T\u00fcm ya\u015f gruplar\u0131na hitap eden geni\u015f kullan\u0131c\u0131 yelpazesi ile herkes i\u00e7in uygundur; \u0130mitasyon deri kalitesiyle ger\u00e7ek derinin esteti\u011fini ekonomik bir alternatif olarak sunar; Type 4 y\u0131kama talimat\u0131na uygun \u015fekilde temizlenmesi pratiklik sa\u011flar; b\u00f6ylece \u00e7antan\u0131z\u0131n bak\u0131m\u0131n\u0131 kolayca yapabilirsiniz; Dokuma kuma\u015f tipi sayesinde dayan\u0131kl\u0131l\u0131k ve konforu bir arada sunar;\" \/>\n<meta property=\"og:url\" content=\"https:\/\/toptancantalar.com\/en\/product\/kadin-beyaz-kapakli-baget-canta-2\/\" \/>\n<meta property=\"og:site_name\" content=\"Toptan \u00c7antalar\" \/>\n<meta property=\"article:modified_time\" content=\"2025-10-03T13:16:17+00:00\" \/>\n<meta property=\"og:image\" content=\"https:\/\/toptancantalar.com\/wp-content\/uploads\/2024\/12\/1_org_zoom-76.jpg\" \/>\n\t<meta property=\"og:image:width\" content=\"1200\" \/>\n\t<meta property=\"og:image:height\" content=\"1800\" \/>\n\t<meta property=\"og:image:type\" content=\"image\/jpeg\" \/>\n<meta name=\"twitter:card\" content=\"summary_large_image\" \/>\n<meta name=\"twitter:label1\" content=\"Est. reading time\" \/>\n\t<meta name=\"twitter:data1\" content=\"1 minute\" \/>\n<script type=\"application\/ld+json\" class=\"yoast-schema-graph\">{\"@context\":\"https:\/\/schema.org\",\"@graph\":[{\"@type\":\"WebPage\",\"@id\":\"https:\/\/toptancantalar.com\/product\/kadin-beyaz-kapakli-baget-canta-2\/\",\"url\":\"https:\/\/toptancantalar.com\/product\/kadin-beyaz-kapakli-baget-canta-2\/\",\"name\":\"Kad\u0131n Beyaz Kapakl\u0131 Baget \u00c7anta - Toptan \u00c7antalar\",\"isPartOf\":{\"@id\":\"https:\/\/toptancantalar.com\/#website\"},\"primaryImageOfPage\":{\"@id\":\"https:\/\/toptancantalar.com\/product\/kadin-beyaz-kapakli-baget-canta-2\/#primaryimage\"},\"image\":{\"@id\":\"https:\/\/toptancantalar.com\/product\/kadin-beyaz-kapakli-baget-canta-2\/#primaryimage\"},\"thumbnailUrl\":\"https:\/\/toptancantalar.com\/wp-content\/uploads\/2024\/12\/1_org_zoom-76.jpg\",\"datePublished\":\"2024-12-27T19:22:14+00:00\",\"dateModified\":\"2025-10-03T13:16:17+00:00\",\"breadcrumb\":{\"@id\":\"https:\/\/toptancantalar.com\/product\/kadin-beyaz-kapakli-baget-canta-2\/#breadcrumb\"},\"inLanguage\":\"en-US\",\"potentialAction\":[{\"@type\":\"ReadAction\",\"target\":[\"https:\/\/toptancantalar.com\/product\/kadin-beyaz-kapakli-baget-canta-2\/\"]}]},{\"@type\":\"ImageObject\",\"inLanguage\":\"en-US\",\"@id\":\"https:\/\/toptancantalar.com\/product\/kadin-beyaz-kapakli-baget-canta-2\/#primaryimage\",\"url\":\"https:\/\/toptancantalar.com\/wp-content\/uploads\/2024\/12\/1_org_zoom-76.jpg\",\"contentUrl\":\"https:\/\/toptancantalar.com\/wp-content\/uploads\/2024\/12\/1_org_zoom-76.jpg\",\"width\":1200,\"height\":1800},{\"@type\":\"BreadcrumbList\",\"@id\":\"https:\/\/toptancantalar.com\/product\/kadin-beyaz-kapakli-baget-canta-2\/#breadcrumb\",\"itemListElement\":[{\"@type\":\"ListItem\",\"position\":1,\"name\":\"Anasayfa\",\"item\":\"https:\/\/toptancantalar.com\/\"},{\"@type\":\"ListItem\",\"position\":2,\"name\":\"\u00dcr\u00fcnler\",\"item\":\"https:\/\/toptancantalar.com\/shop\/\"},{\"@type\":\"ListItem\",\"position\":3,\"name\":\"Kad\u0131n Beyaz Kapakl\u0131 Baget \u00c7anta\"}]},{\"@type\":\"WebSite\",\"@id\":\"https:\/\/toptancantalar.com\/#website\",\"url\":\"https:\/\/toptancantalar.com\/\",\"name\":\"Toptan \u00c7antalar\",\"description\":\"Arad\u0131\u011f\u0131n T\u00fcm \u00c7antalar, Toptan \u00c7antalar &#039;da\",\"potentialAction\":[{\"@type\":\"SearchAction\",\"target\":{\"@type\":\"EntryPoint\",\"urlTemplate\":\"https:\/\/toptancantalar.com\/?s={search_term_string}\"},\"query-input\":{\"@type\":\"PropertyValueSpecification\",\"valueRequired\":true,\"valueName\":\"search_term_string\"}}],\"inLanguage\":\"en-US\"}]}<\/script>\n<!-- \/ Yoast SEO plugin. -->","yoast_head_json":{"title":"Kad\u0131n Beyaz Kapakl\u0131 Baget \u00c7anta - Toptan \u00c7antalar","robots":{"index":"index","follow":"follow","max-snippet":"max-snippet:-1","max-image-preview":"max-image-preview:large","max-video-preview":"max-video-preview:-1"},"canonical":"https:\/\/toptancantalar.com\/en\/product\/kadin-beyaz-kapakli-baget-canta-2\/","og_locale":"en_US","og_type":"article","og_title":"Kad\u0131n Beyaz Kapakl\u0131 Baget \u00c7anta - Toptan \u00c7antalar","og_description":"G\u00fcnl\u00fck kullan\u0131m i\u00e7in ideal, casual tarz\u0131yla her ortama uyum sa\u011flayan beyaz kapakl\u0131 baget \u00e7anta; Suni deriden \u00fcretilmi\u015f olup, dayan\u0131kl\u0131l\u0131\u011f\u0131 ve \u015f\u0131k g\u00f6r\u00fcn\u00fcm\u00fc ile dikkat \u00e7eker; %100 suni deriden olu\u015fan materyal bile\u015feni sayesinde uzun \u00f6m\u00fcrl\u00fc kullan\u0131m sunar; Design koleksiyonuna ait bu \u00e7anta, modern ve \u00f6zg\u00fcn tasar\u0131m\u0131yla stilinizi tamamlar; D\u00fcz deseniyle sade ve \u015f\u0131k bir g\u00f6r\u00fcn\u00fcm sergiler; her t\u00fcrl\u00fc k\u0131yafetle kolayca kombinlenebilir; T\u00fcm ya\u015f gruplar\u0131na hitap eden geni\u015f kullan\u0131c\u0131 yelpazesi ile herkes i\u00e7in uygundur; \u0130mitasyon deri kalitesiyle ger\u00e7ek derinin esteti\u011fini ekonomik bir alternatif olarak sunar; Type 4 y\u0131kama talimat\u0131na uygun \u015fekilde temizlenmesi pratiklik sa\u011flar; b\u00f6ylece \u00e7antan\u0131z\u0131n bak\u0131m\u0131n\u0131 kolayca yapabilirsiniz; Dokuma kuma\u015f tipi sayesinde dayan\u0131kl\u0131l\u0131k ve konforu bir arada sunar;","og_url":"https:\/\/toptancantalar.com\/en\/product\/kadin-beyaz-kapakli-baget-canta-2\/","og_site_name":"Toptan \u00c7antalar","article_modified_time":"2025-10-03T13:16:17+00:00","og_image":[{"width":1200,"height":1800,"url":"https:\/\/toptancantalar.com\/wp-content\/uploads\/2024\/12\/1_org_zoom-76.jpg","type":"image\/jpeg"}],"twitter_card":"summary_large_image","twitter_misc":{"Est. reading time":"1 minute"},"schema":{"@context":"https:\/\/schema.org","@graph":[{"@type":"WebPage","@id":"https:\/\/toptancantalar.com\/product\/kadin-beyaz-kapakli-baget-canta-2\/","url":"https:\/\/toptancantalar.com\/product\/kadin-beyaz-kapakli-baget-canta-2\/","name":"Kad\u0131n Beyaz Kapakl\u0131 Baget \u00c7anta - Toptan \u00c7antalar","isPartOf":{"@id":"https:\/\/toptancantalar.com\/#website"},"primaryImageOfPage":{"@id":"https:\/\/toptancantalar.com\/product\/kadin-beyaz-kapakli-baget-canta-2\/#primaryimage"},"image":{"@id":"https:\/\/toptancantalar.com\/product\/kadin-beyaz-kapakli-baget-canta-2\/#primaryimage"},"thumbnailUrl":"https:\/\/toptancantalar.com\/wp-content\/uploads\/2024\/12\/1_org_zoom-76.jpg","datePublished":"2024-12-27T19:22:14+00:00","dateModified":"2025-10-03T13:16:17+00:00","breadcrumb":{"@id":"https:\/\/toptancantalar.com\/product\/kadin-beyaz-kapakli-baget-canta-2\/#breadcrumb"},"inLanguage":"en-US","potentialAction":[{"@type":"ReadAction","target":["https:\/\/toptancantalar.com\/product\/kadin-beyaz-kapakli-baget-canta-2\/"]}]},{"@type":"ImageObject","inLanguage":"en-US","@id":"https:\/\/toptancantalar.com\/product\/kadin-beyaz-kapakli-baget-canta-2\/#primaryimage","url":"https:\/\/toptancantalar.com\/wp-content\/uploads\/2024\/12\/1_org_zoom-76.jpg","contentUrl":"https:\/\/toptancantalar.com\/wp-content\/uploads\/2024\/12\/1_org_zoom-76.jpg","width":1200,"height":1800},{"@type":"BreadcrumbList","@id":"https:\/\/toptancantalar.com\/product\/kadin-beyaz-kapakli-baget-canta-2\/#breadcrumb","itemListElement":[{"@type":"ListItem","position":1,"name":"Anasayfa","item":"https:\/\/toptancantalar.com\/"},{"@type":"ListItem","position":2,"name":"\u00dcr\u00fcnler","item":"https:\/\/toptancantalar.com\/shop\/"},{"@type":"ListItem","position":3,"name":"Kad\u0131n Beyaz Kapakl\u0131 Baget \u00c7anta"}]},{"@type":"WebSite","@id":"https:\/\/toptancantalar.com\/#website","url":"https:\/\/toptancantalar.com\/","name":"Toptan \u00c7antalar","description":"Arad\u0131\u011f\u0131n T\u00fcm \u00c7antalar, Toptan \u00c7antalar &#039;da","potentialAction":[{"@type":"SearchAction","target":{"@type":"EntryPoint","urlTemplate":"https:\/\/toptancantalar.com\/?s={search_term_string}"},"query-input":{"@type":"PropertyValueSpecification","valueRequired":true,"valueName":"search_term_string"}}],"inLanguage":"en-US"}]}},"_links":{"self":[{"href":"https:\/\/toptancantalar.com\/en\/wp-json\/wp\/v2\/product\/9104","targetHints":{"allow":["GET"]}}],"collection":[{"href":"https:\/\/toptancantalar.com\/en\/wp-json\/wp\/v2\/product"}],"about":[{"href":"https:\/\/toptancantalar.com\/en\/wp-json\/wp\/v2\/types\/product"}],"wp:featuredmedia":[{"embeddable":true,"href":"https:\/\/toptancantalar.com\/en\/wp-json\/wp\/v2\/media\/9105"}],"wp:attachment":[{"href":"https:\/\/toptancantalar.com\/en\/wp-json\/wp\/v2\/media?parent=9104"}],"wp:term":[{"taxonomy":"product_cat","embeddable":true,"href":"https:\/\/toptancantalar.com\/en\/wp-json\/wp\/v2\/product_cat?post=9104"},{"taxonomy":"product_tag","embeddable":true,"href":"https:\/\/toptancantalar.com\/en\/wp-json\/wp\/v2\/product_tag?post=9104"}],"curies":[{"name":"wp","href":"https:\/\/api.w.org\/{rel}","templated":true}]}}