{"id":9052,"date":"2024-12-27T22:20:28","date_gmt":"2024-12-27T19:20:28","guid":{"rendered":"https:\/\/toptancantalar.com\/?post_type=product&#038;p=9052"},"modified":"2025-10-03T16:17:26","modified_gmt":"2025-10-03T13:17:26","slug":"vizon-trend-dokulu-deri-ici-suet-citcit-ve-fermuar-kapama-ic-bolme-orta-boy","status":"publish","type":"product","link":"https:\/\/toptancantalar.com\/en\/product\/vizon-trend-dokulu-deri-ici-suet-citcit-ve-fermuar-kapama-ic-bolme-orta-boy\/","title":{"rendered":"Vizon Trend Dokulu Deri I\u00e7i S\u00fcet \u00c7\u0131t\u00e7\u0131t Ve Fermuar Kapama I\u00e7 B\u00f6lme Orta Boy"},"content":{"rendered":"<p>%100 suni deriden \u00fcretilmi\u015f olup, dayan\u0131kl\u0131l\u0131\u011f\u0131 ve \u015f\u0131k g\u00f6r\u00fcn\u00fcm\u00fc ile dikkat \u00e7eker; Basic koleksiyonun bir par\u00e7as\u0131 olarak, zamans\u0131z tasar\u0131m\u0131yla her ortama uyum sa\u011flar; \u0130mitasyon deri kullan\u0131m\u0131 sayesinde hayvan dostu bir se\u00e7enek sunar ve etik bir tercih olana\u011f\u0131 sa\u011flar; Type4 y\u0131kama talimat\u0131na uygun \u015fekilde temizlenmesi kolayd\u0131r ve uzun \u00f6m\u00fcrl\u00fc kullan\u0131m i\u00e7in idealdir; Dokuma kuma\u015f tipi, \u00fcr\u00fcn\u00fcn formunu korumas\u0131na yard\u0131mc\u0131 olurken ayn\u0131 zamanda konforlu bir ta\u015f\u0131ma deneyimi sunar; G\u00fcnd\u00fczden geceye her ortamda rahatl\u0131kla kullan\u0131labilen \u00e7ok y\u00f6nl\u00fcl\u00fckte tasarlanm\u0131\u015ft\u0131r; D\u00fcz deseniyle sade ve \u015f\u0131k bir g\u00f6r\u00fcn\u00fcm sergiler; aksesuar olarak da kolayca kombinlenebilir; Suni deri detaylar\u0131 ile zenginle\u015ftirilmi\u015f \u00fcr\u00fcn detaylar\u0131, estetik ve fonksiyonelli\u011fi bir arada sunar; T\u00fcm ya\u015f gruplar\u0131na hitap eden geni\u015f kullan\u0131c\u0131 yelpazesiyle herkes i\u00e7in uygun bir aksesuar se\u00e7ene\u011fi olu\u015fturur;<\/p>","protected":false},"excerpt":{"rendered":"<p>%100 suni deriden \u00fcretilmi\u015f olup, dayan\u0131kl\u0131l\u0131\u011f\u0131 ve \u015f\u0131k g\u00f6r\u00fcn\u00fcm\u00fc ile dikkat \u00e7eker; Basic koleksiyonun bir par\u00e7as\u0131 olarak, zamans\u0131z tasar\u0131m\u0131yla her ortama uyum sa\u011flar; \u0130mitasyon deri kullan\u0131m\u0131 sayesinde hayvan dostu bir se\u00e7enek sunar ve etik bir tercih olana\u011f\u0131 sa\u011flar; Type4 y\u0131kama talimat\u0131na uygun \u015fekilde temizlenmesi kolayd\u0131r ve uzun \u00f6m\u00fcrl\u00fc kullan\u0131m i\u00e7in idealdir; Dokuma kuma\u015f tipi, \u00fcr\u00fcn\u00fcn formunu korumas\u0131na yard\u0131mc\u0131 olurken ayn\u0131 zamanda konforlu bir ta\u015f\u0131ma deneyimi sunar; G\u00fcnd\u00fczden geceye her ortamda rahatl\u0131kla kullan\u0131labilen \u00e7ok y\u00f6nl\u00fcl\u00fckte tasarlanm\u0131\u015ft\u0131r; D\u00fcz deseniyle sade ve \u015f\u0131k bir g\u00f6r\u00fcn\u00fcm sergiler; aksesuar olarak da kolayca kombinlenebilir; Suni deri detaylar\u0131 ile zenginle\u015ftirilmi\u015f \u00fcr\u00fcn detaylar\u0131, estetik ve fonksiyonelli\u011fi bir arada sunar; T\u00fcm ya\u015f gruplar\u0131na hitap eden geni\u015f kullan\u0131c\u0131 yelpazesiyle herkes i\u00e7in uygun bir aksesuar se\u00e7ene\u011fi olu\u015fturur;<\/p>","protected":false},"featured_media":9053,"template":"","meta":[],"product_cat":[105,109],"product_tag":[],"class_list":{"0":"post-9052","1":"product","2":"type-product","3":"status-publish","4":"has-post-thumbnail","6":"product_cat-tum-toptan-cantalar-uygun-fiyatli-toptan-canta-modelleri","7":"product_cat-toptan-omuz-cantasi","10":"instock","11":"taxable","12":"shipping-taxable","13":"purchasable","14":"product-type-simple"},"yoast_head":"<!-- This site is optimized with the Yoast SEO plugin v25.5 - https:\/\/yoast.com\/wordpress\/plugins\/seo\/ -->\n<title>Vizon Trend Dokulu Deri I\u00e7i S\u00fcet \u00c7\u0131t\u00e7\u0131t Ve Fermuar Kapama I\u00e7 B\u00f6lme Orta Boy - Toptan \u00c7antalar<\/title>\n<meta name=\"robots\" content=\"index, follow, max-snippet:-1, max-image-preview:large, max-video-preview:-1\" \/>\n<link rel=\"canonical\" href=\"https:\/\/toptancantalar.com\/en\/product\/vizon-trend-dokulu-deri-ici-suet-citcit-ve-fermuar-kapama-ic-bolme-orta-boy\/\" \/>\n<meta property=\"og:locale\" content=\"en_US\" \/>\n<meta property=\"og:type\" content=\"article\" \/>\n<meta property=\"og:title\" content=\"Vizon Trend Dokulu Deri I\u00e7i S\u00fcet \u00c7\u0131t\u00e7\u0131t Ve Fermuar Kapama I\u00e7 B\u00f6lme Orta Boy - Toptan \u00c7antalar\" \/>\n<meta property=\"og:description\" content=\"%100 suni deriden \u00fcretilmi\u015f olup, dayan\u0131kl\u0131l\u0131\u011f\u0131 ve \u015f\u0131k g\u00f6r\u00fcn\u00fcm\u00fc ile dikkat \u00e7eker; Basic koleksiyonun bir par\u00e7as\u0131 olarak, zamans\u0131z tasar\u0131m\u0131yla her ortama uyum sa\u011flar; \u0130mitasyon deri kullan\u0131m\u0131 sayesinde hayvan dostu bir se\u00e7enek sunar ve etik bir tercih olana\u011f\u0131 sa\u011flar; Type4 y\u0131kama talimat\u0131na uygun \u015fekilde temizlenmesi kolayd\u0131r ve uzun \u00f6m\u00fcrl\u00fc kullan\u0131m i\u00e7in idealdir; Dokuma kuma\u015f tipi, \u00fcr\u00fcn\u00fcn formunu korumas\u0131na yard\u0131mc\u0131 olurken ayn\u0131 zamanda konforlu bir ta\u015f\u0131ma deneyimi sunar; G\u00fcnd\u00fczden geceye her ortamda rahatl\u0131kla kullan\u0131labilen \u00e7ok y\u00f6nl\u00fcl\u00fckte tasarlanm\u0131\u015ft\u0131r; D\u00fcz deseniyle sade ve \u015f\u0131k bir g\u00f6r\u00fcn\u00fcm sergiler; aksesuar olarak da kolayca kombinlenebilir; Suni deri detaylar\u0131 ile zenginle\u015ftirilmi\u015f \u00fcr\u00fcn detaylar\u0131, estetik ve fonksiyonelli\u011fi bir arada sunar; T\u00fcm ya\u015f gruplar\u0131na hitap eden geni\u015f kullan\u0131c\u0131 yelpazesiyle herkes i\u00e7in uygun bir aksesuar se\u00e7ene\u011fi olu\u015fturur;\" \/>\n<meta property=\"og:url\" content=\"https:\/\/toptancantalar.com\/en\/product\/vizon-trend-dokulu-deri-ici-suet-citcit-ve-fermuar-kapama-ic-bolme-orta-boy\/\" \/>\n<meta property=\"og:site_name\" content=\"Toptan \u00c7antalar\" \/>\n<meta property=\"article:modified_time\" content=\"2025-10-03T13:17:26+00:00\" \/>\n<meta property=\"og:image\" content=\"https:\/\/toptancantalar.com\/wp-content\/uploads\/2024\/12\/1_org_zoom-53.jpg\" \/>\n\t<meta property=\"og:image:width\" content=\"1200\" \/>\n\t<meta property=\"og:image:height\" content=\"1800\" \/>\n\t<meta property=\"og:image:type\" content=\"image\/jpeg\" \/>\n<meta name=\"twitter:card\" content=\"summary_large_image\" \/>\n<meta name=\"twitter:label1\" content=\"Est. reading time\" \/>\n\t<meta name=\"twitter:data1\" content=\"1 minute\" \/>\n<script type=\"application\/ld+json\" class=\"yoast-schema-graph\">{\"@context\":\"https:\/\/schema.org\",\"@graph\":[{\"@type\":\"WebPage\",\"@id\":\"https:\/\/toptancantalar.com\/product\/vizon-trend-dokulu-deri-ici-suet-citcit-ve-fermuar-kapama-ic-bolme-orta-boy\/\",\"url\":\"https:\/\/toptancantalar.com\/product\/vizon-trend-dokulu-deri-ici-suet-citcit-ve-fermuar-kapama-ic-bolme-orta-boy\/\",\"name\":\"Vizon Trend Dokulu Deri I\u00e7i S\u00fcet \u00c7\u0131t\u00e7\u0131t Ve Fermuar Kapama I\u00e7 B\u00f6lme Orta Boy - Toptan \u00c7antalar\",\"isPartOf\":{\"@id\":\"https:\/\/toptancantalar.com\/#website\"},\"primaryImageOfPage\":{\"@id\":\"https:\/\/toptancantalar.com\/product\/vizon-trend-dokulu-deri-ici-suet-citcit-ve-fermuar-kapama-ic-bolme-orta-boy\/#primaryimage\"},\"image\":{\"@id\":\"https:\/\/toptancantalar.com\/product\/vizon-trend-dokulu-deri-ici-suet-citcit-ve-fermuar-kapama-ic-bolme-orta-boy\/#primaryimage\"},\"thumbnailUrl\":\"https:\/\/toptancantalar.com\/wp-content\/uploads\/2024\/12\/1_org_zoom-53.jpg\",\"datePublished\":\"2024-12-27T19:20:28+00:00\",\"dateModified\":\"2025-10-03T13:17:26+00:00\",\"breadcrumb\":{\"@id\":\"https:\/\/toptancantalar.com\/product\/vizon-trend-dokulu-deri-ici-suet-citcit-ve-fermuar-kapama-ic-bolme-orta-boy\/#breadcrumb\"},\"inLanguage\":\"en-US\",\"potentialAction\":[{\"@type\":\"ReadAction\",\"target\":[\"https:\/\/toptancantalar.com\/product\/vizon-trend-dokulu-deri-ici-suet-citcit-ve-fermuar-kapama-ic-bolme-orta-boy\/\"]}]},{\"@type\":\"ImageObject\",\"inLanguage\":\"en-US\",\"@id\":\"https:\/\/toptancantalar.com\/product\/vizon-trend-dokulu-deri-ici-suet-citcit-ve-fermuar-kapama-ic-bolme-orta-boy\/#primaryimage\",\"url\":\"https:\/\/toptancantalar.com\/wp-content\/uploads\/2024\/12\/1_org_zoom-53.jpg\",\"contentUrl\":\"https:\/\/toptancantalar.com\/wp-content\/uploads\/2024\/12\/1_org_zoom-53.jpg\",\"width\":1200,\"height\":1800},{\"@type\":\"BreadcrumbList\",\"@id\":\"https:\/\/toptancantalar.com\/product\/vizon-trend-dokulu-deri-ici-suet-citcit-ve-fermuar-kapama-ic-bolme-orta-boy\/#breadcrumb\",\"itemListElement\":[{\"@type\":\"ListItem\",\"position\":1,\"name\":\"Anasayfa\",\"item\":\"https:\/\/toptancantalar.com\/\"},{\"@type\":\"ListItem\",\"position\":2,\"name\":\"\u00dcr\u00fcnler\",\"item\":\"https:\/\/toptancantalar.com\/shop\/\"},{\"@type\":\"ListItem\",\"position\":3,\"name\":\"Vizon Trend Dokulu Deri I\u00e7i S\u00fcet \u00c7\u0131t\u00e7\u0131t Ve Fermuar Kapama I\u00e7 B\u00f6lme Orta Boy\"}]},{\"@type\":\"WebSite\",\"@id\":\"https:\/\/toptancantalar.com\/#website\",\"url\":\"https:\/\/toptancantalar.com\/\",\"name\":\"Toptan \u00c7antalar\",\"description\":\"Arad\u0131\u011f\u0131n T\u00fcm \u00c7antalar, Toptan \u00c7antalar &#039;da\",\"potentialAction\":[{\"@type\":\"SearchAction\",\"target\":{\"@type\":\"EntryPoint\",\"urlTemplate\":\"https:\/\/toptancantalar.com\/?s={search_term_string}\"},\"query-input\":{\"@type\":\"PropertyValueSpecification\",\"valueRequired\":true,\"valueName\":\"search_term_string\"}}],\"inLanguage\":\"en-US\"}]}<\/script>\n<!-- \/ Yoast SEO plugin. -->","yoast_head_json":{"title":"Vizon Trend Dokulu Deri I\u00e7i S\u00fcet \u00c7\u0131t\u00e7\u0131t Ve Fermuar Kapama I\u00e7 B\u00f6lme Orta Boy - Toptan \u00c7antalar","robots":{"index":"index","follow":"follow","max-snippet":"max-snippet:-1","max-image-preview":"max-image-preview:large","max-video-preview":"max-video-preview:-1"},"canonical":"https:\/\/toptancantalar.com\/en\/product\/vizon-trend-dokulu-deri-ici-suet-citcit-ve-fermuar-kapama-ic-bolme-orta-boy\/","og_locale":"en_US","og_type":"article","og_title":"Vizon Trend Dokulu Deri I\u00e7i S\u00fcet \u00c7\u0131t\u00e7\u0131t Ve Fermuar Kapama I\u00e7 B\u00f6lme Orta Boy - Toptan \u00c7antalar","og_description":"%100 suni deriden \u00fcretilmi\u015f olup, dayan\u0131kl\u0131l\u0131\u011f\u0131 ve \u015f\u0131k g\u00f6r\u00fcn\u00fcm\u00fc ile dikkat \u00e7eker; Basic koleksiyonun bir par\u00e7as\u0131 olarak, zamans\u0131z tasar\u0131m\u0131yla her ortama uyum sa\u011flar; \u0130mitasyon deri kullan\u0131m\u0131 sayesinde hayvan dostu bir se\u00e7enek sunar ve etik bir tercih olana\u011f\u0131 sa\u011flar; Type4 y\u0131kama talimat\u0131na uygun \u015fekilde temizlenmesi kolayd\u0131r ve uzun \u00f6m\u00fcrl\u00fc kullan\u0131m i\u00e7in idealdir; Dokuma kuma\u015f tipi, \u00fcr\u00fcn\u00fcn formunu korumas\u0131na yard\u0131mc\u0131 olurken ayn\u0131 zamanda konforlu bir ta\u015f\u0131ma deneyimi sunar; G\u00fcnd\u00fczden geceye her ortamda rahatl\u0131kla kullan\u0131labilen \u00e7ok y\u00f6nl\u00fcl\u00fckte tasarlanm\u0131\u015ft\u0131r; D\u00fcz deseniyle sade ve \u015f\u0131k bir g\u00f6r\u00fcn\u00fcm sergiler; aksesuar olarak da kolayca kombinlenebilir; Suni deri detaylar\u0131 ile zenginle\u015ftirilmi\u015f \u00fcr\u00fcn detaylar\u0131, estetik ve fonksiyonelli\u011fi bir arada sunar; T\u00fcm ya\u015f gruplar\u0131na hitap eden geni\u015f kullan\u0131c\u0131 yelpazesiyle herkes i\u00e7in uygun bir aksesuar se\u00e7ene\u011fi olu\u015fturur;","og_url":"https:\/\/toptancantalar.com\/en\/product\/vizon-trend-dokulu-deri-ici-suet-citcit-ve-fermuar-kapama-ic-bolme-orta-boy\/","og_site_name":"Toptan \u00c7antalar","article_modified_time":"2025-10-03T13:17:26+00:00","og_image":[{"width":1200,"height":1800,"url":"https:\/\/toptancantalar.com\/wp-content\/uploads\/2024\/12\/1_org_zoom-53.jpg","type":"image\/jpeg"}],"twitter_card":"summary_large_image","twitter_misc":{"Est. reading time":"1 minute"},"schema":{"@context":"https:\/\/schema.org","@graph":[{"@type":"WebPage","@id":"https:\/\/toptancantalar.com\/product\/vizon-trend-dokulu-deri-ici-suet-citcit-ve-fermuar-kapama-ic-bolme-orta-boy\/","url":"https:\/\/toptancantalar.com\/product\/vizon-trend-dokulu-deri-ici-suet-citcit-ve-fermuar-kapama-ic-bolme-orta-boy\/","name":"Vizon Trend Dokulu Deri I\u00e7i S\u00fcet \u00c7\u0131t\u00e7\u0131t Ve Fermuar Kapama I\u00e7 B\u00f6lme Orta Boy - Toptan \u00c7antalar","isPartOf":{"@id":"https:\/\/toptancantalar.com\/#website"},"primaryImageOfPage":{"@id":"https:\/\/toptancantalar.com\/product\/vizon-trend-dokulu-deri-ici-suet-citcit-ve-fermuar-kapama-ic-bolme-orta-boy\/#primaryimage"},"image":{"@id":"https:\/\/toptancantalar.com\/product\/vizon-trend-dokulu-deri-ici-suet-citcit-ve-fermuar-kapama-ic-bolme-orta-boy\/#primaryimage"},"thumbnailUrl":"https:\/\/toptancantalar.com\/wp-content\/uploads\/2024\/12\/1_org_zoom-53.jpg","datePublished":"2024-12-27T19:20:28+00:00","dateModified":"2025-10-03T13:17:26+00:00","breadcrumb":{"@id":"https:\/\/toptancantalar.com\/product\/vizon-trend-dokulu-deri-ici-suet-citcit-ve-fermuar-kapama-ic-bolme-orta-boy\/#breadcrumb"},"inLanguage":"en-US","potentialAction":[{"@type":"ReadAction","target":["https:\/\/toptancantalar.com\/product\/vizon-trend-dokulu-deri-ici-suet-citcit-ve-fermuar-kapama-ic-bolme-orta-boy\/"]}]},{"@type":"ImageObject","inLanguage":"en-US","@id":"https:\/\/toptancantalar.com\/product\/vizon-trend-dokulu-deri-ici-suet-citcit-ve-fermuar-kapama-ic-bolme-orta-boy\/#primaryimage","url":"https:\/\/toptancantalar.com\/wp-content\/uploads\/2024\/12\/1_org_zoom-53.jpg","contentUrl":"https:\/\/toptancantalar.com\/wp-content\/uploads\/2024\/12\/1_org_zoom-53.jpg","width":1200,"height":1800},{"@type":"BreadcrumbList","@id":"https:\/\/toptancantalar.com\/product\/vizon-trend-dokulu-deri-ici-suet-citcit-ve-fermuar-kapama-ic-bolme-orta-boy\/#breadcrumb","itemListElement":[{"@type":"ListItem","position":1,"name":"Anasayfa","item":"https:\/\/toptancantalar.com\/"},{"@type":"ListItem","position":2,"name":"\u00dcr\u00fcnler","item":"https:\/\/toptancantalar.com\/shop\/"},{"@type":"ListItem","position":3,"name":"Vizon Trend Dokulu Deri I\u00e7i S\u00fcet \u00c7\u0131t\u00e7\u0131t Ve Fermuar Kapama I\u00e7 B\u00f6lme Orta Boy"}]},{"@type":"WebSite","@id":"https:\/\/toptancantalar.com\/#website","url":"https:\/\/toptancantalar.com\/","name":"Toptan \u00c7antalar","description":"Arad\u0131\u011f\u0131n T\u00fcm \u00c7antalar, Toptan \u00c7antalar &#039;da","potentialAction":[{"@type":"SearchAction","target":{"@type":"EntryPoint","urlTemplate":"https:\/\/toptancantalar.com\/?s={search_term_string}"},"query-input":{"@type":"PropertyValueSpecification","valueRequired":true,"valueName":"search_term_string"}}],"inLanguage":"en-US"}]}},"_links":{"self":[{"href":"https:\/\/toptancantalar.com\/en\/wp-json\/wp\/v2\/product\/9052","targetHints":{"allow":["GET"]}}],"collection":[{"href":"https:\/\/toptancantalar.com\/en\/wp-json\/wp\/v2\/product"}],"about":[{"href":"https:\/\/toptancantalar.com\/en\/wp-json\/wp\/v2\/types\/product"}],"wp:featuredmedia":[{"embeddable":true,"href":"https:\/\/toptancantalar.com\/en\/wp-json\/wp\/v2\/media\/9053"}],"wp:attachment":[{"href":"https:\/\/toptancantalar.com\/en\/wp-json\/wp\/v2\/media?parent=9052"}],"wp:term":[{"taxonomy":"product_cat","embeddable":true,"href":"https:\/\/toptancantalar.com\/en\/wp-json\/wp\/v2\/product_cat?post=9052"},{"taxonomy":"product_tag","embeddable":true,"href":"https:\/\/toptancantalar.com\/en\/wp-json\/wp\/v2\/product_tag?post=9052"}],"curies":[{"name":"wp","href":"https:\/\/api.w.org\/{rel}","templated":true}]}}