{"id":9031,"date":"2024-12-27T22:19:44","date_gmt":"2024-12-27T19:19:44","guid":{"rendered":"https:\/\/toptancantalar.com\/?post_type=product&#038;p=9031"},"modified":"2025-10-03T16:18:21","modified_gmt":"2025-10-03T13:18:21","slug":"kadin-siyah-fularli-zincir-aksesuarli-yumusak-deri-3-bolmeli-el-kol-ve-omuz-cantasi","status":"publish","type":"product","link":"https:\/\/toptancantalar.com\/en\/product\/kadin-siyah-fularli-zincir-aksesuarli-yumusak-deri-3-bolmeli-el-kol-ve-omuz-cantasi\/","title":{"rendered":"Kad\u0131n Siyah Fularl\u0131 Zincir Aksesuarl\u0131 Yumu\u015fak Deri 3 B\u00f6lmeli El Kol Ve Omuz \u00c7antas\u0131"},"content":{"rendered":"<p>\u00dcR\u00dcN B\u0130LG\u0130LER\u0130, Tamam\u0131 \u00d6zel \u00dcretimdir, \u0130\u015f\u00e7ilik ve Kullan\u0131lan Materyaller Fark\u0131m\u0131z\u0131 Yans\u0131t\u0131r; | Kad\u0131n Fularl\u0131 Zincir Aksesuarl\u0131 Yumu\u015fak Deri 3 B\u00f6lmeli EL Ve Omuz \u00c7antas\u0131; En 25, Y\u00fckseklik 19, Alt Taban Geni\u015fli\u011fi 11, Fularl\u0131 Zincir El Ask\u0131s\u0131 44 cm; Ayarlanabilir Deri Omuz Ask\u0131 Uzunluk 120 cm; Fularl\u0131 modellerde ayn\u0131 kaliteye sahip fular farkl\u0131l\u0131klar\u0131 olabilir, bunun nedeni s\u00fcrekli \u00fcretilen modellerde ayn\u0131 desenli fularlar\u0131n bulunmas\u0131 m\u00fcmk\u00fcn de\u011fildir; \u00c7anta pantone rengine uygun, ayn\u0131 kalitede fular farkl\u0131l\u0131klar\u0131 do\u011fald\u0131r; Fularlar, ask\u0131s\u0131na sar\u0131l\u0131 \u015fekilde gelmekte ve al\u0131c\u0131s\u0131na ula\u015ft\u0131r\u0131lmaktad\u0131r; ;;<\/p>","protected":false},"excerpt":{"rendered":"<p>\u00dcR\u00dcN B\u0130LG\u0130LER\u0130, Tamam\u0131 \u00d6zel \u00dcretimdir, \u0130\u015f\u00e7ilik ve Kullan\u0131lan Materyaller Fark\u0131m\u0131z\u0131 Yans\u0131t\u0131r; | Kad\u0131n Fularl\u0131 Zincir Aksesuarl\u0131 Yumu\u015fak Deri 3 B\u00f6lmeli EL Ve Omuz \u00c7antas\u0131; En 25, Y\u00fckseklik 19, Alt Taban Geni\u015fli\u011fi 11, Fularl\u0131 Zincir El Ask\u0131s\u0131 44 cm; Ayarlanabilir Deri Omuz Ask\u0131 Uzunluk 120 cm; Fularl\u0131 modellerde ayn\u0131 kaliteye sahip fular farkl\u0131l\u0131klar\u0131 olabilir, bunun nedeni s\u00fcrekli \u00fcretilen modellerde ayn\u0131 desenli fularlar\u0131n bulunmas\u0131 m\u00fcmk\u00fcn de\u011fildir; \u00c7anta pantone rengine uygun, ayn\u0131 kalitede fular farkl\u0131l\u0131klar\u0131 do\u011fald\u0131r; Fularlar, ask\u0131s\u0131na sar\u0131l\u0131 \u015fekilde gelmekte ve al\u0131c\u0131s\u0131na ula\u015ft\u0131r\u0131lmaktad\u0131r; ;;<\/p>","protected":false},"featured_media":9032,"template":"","meta":[],"product_cat":[105,109],"product_tag":[],"class_list":{"0":"post-9031","1":"product","2":"type-product","3":"status-publish","4":"has-post-thumbnail","6":"product_cat-tum-toptan-cantalar-uygun-fiyatli-toptan-canta-modelleri","7":"product_cat-toptan-omuz-cantasi","10":"instock","11":"taxable","12":"shipping-taxable","13":"purchasable","14":"product-type-simple"},"yoast_head":"<!-- This site is optimized with the Yoast SEO plugin v25.5 - https:\/\/yoast.com\/wordpress\/plugins\/seo\/ -->\n<title>Kad\u0131n Siyah Fularl\u0131 Zincir Aksesuarl\u0131 Yumu\u015fak Deri 3 B\u00f6lmeli El Kol Ve Omuz \u00c7antas\u0131 - Toptan \u00c7antalar<\/title>\n<meta name=\"robots\" content=\"index, follow, max-snippet:-1, max-image-preview:large, max-video-preview:-1\" \/>\n<link rel=\"canonical\" href=\"https:\/\/toptancantalar.com\/en\/product\/kadin-siyah-fularli-zincir-aksesuarli-yumusak-deri-3-bolmeli-el-kol-ve-omuz-cantasi\/\" \/>\n<meta property=\"og:locale\" content=\"en_US\" \/>\n<meta property=\"og:type\" content=\"article\" \/>\n<meta property=\"og:title\" content=\"Kad\u0131n Siyah Fularl\u0131 Zincir Aksesuarl\u0131 Yumu\u015fak Deri 3 B\u00f6lmeli El Kol Ve Omuz \u00c7antas\u0131 - Toptan \u00c7antalar\" \/>\n<meta property=\"og:description\" content=\"\u00dcR\u00dcN B\u0130LG\u0130LER\u0130, Tamam\u0131 \u00d6zel \u00dcretimdir, \u0130\u015f\u00e7ilik ve Kullan\u0131lan Materyaller Fark\u0131m\u0131z\u0131 Yans\u0131t\u0131r; | Kad\u0131n Fularl\u0131 Zincir Aksesuarl\u0131 Yumu\u015fak Deri 3 B\u00f6lmeli EL Ve Omuz \u00c7antas\u0131; En 25, Y\u00fckseklik 19, Alt Taban Geni\u015fli\u011fi 11, Fularl\u0131 Zincir El Ask\u0131s\u0131 44 cm; Ayarlanabilir Deri Omuz Ask\u0131 Uzunluk 120 cm; Fularl\u0131 modellerde ayn\u0131 kaliteye sahip fular farkl\u0131l\u0131klar\u0131 olabilir, bunun nedeni s\u00fcrekli \u00fcretilen modellerde ayn\u0131 desenli fularlar\u0131n bulunmas\u0131 m\u00fcmk\u00fcn de\u011fildir; \u00c7anta pantone rengine uygun, ayn\u0131 kalitede fular farkl\u0131l\u0131klar\u0131 do\u011fald\u0131r; Fularlar, ask\u0131s\u0131na sar\u0131l\u0131 \u015fekilde gelmekte ve al\u0131c\u0131s\u0131na ula\u015ft\u0131r\u0131lmaktad\u0131r; ;;\" \/>\n<meta property=\"og:url\" content=\"https:\/\/toptancantalar.com\/en\/product\/kadin-siyah-fularli-zincir-aksesuarli-yumusak-deri-3-bolmeli-el-kol-ve-omuz-cantasi\/\" \/>\n<meta property=\"og:site_name\" content=\"Toptan \u00c7antalar\" \/>\n<meta property=\"article:modified_time\" content=\"2025-10-03T13:18:21+00:00\" \/>\n<meta property=\"og:image\" content=\"https:\/\/toptancantalar.com\/wp-content\/uploads\/2024\/12\/1_org_zoom-43.jpg\" \/>\n\t<meta property=\"og:image:width\" content=\"1200\" \/>\n\t<meta property=\"og:image:height\" content=\"1800\" \/>\n\t<meta property=\"og:image:type\" content=\"image\/jpeg\" \/>\n<meta name=\"twitter:card\" content=\"summary_large_image\" \/>\n<meta name=\"twitter:label1\" content=\"Est. reading time\" \/>\n\t<meta name=\"twitter:data1\" content=\"1 minute\" \/>\n<script type=\"application\/ld+json\" class=\"yoast-schema-graph\">{\"@context\":\"https:\/\/schema.org\",\"@graph\":[{\"@type\":\"WebPage\",\"@id\":\"https:\/\/toptancantalar.com\/product\/kadin-siyah-fularli-zincir-aksesuarli-yumusak-deri-3-bolmeli-el-kol-ve-omuz-cantasi\/\",\"url\":\"https:\/\/toptancantalar.com\/product\/kadin-siyah-fularli-zincir-aksesuarli-yumusak-deri-3-bolmeli-el-kol-ve-omuz-cantasi\/\",\"name\":\"Kad\u0131n Siyah Fularl\u0131 Zincir Aksesuarl\u0131 Yumu\u015fak Deri 3 B\u00f6lmeli El Kol Ve Omuz \u00c7antas\u0131 - Toptan \u00c7antalar\",\"isPartOf\":{\"@id\":\"https:\/\/toptancantalar.com\/#website\"},\"primaryImageOfPage\":{\"@id\":\"https:\/\/toptancantalar.com\/product\/kadin-siyah-fularli-zincir-aksesuarli-yumusak-deri-3-bolmeli-el-kol-ve-omuz-cantasi\/#primaryimage\"},\"image\":{\"@id\":\"https:\/\/toptancantalar.com\/product\/kadin-siyah-fularli-zincir-aksesuarli-yumusak-deri-3-bolmeli-el-kol-ve-omuz-cantasi\/#primaryimage\"},\"thumbnailUrl\":\"https:\/\/toptancantalar.com\/wp-content\/uploads\/2024\/12\/1_org_zoom-43.jpg\",\"datePublished\":\"2024-12-27T19:19:44+00:00\",\"dateModified\":\"2025-10-03T13:18:21+00:00\",\"breadcrumb\":{\"@id\":\"https:\/\/toptancantalar.com\/product\/kadin-siyah-fularli-zincir-aksesuarli-yumusak-deri-3-bolmeli-el-kol-ve-omuz-cantasi\/#breadcrumb\"},\"inLanguage\":\"en-US\",\"potentialAction\":[{\"@type\":\"ReadAction\",\"target\":[\"https:\/\/toptancantalar.com\/product\/kadin-siyah-fularli-zincir-aksesuarli-yumusak-deri-3-bolmeli-el-kol-ve-omuz-cantasi\/\"]}]},{\"@type\":\"ImageObject\",\"inLanguage\":\"en-US\",\"@id\":\"https:\/\/toptancantalar.com\/product\/kadin-siyah-fularli-zincir-aksesuarli-yumusak-deri-3-bolmeli-el-kol-ve-omuz-cantasi\/#primaryimage\",\"url\":\"https:\/\/toptancantalar.com\/wp-content\/uploads\/2024\/12\/1_org_zoom-43.jpg\",\"contentUrl\":\"https:\/\/toptancantalar.com\/wp-content\/uploads\/2024\/12\/1_org_zoom-43.jpg\",\"width\":1200,\"height\":1800},{\"@type\":\"BreadcrumbList\",\"@id\":\"https:\/\/toptancantalar.com\/product\/kadin-siyah-fularli-zincir-aksesuarli-yumusak-deri-3-bolmeli-el-kol-ve-omuz-cantasi\/#breadcrumb\",\"itemListElement\":[{\"@type\":\"ListItem\",\"position\":1,\"name\":\"Anasayfa\",\"item\":\"https:\/\/toptancantalar.com\/\"},{\"@type\":\"ListItem\",\"position\":2,\"name\":\"\u00dcr\u00fcnler\",\"item\":\"https:\/\/toptancantalar.com\/shop\/\"},{\"@type\":\"ListItem\",\"position\":3,\"name\":\"Kad\u0131n Siyah Fularl\u0131 Zincir Aksesuarl\u0131 Yumu\u015fak Deri 3 B\u00f6lmeli El Kol Ve Omuz \u00c7antas\u0131\"}]},{\"@type\":\"WebSite\",\"@id\":\"https:\/\/toptancantalar.com\/#website\",\"url\":\"https:\/\/toptancantalar.com\/\",\"name\":\"Toptan \u00c7antalar\",\"description\":\"Arad\u0131\u011f\u0131n T\u00fcm \u00c7antalar, Toptan \u00c7antalar &#039;da\",\"potentialAction\":[{\"@type\":\"SearchAction\",\"target\":{\"@type\":\"EntryPoint\",\"urlTemplate\":\"https:\/\/toptancantalar.com\/?s={search_term_string}\"},\"query-input\":{\"@type\":\"PropertyValueSpecification\",\"valueRequired\":true,\"valueName\":\"search_term_string\"}}],\"inLanguage\":\"en-US\"}]}<\/script>\n<!-- \/ Yoast SEO plugin. -->","yoast_head_json":{"title":"Kad\u0131n Siyah Fularl\u0131 Zincir Aksesuarl\u0131 Yumu\u015fak Deri 3 B\u00f6lmeli El Kol Ve Omuz \u00c7antas\u0131 - Toptan \u00c7antalar","robots":{"index":"index","follow":"follow","max-snippet":"max-snippet:-1","max-image-preview":"max-image-preview:large","max-video-preview":"max-video-preview:-1"},"canonical":"https:\/\/toptancantalar.com\/en\/product\/kadin-siyah-fularli-zincir-aksesuarli-yumusak-deri-3-bolmeli-el-kol-ve-omuz-cantasi\/","og_locale":"en_US","og_type":"article","og_title":"Kad\u0131n Siyah Fularl\u0131 Zincir Aksesuarl\u0131 Yumu\u015fak Deri 3 B\u00f6lmeli El Kol Ve Omuz \u00c7antas\u0131 - Toptan \u00c7antalar","og_description":"\u00dcR\u00dcN B\u0130LG\u0130LER\u0130, Tamam\u0131 \u00d6zel \u00dcretimdir, \u0130\u015f\u00e7ilik ve Kullan\u0131lan Materyaller Fark\u0131m\u0131z\u0131 Yans\u0131t\u0131r; | Kad\u0131n Fularl\u0131 Zincir Aksesuarl\u0131 Yumu\u015fak Deri 3 B\u00f6lmeli EL Ve Omuz \u00c7antas\u0131; En 25, Y\u00fckseklik 19, Alt Taban Geni\u015fli\u011fi 11, Fularl\u0131 Zincir El Ask\u0131s\u0131 44 cm; Ayarlanabilir Deri Omuz Ask\u0131 Uzunluk 120 cm; Fularl\u0131 modellerde ayn\u0131 kaliteye sahip fular farkl\u0131l\u0131klar\u0131 olabilir, bunun nedeni s\u00fcrekli \u00fcretilen modellerde ayn\u0131 desenli fularlar\u0131n bulunmas\u0131 m\u00fcmk\u00fcn de\u011fildir; \u00c7anta pantone rengine uygun, ayn\u0131 kalitede fular farkl\u0131l\u0131klar\u0131 do\u011fald\u0131r; Fularlar, ask\u0131s\u0131na sar\u0131l\u0131 \u015fekilde gelmekte ve al\u0131c\u0131s\u0131na ula\u015ft\u0131r\u0131lmaktad\u0131r; ;;","og_url":"https:\/\/toptancantalar.com\/en\/product\/kadin-siyah-fularli-zincir-aksesuarli-yumusak-deri-3-bolmeli-el-kol-ve-omuz-cantasi\/","og_site_name":"Toptan \u00c7antalar","article_modified_time":"2025-10-03T13:18:21+00:00","og_image":[{"width":1200,"height":1800,"url":"https:\/\/toptancantalar.com\/wp-content\/uploads\/2024\/12\/1_org_zoom-43.jpg","type":"image\/jpeg"}],"twitter_card":"summary_large_image","twitter_misc":{"Est. reading time":"1 minute"},"schema":{"@context":"https:\/\/schema.org","@graph":[{"@type":"WebPage","@id":"https:\/\/toptancantalar.com\/product\/kadin-siyah-fularli-zincir-aksesuarli-yumusak-deri-3-bolmeli-el-kol-ve-omuz-cantasi\/","url":"https:\/\/toptancantalar.com\/product\/kadin-siyah-fularli-zincir-aksesuarli-yumusak-deri-3-bolmeli-el-kol-ve-omuz-cantasi\/","name":"Kad\u0131n Siyah Fularl\u0131 Zincir Aksesuarl\u0131 Yumu\u015fak Deri 3 B\u00f6lmeli El Kol Ve Omuz \u00c7antas\u0131 - Toptan \u00c7antalar","isPartOf":{"@id":"https:\/\/toptancantalar.com\/#website"},"primaryImageOfPage":{"@id":"https:\/\/toptancantalar.com\/product\/kadin-siyah-fularli-zincir-aksesuarli-yumusak-deri-3-bolmeli-el-kol-ve-omuz-cantasi\/#primaryimage"},"image":{"@id":"https:\/\/toptancantalar.com\/product\/kadin-siyah-fularli-zincir-aksesuarli-yumusak-deri-3-bolmeli-el-kol-ve-omuz-cantasi\/#primaryimage"},"thumbnailUrl":"https:\/\/toptancantalar.com\/wp-content\/uploads\/2024\/12\/1_org_zoom-43.jpg","datePublished":"2024-12-27T19:19:44+00:00","dateModified":"2025-10-03T13:18:21+00:00","breadcrumb":{"@id":"https:\/\/toptancantalar.com\/product\/kadin-siyah-fularli-zincir-aksesuarli-yumusak-deri-3-bolmeli-el-kol-ve-omuz-cantasi\/#breadcrumb"},"inLanguage":"en-US","potentialAction":[{"@type":"ReadAction","target":["https:\/\/toptancantalar.com\/product\/kadin-siyah-fularli-zincir-aksesuarli-yumusak-deri-3-bolmeli-el-kol-ve-omuz-cantasi\/"]}]},{"@type":"ImageObject","inLanguage":"en-US","@id":"https:\/\/toptancantalar.com\/product\/kadin-siyah-fularli-zincir-aksesuarli-yumusak-deri-3-bolmeli-el-kol-ve-omuz-cantasi\/#primaryimage","url":"https:\/\/toptancantalar.com\/wp-content\/uploads\/2024\/12\/1_org_zoom-43.jpg","contentUrl":"https:\/\/toptancantalar.com\/wp-content\/uploads\/2024\/12\/1_org_zoom-43.jpg","width":1200,"height":1800},{"@type":"BreadcrumbList","@id":"https:\/\/toptancantalar.com\/product\/kadin-siyah-fularli-zincir-aksesuarli-yumusak-deri-3-bolmeli-el-kol-ve-omuz-cantasi\/#breadcrumb","itemListElement":[{"@type":"ListItem","position":1,"name":"Anasayfa","item":"https:\/\/toptancantalar.com\/"},{"@type":"ListItem","position":2,"name":"\u00dcr\u00fcnler","item":"https:\/\/toptancantalar.com\/shop\/"},{"@type":"ListItem","position":3,"name":"Kad\u0131n Siyah Fularl\u0131 Zincir Aksesuarl\u0131 Yumu\u015fak Deri 3 B\u00f6lmeli El Kol Ve Omuz \u00c7antas\u0131"}]},{"@type":"WebSite","@id":"https:\/\/toptancantalar.com\/#website","url":"https:\/\/toptancantalar.com\/","name":"Toptan \u00c7antalar","description":"Arad\u0131\u011f\u0131n T\u00fcm \u00c7antalar, Toptan \u00c7antalar &#039;da","potentialAction":[{"@type":"SearchAction","target":{"@type":"EntryPoint","urlTemplate":"https:\/\/toptancantalar.com\/?s={search_term_string}"},"query-input":{"@type":"PropertyValueSpecification","valueRequired":true,"valueName":"search_term_string"}}],"inLanguage":"en-US"}]}},"_links":{"self":[{"href":"https:\/\/toptancantalar.com\/en\/wp-json\/wp\/v2\/product\/9031","targetHints":{"allow":["GET"]}}],"collection":[{"href":"https:\/\/toptancantalar.com\/en\/wp-json\/wp\/v2\/product"}],"about":[{"href":"https:\/\/toptancantalar.com\/en\/wp-json\/wp\/v2\/types\/product"}],"wp:featuredmedia":[{"embeddable":true,"href":"https:\/\/toptancantalar.com\/en\/wp-json\/wp\/v2\/media\/9032"}],"wp:attachment":[{"href":"https:\/\/toptancantalar.com\/en\/wp-json\/wp\/v2\/media?parent=9031"}],"wp:term":[{"taxonomy":"product_cat","embeddable":true,"href":"https:\/\/toptancantalar.com\/en\/wp-json\/wp\/v2\/product_cat?post=9031"},{"taxonomy":"product_tag","embeddable":true,"href":"https:\/\/toptancantalar.com\/en\/wp-json\/wp\/v2\/product_tag?post=9031"}],"curies":[{"name":"wp","href":"https:\/\/api.w.org\/{rel}","templated":true}]}}