{"id":9029,"date":"2024-12-27T22:19:40","date_gmt":"2024-12-27T19:19:40","guid":{"rendered":"https:\/\/toptancantalar.com\/?post_type=product&#038;p=9029"},"modified":"2025-10-03T16:18:28","modified_gmt":"2025-10-03T13:18:28","slug":"parlak-bordo-orta-boy-rugan-kadin-omuz-cantasi","status":"publish","type":"product","link":"https:\/\/toptancantalar.com\/en\/product\/parlak-bordo-orta-boy-rugan-kadin-omuz-cantasi\/","title":{"rendered":"Parlak Bordo Orta Boy Rugan Kad\u0131n Omuz \u00c7antas\u0131"},"content":{"rendered":"<p>G\u00fc\u00e7l\u00fc ve zarif bir ifadeyle \u00f6ne \u00e7\u0131k\u0131n! Rugan Desen Omuz \u00c7antas\u0131, \u015f\u0131kl\u0131\u011f\u0131 ve fonksiyonalitesiyle modern kad\u0131n\u0131n vazge\u00e7ilmezi. Rugan deseni, \u00e7antan\u0131n benzersiz ve sofistike bir stil katmas\u0131n\u0131 sa\u011flar. Dayan\u0131kl\u0131 malzemeler ve diki\u015flerle \u00fcretilmi\u015f olan bu \u00e7anta, hem g\u00fcnl\u00fck kullan\u0131ma hem de \u00f6zel g\u00fcnlerde kullan\u0131lmak \u00fczere tasarlanm\u0131\u015ft\u0131r. ; Lacivert rengin asaleti ve rugan desenin zarafetiyle benzersiz tasar\u0131m. ; Kaliteli malzeme ve dayan\u0131kl\u0131 diki\u015flerle uzun \u00f6m\u00fcrl\u00fc kullan\u0131m. ; Geni\u015f i\u00e7 hacim, cep telefonu, c\u00fczdan, anahtar ve makyaj malzemeleri i\u00e7in ideal. ; G\u00fcnl\u00fck kullan\u0131m veya \u00f6zel davetler i\u00e7in m\u00fckemmel bir se\u00e7enek. ; Y\u00fckseklik : 20cm \/ Geni\u015flik: 30cm \/ Sap Ebatlar\u0131: En: 4cm \/ Uzunluk: 60cm ; ;<\/p>","protected":false},"excerpt":{"rendered":"<p>G\u00fc\u00e7l\u00fc ve zarif bir ifadeyle \u00f6ne \u00e7\u0131k\u0131n! Rugan Desen Omuz \u00c7antas\u0131, \u015f\u0131kl\u0131\u011f\u0131 ve fonksiyonalitesiyle modern kad\u0131n\u0131n vazge\u00e7ilmezi. Rugan deseni, \u00e7antan\u0131n benzersiz ve sofistike bir stil katmas\u0131n\u0131 sa\u011flar. Dayan\u0131kl\u0131 malzemeler ve diki\u015flerle \u00fcretilmi\u015f olan bu \u00e7anta, hem g\u00fcnl\u00fck kullan\u0131ma hem de \u00f6zel g\u00fcnlerde kullan\u0131lmak \u00fczere tasarlanm\u0131\u015ft\u0131r. ; Lacivert rengin asaleti ve rugan desenin zarafetiyle benzersiz tasar\u0131m. ; Kaliteli malzeme ve dayan\u0131kl\u0131 diki\u015flerle uzun \u00f6m\u00fcrl\u00fc kullan\u0131m. ; Geni\u015f i\u00e7 hacim, cep telefonu, c\u00fczdan, anahtar ve makyaj malzemeleri i\u00e7in ideal. ; G\u00fcnl\u00fck kullan\u0131m veya \u00f6zel davetler i\u00e7in m\u00fckemmel bir se\u00e7enek. ; Y\u00fckseklik : 20cm \/ Geni\u015flik: 30cm \/ Sap Ebatlar\u0131: En: 4cm \/ Uzunluk: 60cm ; ;<\/p>","protected":false},"featured_media":9030,"template":"","meta":[],"product_cat":[105,109],"product_tag":[],"class_list":{"0":"post-9029","1":"product","2":"type-product","3":"status-publish","4":"has-post-thumbnail","6":"product_cat-tum-toptan-cantalar-uygun-fiyatli-toptan-canta-modelleri","7":"product_cat-toptan-omuz-cantasi","10":"instock","11":"taxable","12":"shipping-taxable","13":"purchasable","14":"product-type-simple"},"yoast_head":"<!-- This site is optimized with the Yoast SEO plugin v25.5 - https:\/\/yoast.com\/wordpress\/plugins\/seo\/ -->\n<title>Parlak Bordo Orta Boy Rugan Kad\u0131n Omuz \u00c7antas\u0131 - Toptan \u00c7antalar<\/title>\n<meta name=\"robots\" content=\"index, follow, max-snippet:-1, max-image-preview:large, max-video-preview:-1\" \/>\n<link rel=\"canonical\" href=\"https:\/\/toptancantalar.com\/en\/product\/parlak-bordo-orta-boy-rugan-kadin-omuz-cantasi\/\" \/>\n<meta property=\"og:locale\" content=\"en_US\" \/>\n<meta property=\"og:type\" content=\"article\" \/>\n<meta property=\"og:title\" content=\"Parlak Bordo Orta Boy Rugan Kad\u0131n Omuz \u00c7antas\u0131 - Toptan \u00c7antalar\" \/>\n<meta property=\"og:description\" content=\"G\u00fc\u00e7l\u00fc ve zarif bir ifadeyle \u00f6ne \u00e7\u0131k\u0131n! Rugan Desen Omuz \u00c7antas\u0131, \u015f\u0131kl\u0131\u011f\u0131 ve fonksiyonalitesiyle modern kad\u0131n\u0131n vazge\u00e7ilmezi. Rugan deseni, \u00e7antan\u0131n benzersiz ve sofistike bir stil katmas\u0131n\u0131 sa\u011flar. Dayan\u0131kl\u0131 malzemeler ve diki\u015flerle \u00fcretilmi\u015f olan bu \u00e7anta, hem g\u00fcnl\u00fck kullan\u0131ma hem de \u00f6zel g\u00fcnlerde kullan\u0131lmak \u00fczere tasarlanm\u0131\u015ft\u0131r. ; Lacivert rengin asaleti ve rugan desenin zarafetiyle benzersiz tasar\u0131m. ; Kaliteli malzeme ve dayan\u0131kl\u0131 diki\u015flerle uzun \u00f6m\u00fcrl\u00fc kullan\u0131m. ; Geni\u015f i\u00e7 hacim, cep telefonu, c\u00fczdan, anahtar ve makyaj malzemeleri i\u00e7in ideal. ; G\u00fcnl\u00fck kullan\u0131m veya \u00f6zel davetler i\u00e7in m\u00fckemmel bir se\u00e7enek. ; Y\u00fckseklik : 20cm \/ Geni\u015flik: 30cm \/ Sap Ebatlar\u0131: En: 4cm \/ Uzunluk: 60cm ; ;\" \/>\n<meta property=\"og:url\" content=\"https:\/\/toptancantalar.com\/en\/product\/parlak-bordo-orta-boy-rugan-kadin-omuz-cantasi\/\" \/>\n<meta property=\"og:site_name\" content=\"Toptan \u00c7antalar\" \/>\n<meta property=\"article:modified_time\" content=\"2025-10-03T13:18:28+00:00\" \/>\n<meta property=\"og:image\" content=\"https:\/\/toptancantalar.com\/wp-content\/uploads\/2024\/12\/1_org_zoom-42.jpg\" \/>\n\t<meta property=\"og:image:width\" content=\"1200\" \/>\n\t<meta property=\"og:image:height\" content=\"1800\" \/>\n\t<meta property=\"og:image:type\" content=\"image\/jpeg\" \/>\n<meta name=\"twitter:card\" content=\"summary_large_image\" \/>\n<meta name=\"twitter:label1\" content=\"Est. reading time\" \/>\n\t<meta name=\"twitter:data1\" content=\"1 minute\" \/>\n<script type=\"application\/ld+json\" class=\"yoast-schema-graph\">{\"@context\":\"https:\/\/schema.org\",\"@graph\":[{\"@type\":\"WebPage\",\"@id\":\"https:\/\/toptancantalar.com\/product\/parlak-bordo-orta-boy-rugan-kadin-omuz-cantasi\/\",\"url\":\"https:\/\/toptancantalar.com\/product\/parlak-bordo-orta-boy-rugan-kadin-omuz-cantasi\/\",\"name\":\"Parlak Bordo Orta Boy Rugan Kad\u0131n Omuz \u00c7antas\u0131 - Toptan \u00c7antalar\",\"isPartOf\":{\"@id\":\"https:\/\/toptancantalar.com\/#website\"},\"primaryImageOfPage\":{\"@id\":\"https:\/\/toptancantalar.com\/product\/parlak-bordo-orta-boy-rugan-kadin-omuz-cantasi\/#primaryimage\"},\"image\":{\"@id\":\"https:\/\/toptancantalar.com\/product\/parlak-bordo-orta-boy-rugan-kadin-omuz-cantasi\/#primaryimage\"},\"thumbnailUrl\":\"https:\/\/toptancantalar.com\/wp-content\/uploads\/2024\/12\/1_org_zoom-42.jpg\",\"datePublished\":\"2024-12-27T19:19:40+00:00\",\"dateModified\":\"2025-10-03T13:18:28+00:00\",\"breadcrumb\":{\"@id\":\"https:\/\/toptancantalar.com\/product\/parlak-bordo-orta-boy-rugan-kadin-omuz-cantasi\/#breadcrumb\"},\"inLanguage\":\"en-US\",\"potentialAction\":[{\"@type\":\"ReadAction\",\"target\":[\"https:\/\/toptancantalar.com\/product\/parlak-bordo-orta-boy-rugan-kadin-omuz-cantasi\/\"]}]},{\"@type\":\"ImageObject\",\"inLanguage\":\"en-US\",\"@id\":\"https:\/\/toptancantalar.com\/product\/parlak-bordo-orta-boy-rugan-kadin-omuz-cantasi\/#primaryimage\",\"url\":\"https:\/\/toptancantalar.com\/wp-content\/uploads\/2024\/12\/1_org_zoom-42.jpg\",\"contentUrl\":\"https:\/\/toptancantalar.com\/wp-content\/uploads\/2024\/12\/1_org_zoom-42.jpg\",\"width\":1200,\"height\":1800},{\"@type\":\"BreadcrumbList\",\"@id\":\"https:\/\/toptancantalar.com\/product\/parlak-bordo-orta-boy-rugan-kadin-omuz-cantasi\/#breadcrumb\",\"itemListElement\":[{\"@type\":\"ListItem\",\"position\":1,\"name\":\"Anasayfa\",\"item\":\"https:\/\/toptancantalar.com\/\"},{\"@type\":\"ListItem\",\"position\":2,\"name\":\"\u00dcr\u00fcnler\",\"item\":\"https:\/\/toptancantalar.com\/shop\/\"},{\"@type\":\"ListItem\",\"position\":3,\"name\":\"Parlak Bordo Orta Boy Rugan Kad\u0131n Omuz \u00c7antas\u0131\"}]},{\"@type\":\"WebSite\",\"@id\":\"https:\/\/toptancantalar.com\/#website\",\"url\":\"https:\/\/toptancantalar.com\/\",\"name\":\"Toptan \u00c7antalar\",\"description\":\"Arad\u0131\u011f\u0131n T\u00fcm \u00c7antalar, Toptan \u00c7antalar &#039;da\",\"potentialAction\":[{\"@type\":\"SearchAction\",\"target\":{\"@type\":\"EntryPoint\",\"urlTemplate\":\"https:\/\/toptancantalar.com\/?s={search_term_string}\"},\"query-input\":{\"@type\":\"PropertyValueSpecification\",\"valueRequired\":true,\"valueName\":\"search_term_string\"}}],\"inLanguage\":\"en-US\"}]}<\/script>\n<!-- \/ Yoast SEO plugin. -->","yoast_head_json":{"title":"Parlak Bordo Orta Boy Rugan Kad\u0131n Omuz \u00c7antas\u0131 - Toptan \u00c7antalar","robots":{"index":"index","follow":"follow","max-snippet":"max-snippet:-1","max-image-preview":"max-image-preview:large","max-video-preview":"max-video-preview:-1"},"canonical":"https:\/\/toptancantalar.com\/en\/product\/parlak-bordo-orta-boy-rugan-kadin-omuz-cantasi\/","og_locale":"en_US","og_type":"article","og_title":"Parlak Bordo Orta Boy Rugan Kad\u0131n Omuz \u00c7antas\u0131 - Toptan \u00c7antalar","og_description":"G\u00fc\u00e7l\u00fc ve zarif bir ifadeyle \u00f6ne \u00e7\u0131k\u0131n! Rugan Desen Omuz \u00c7antas\u0131, \u015f\u0131kl\u0131\u011f\u0131 ve fonksiyonalitesiyle modern kad\u0131n\u0131n vazge\u00e7ilmezi. Rugan deseni, \u00e7antan\u0131n benzersiz ve sofistike bir stil katmas\u0131n\u0131 sa\u011flar. Dayan\u0131kl\u0131 malzemeler ve diki\u015flerle \u00fcretilmi\u015f olan bu \u00e7anta, hem g\u00fcnl\u00fck kullan\u0131ma hem de \u00f6zel g\u00fcnlerde kullan\u0131lmak \u00fczere tasarlanm\u0131\u015ft\u0131r. ; Lacivert rengin asaleti ve rugan desenin zarafetiyle benzersiz tasar\u0131m. ; Kaliteli malzeme ve dayan\u0131kl\u0131 diki\u015flerle uzun \u00f6m\u00fcrl\u00fc kullan\u0131m. ; Geni\u015f i\u00e7 hacim, cep telefonu, c\u00fczdan, anahtar ve makyaj malzemeleri i\u00e7in ideal. ; G\u00fcnl\u00fck kullan\u0131m veya \u00f6zel davetler i\u00e7in m\u00fckemmel bir se\u00e7enek. ; Y\u00fckseklik : 20cm \/ Geni\u015flik: 30cm \/ Sap Ebatlar\u0131: En: 4cm \/ Uzunluk: 60cm ; ;","og_url":"https:\/\/toptancantalar.com\/en\/product\/parlak-bordo-orta-boy-rugan-kadin-omuz-cantasi\/","og_site_name":"Toptan \u00c7antalar","article_modified_time":"2025-10-03T13:18:28+00:00","og_image":[{"width":1200,"height":1800,"url":"https:\/\/toptancantalar.com\/wp-content\/uploads\/2024\/12\/1_org_zoom-42.jpg","type":"image\/jpeg"}],"twitter_card":"summary_large_image","twitter_misc":{"Est. reading time":"1 minute"},"schema":{"@context":"https:\/\/schema.org","@graph":[{"@type":"WebPage","@id":"https:\/\/toptancantalar.com\/product\/parlak-bordo-orta-boy-rugan-kadin-omuz-cantasi\/","url":"https:\/\/toptancantalar.com\/product\/parlak-bordo-orta-boy-rugan-kadin-omuz-cantasi\/","name":"Parlak Bordo Orta Boy Rugan Kad\u0131n Omuz \u00c7antas\u0131 - Toptan \u00c7antalar","isPartOf":{"@id":"https:\/\/toptancantalar.com\/#website"},"primaryImageOfPage":{"@id":"https:\/\/toptancantalar.com\/product\/parlak-bordo-orta-boy-rugan-kadin-omuz-cantasi\/#primaryimage"},"image":{"@id":"https:\/\/toptancantalar.com\/product\/parlak-bordo-orta-boy-rugan-kadin-omuz-cantasi\/#primaryimage"},"thumbnailUrl":"https:\/\/toptancantalar.com\/wp-content\/uploads\/2024\/12\/1_org_zoom-42.jpg","datePublished":"2024-12-27T19:19:40+00:00","dateModified":"2025-10-03T13:18:28+00:00","breadcrumb":{"@id":"https:\/\/toptancantalar.com\/product\/parlak-bordo-orta-boy-rugan-kadin-omuz-cantasi\/#breadcrumb"},"inLanguage":"en-US","potentialAction":[{"@type":"ReadAction","target":["https:\/\/toptancantalar.com\/product\/parlak-bordo-orta-boy-rugan-kadin-omuz-cantasi\/"]}]},{"@type":"ImageObject","inLanguage":"en-US","@id":"https:\/\/toptancantalar.com\/product\/parlak-bordo-orta-boy-rugan-kadin-omuz-cantasi\/#primaryimage","url":"https:\/\/toptancantalar.com\/wp-content\/uploads\/2024\/12\/1_org_zoom-42.jpg","contentUrl":"https:\/\/toptancantalar.com\/wp-content\/uploads\/2024\/12\/1_org_zoom-42.jpg","width":1200,"height":1800},{"@type":"BreadcrumbList","@id":"https:\/\/toptancantalar.com\/product\/parlak-bordo-orta-boy-rugan-kadin-omuz-cantasi\/#breadcrumb","itemListElement":[{"@type":"ListItem","position":1,"name":"Anasayfa","item":"https:\/\/toptancantalar.com\/"},{"@type":"ListItem","position":2,"name":"\u00dcr\u00fcnler","item":"https:\/\/toptancantalar.com\/shop\/"},{"@type":"ListItem","position":3,"name":"Parlak Bordo Orta Boy Rugan Kad\u0131n Omuz \u00c7antas\u0131"}]},{"@type":"WebSite","@id":"https:\/\/toptancantalar.com\/#website","url":"https:\/\/toptancantalar.com\/","name":"Toptan \u00c7antalar","description":"Arad\u0131\u011f\u0131n T\u00fcm \u00c7antalar, Toptan \u00c7antalar &#039;da","potentialAction":[{"@type":"SearchAction","target":{"@type":"EntryPoint","urlTemplate":"https:\/\/toptancantalar.com\/?s={search_term_string}"},"query-input":{"@type":"PropertyValueSpecification","valueRequired":true,"valueName":"search_term_string"}}],"inLanguage":"en-US"}]}},"_links":{"self":[{"href":"https:\/\/toptancantalar.com\/en\/wp-json\/wp\/v2\/product\/9029","targetHints":{"allow":["GET"]}}],"collection":[{"href":"https:\/\/toptancantalar.com\/en\/wp-json\/wp\/v2\/product"}],"about":[{"href":"https:\/\/toptancantalar.com\/en\/wp-json\/wp\/v2\/types\/product"}],"wp:featuredmedia":[{"embeddable":true,"href":"https:\/\/toptancantalar.com\/en\/wp-json\/wp\/v2\/media\/9030"}],"wp:attachment":[{"href":"https:\/\/toptancantalar.com\/en\/wp-json\/wp\/v2\/media?parent=9029"}],"wp:term":[{"taxonomy":"product_cat","embeddable":true,"href":"https:\/\/toptancantalar.com\/en\/wp-json\/wp\/v2\/product_cat?post=9029"},{"taxonomy":"product_tag","embeddable":true,"href":"https:\/\/toptancantalar.com\/en\/wp-json\/wp\/v2\/product_tag?post=9029"}],"curies":[{"name":"wp","href":"https:\/\/api.w.org\/{rel}","templated":true}]}}