{"id":9009,"date":"2024-12-27T22:19:00","date_gmt":"2024-12-27T19:19:00","guid":{"rendered":"https:\/\/toptancantalar.com\/?post_type=product&#038;p=9009"},"modified":"2025-10-03T16:19:17","modified_gmt":"2025-10-03T13:19:17","slug":"kadin-bordo-rugan-omuz-cantasi-14","status":"publish","type":"product","link":"https:\/\/toptancantalar.com\/en\/product\/kadin-bordo-rugan-omuz-cantasi-14\/","title":{"rendered":"Kad\u0131n Bordo Rugan Omuz \u00c7antas\u0131"},"content":{"rendered":"<p>Sade ve \u015f\u0131k tasar\u0131m\u0131yla dikkat \u00e7eken bordo renkli omuz \u00e7antas\u0131, g\u00fcnl\u00fck kullan\u0131ma uygun olarak tasarlanm\u0131\u015ft\u0131r.; Imitasyon deri malzemesi ile hem dayan\u0131kl\u0131l\u0131\u011f\u0131 hem de esteti\u011fi bir arada sunar.; T\u00fcm ya\u015f gruplar\u0131na hitap eden unisex koleksiyonun par\u00e7as\u0131 olan bu \u00e7anta, herkesin gard\u0131robunda yerini alabilecek bir \u00fcr\u00fcnd\u00fcr.; Suni deri detaylar\u0131yla modern ve \u00e7a\u011fda\u015f bir g\u00f6r\u00fcn\u00fcm kazand\u0131r\u0131rken, organik malzemelerle s\u00fcrd\u00fcr\u00fclebilirli\u011fi destekler.; Gen\u00e7lerin enerjisine uyum sa\u011flayacak canl\u0131 bordo rengiyle dikkat \u00e7ekici bir aksesuar se\u00e7ene\u011fi sunar.; Rugan materyal bile\u015feni sayesinde dayan\u0131kl\u0131 yap\u0131s\u0131yla uzun s\u00fcreli kullan\u0131m vaat eder.;<\/p>","protected":false},"excerpt":{"rendered":"<p>Sade ve \u015f\u0131k tasar\u0131m\u0131yla dikkat \u00e7eken bordo renkli omuz \u00e7antas\u0131, g\u00fcnl\u00fck kullan\u0131ma uygun olarak tasarlanm\u0131\u015ft\u0131r.; Imitasyon deri malzemesi ile hem dayan\u0131kl\u0131l\u0131\u011f\u0131 hem de esteti\u011fi bir arada sunar.; T\u00fcm ya\u015f gruplar\u0131na hitap eden unisex koleksiyonun par\u00e7as\u0131 olan bu \u00e7anta, herkesin gard\u0131robunda yerini alabilecek bir \u00fcr\u00fcnd\u00fcr.; Suni deri detaylar\u0131yla modern ve \u00e7a\u011fda\u015f bir g\u00f6r\u00fcn\u00fcm kazand\u0131r\u0131rken, organik malzemelerle s\u00fcrd\u00fcr\u00fclebilirli\u011fi destekler.; Gen\u00e7lerin enerjisine uyum sa\u011flayacak canl\u0131 bordo rengiyle dikkat \u00e7ekici bir aksesuar se\u00e7ene\u011fi sunar.; Rugan materyal bile\u015feni sayesinde dayan\u0131kl\u0131 yap\u0131s\u0131yla uzun s\u00fcreli kullan\u0131m vaat eder.;<\/p>","protected":false},"featured_media":9010,"template":"","meta":[],"product_cat":[105,109],"product_tag":[],"class_list":{"0":"post-9009","1":"product","2":"type-product","3":"status-publish","4":"has-post-thumbnail","6":"product_cat-tum-toptan-cantalar-uygun-fiyatli-toptan-canta-modelleri","7":"product_cat-toptan-omuz-cantasi","10":"instock","11":"taxable","12":"shipping-taxable","13":"purchasable","14":"product-type-simple"},"yoast_head":"<!-- This site is optimized with the Yoast SEO plugin v25.5 - https:\/\/yoast.com\/wordpress\/plugins\/seo\/ -->\n<title>Kad\u0131n Bordo Rugan Omuz \u00c7antas\u0131 - Toptan \u00c7antalar<\/title>\n<meta name=\"robots\" content=\"index, follow, max-snippet:-1, max-image-preview:large, max-video-preview:-1\" \/>\n<link rel=\"canonical\" href=\"https:\/\/toptancantalar.com\/en\/product\/kadin-bordo-rugan-omuz-cantasi-14\/\" \/>\n<meta property=\"og:locale\" content=\"en_US\" \/>\n<meta property=\"og:type\" content=\"article\" \/>\n<meta property=\"og:title\" content=\"Kad\u0131n Bordo Rugan Omuz \u00c7antas\u0131 - Toptan \u00c7antalar\" \/>\n<meta property=\"og:description\" content=\"Sade ve \u015f\u0131k tasar\u0131m\u0131yla dikkat \u00e7eken bordo renkli omuz \u00e7antas\u0131, g\u00fcnl\u00fck kullan\u0131ma uygun olarak tasarlanm\u0131\u015ft\u0131r.; Imitasyon deri malzemesi ile hem dayan\u0131kl\u0131l\u0131\u011f\u0131 hem de esteti\u011fi bir arada sunar.; T\u00fcm ya\u015f gruplar\u0131na hitap eden unisex koleksiyonun par\u00e7as\u0131 olan bu \u00e7anta, herkesin gard\u0131robunda yerini alabilecek bir \u00fcr\u00fcnd\u00fcr.; Suni deri detaylar\u0131yla modern ve \u00e7a\u011fda\u015f bir g\u00f6r\u00fcn\u00fcm kazand\u0131r\u0131rken, organik malzemelerle s\u00fcrd\u00fcr\u00fclebilirli\u011fi destekler.; Gen\u00e7lerin enerjisine uyum sa\u011flayacak canl\u0131 bordo rengiyle dikkat \u00e7ekici bir aksesuar se\u00e7ene\u011fi sunar.; Rugan materyal bile\u015feni sayesinde dayan\u0131kl\u0131 yap\u0131s\u0131yla uzun s\u00fcreli kullan\u0131m vaat eder.;\" \/>\n<meta property=\"og:url\" content=\"https:\/\/toptancantalar.com\/en\/product\/kadin-bordo-rugan-omuz-cantasi-14\/\" \/>\n<meta property=\"og:site_name\" content=\"Toptan \u00c7antalar\" \/>\n<meta property=\"article:modified_time\" content=\"2025-10-03T13:19:17+00:00\" \/>\n<meta property=\"og:image\" content=\"https:\/\/toptancantalar.com\/wp-content\/uploads\/2024\/12\/1_org_zoom-32.jpg\" \/>\n\t<meta property=\"og:image:width\" content=\"1200\" \/>\n\t<meta property=\"og:image:height\" content=\"1800\" \/>\n\t<meta property=\"og:image:type\" content=\"image\/jpeg\" \/>\n<meta name=\"twitter:card\" content=\"summary_large_image\" \/>\n<meta name=\"twitter:label1\" content=\"Est. reading time\" \/>\n\t<meta name=\"twitter:data1\" content=\"1 minute\" \/>\n<script type=\"application\/ld+json\" class=\"yoast-schema-graph\">{\"@context\":\"https:\/\/schema.org\",\"@graph\":[{\"@type\":\"WebPage\",\"@id\":\"https:\/\/toptancantalar.com\/product\/kadin-bordo-rugan-omuz-cantasi-14\/\",\"url\":\"https:\/\/toptancantalar.com\/product\/kadin-bordo-rugan-omuz-cantasi-14\/\",\"name\":\"Kad\u0131n Bordo Rugan Omuz \u00c7antas\u0131 - Toptan \u00c7antalar\",\"isPartOf\":{\"@id\":\"https:\/\/toptancantalar.com\/#website\"},\"primaryImageOfPage\":{\"@id\":\"https:\/\/toptancantalar.com\/product\/kadin-bordo-rugan-omuz-cantasi-14\/#primaryimage\"},\"image\":{\"@id\":\"https:\/\/toptancantalar.com\/product\/kadin-bordo-rugan-omuz-cantasi-14\/#primaryimage\"},\"thumbnailUrl\":\"https:\/\/toptancantalar.com\/wp-content\/uploads\/2024\/12\/1_org_zoom-32.jpg\",\"datePublished\":\"2024-12-27T19:19:00+00:00\",\"dateModified\":\"2025-10-03T13:19:17+00:00\",\"breadcrumb\":{\"@id\":\"https:\/\/toptancantalar.com\/product\/kadin-bordo-rugan-omuz-cantasi-14\/#breadcrumb\"},\"inLanguage\":\"en-US\",\"potentialAction\":[{\"@type\":\"ReadAction\",\"target\":[\"https:\/\/toptancantalar.com\/product\/kadin-bordo-rugan-omuz-cantasi-14\/\"]}]},{\"@type\":\"ImageObject\",\"inLanguage\":\"en-US\",\"@id\":\"https:\/\/toptancantalar.com\/product\/kadin-bordo-rugan-omuz-cantasi-14\/#primaryimage\",\"url\":\"https:\/\/toptancantalar.com\/wp-content\/uploads\/2024\/12\/1_org_zoom-32.jpg\",\"contentUrl\":\"https:\/\/toptancantalar.com\/wp-content\/uploads\/2024\/12\/1_org_zoom-32.jpg\",\"width\":1200,\"height\":1800},{\"@type\":\"BreadcrumbList\",\"@id\":\"https:\/\/toptancantalar.com\/product\/kadin-bordo-rugan-omuz-cantasi-14\/#breadcrumb\",\"itemListElement\":[{\"@type\":\"ListItem\",\"position\":1,\"name\":\"Anasayfa\",\"item\":\"https:\/\/toptancantalar.com\/\"},{\"@type\":\"ListItem\",\"position\":2,\"name\":\"\u00dcr\u00fcnler\",\"item\":\"https:\/\/toptancantalar.com\/shop\/\"},{\"@type\":\"ListItem\",\"position\":3,\"name\":\"Kad\u0131n Bordo Rugan Omuz \u00c7antas\u0131\"}]},{\"@type\":\"WebSite\",\"@id\":\"https:\/\/toptancantalar.com\/#website\",\"url\":\"https:\/\/toptancantalar.com\/\",\"name\":\"Toptan \u00c7antalar\",\"description\":\"Arad\u0131\u011f\u0131n T\u00fcm \u00c7antalar, Toptan \u00c7antalar &#039;da\",\"potentialAction\":[{\"@type\":\"SearchAction\",\"target\":{\"@type\":\"EntryPoint\",\"urlTemplate\":\"https:\/\/toptancantalar.com\/?s={search_term_string}\"},\"query-input\":{\"@type\":\"PropertyValueSpecification\",\"valueRequired\":true,\"valueName\":\"search_term_string\"}}],\"inLanguage\":\"en-US\"}]}<\/script>\n<!-- \/ Yoast SEO plugin. -->","yoast_head_json":{"title":"Kad\u0131n Bordo Rugan Omuz \u00c7antas\u0131 - Toptan \u00c7antalar","robots":{"index":"index","follow":"follow","max-snippet":"max-snippet:-1","max-image-preview":"max-image-preview:large","max-video-preview":"max-video-preview:-1"},"canonical":"https:\/\/toptancantalar.com\/en\/product\/kadin-bordo-rugan-omuz-cantasi-14\/","og_locale":"en_US","og_type":"article","og_title":"Kad\u0131n Bordo Rugan Omuz \u00c7antas\u0131 - Toptan \u00c7antalar","og_description":"Sade ve \u015f\u0131k tasar\u0131m\u0131yla dikkat \u00e7eken bordo renkli omuz \u00e7antas\u0131, g\u00fcnl\u00fck kullan\u0131ma uygun olarak tasarlanm\u0131\u015ft\u0131r.; Imitasyon deri malzemesi ile hem dayan\u0131kl\u0131l\u0131\u011f\u0131 hem de esteti\u011fi bir arada sunar.; T\u00fcm ya\u015f gruplar\u0131na hitap eden unisex koleksiyonun par\u00e7as\u0131 olan bu \u00e7anta, herkesin gard\u0131robunda yerini alabilecek bir \u00fcr\u00fcnd\u00fcr.; Suni deri detaylar\u0131yla modern ve \u00e7a\u011fda\u015f bir g\u00f6r\u00fcn\u00fcm kazand\u0131r\u0131rken, organik malzemelerle s\u00fcrd\u00fcr\u00fclebilirli\u011fi destekler.; Gen\u00e7lerin enerjisine uyum sa\u011flayacak canl\u0131 bordo rengiyle dikkat \u00e7ekici bir aksesuar se\u00e7ene\u011fi sunar.; Rugan materyal bile\u015feni sayesinde dayan\u0131kl\u0131 yap\u0131s\u0131yla uzun s\u00fcreli kullan\u0131m vaat eder.;","og_url":"https:\/\/toptancantalar.com\/en\/product\/kadin-bordo-rugan-omuz-cantasi-14\/","og_site_name":"Toptan \u00c7antalar","article_modified_time":"2025-10-03T13:19:17+00:00","og_image":[{"width":1200,"height":1800,"url":"https:\/\/toptancantalar.com\/wp-content\/uploads\/2024\/12\/1_org_zoom-32.jpg","type":"image\/jpeg"}],"twitter_card":"summary_large_image","twitter_misc":{"Est. reading time":"1 minute"},"schema":{"@context":"https:\/\/schema.org","@graph":[{"@type":"WebPage","@id":"https:\/\/toptancantalar.com\/product\/kadin-bordo-rugan-omuz-cantasi-14\/","url":"https:\/\/toptancantalar.com\/product\/kadin-bordo-rugan-omuz-cantasi-14\/","name":"Kad\u0131n Bordo Rugan Omuz \u00c7antas\u0131 - Toptan \u00c7antalar","isPartOf":{"@id":"https:\/\/toptancantalar.com\/#website"},"primaryImageOfPage":{"@id":"https:\/\/toptancantalar.com\/product\/kadin-bordo-rugan-omuz-cantasi-14\/#primaryimage"},"image":{"@id":"https:\/\/toptancantalar.com\/product\/kadin-bordo-rugan-omuz-cantasi-14\/#primaryimage"},"thumbnailUrl":"https:\/\/toptancantalar.com\/wp-content\/uploads\/2024\/12\/1_org_zoom-32.jpg","datePublished":"2024-12-27T19:19:00+00:00","dateModified":"2025-10-03T13:19:17+00:00","breadcrumb":{"@id":"https:\/\/toptancantalar.com\/product\/kadin-bordo-rugan-omuz-cantasi-14\/#breadcrumb"},"inLanguage":"en-US","potentialAction":[{"@type":"ReadAction","target":["https:\/\/toptancantalar.com\/product\/kadin-bordo-rugan-omuz-cantasi-14\/"]}]},{"@type":"ImageObject","inLanguage":"en-US","@id":"https:\/\/toptancantalar.com\/product\/kadin-bordo-rugan-omuz-cantasi-14\/#primaryimage","url":"https:\/\/toptancantalar.com\/wp-content\/uploads\/2024\/12\/1_org_zoom-32.jpg","contentUrl":"https:\/\/toptancantalar.com\/wp-content\/uploads\/2024\/12\/1_org_zoom-32.jpg","width":1200,"height":1800},{"@type":"BreadcrumbList","@id":"https:\/\/toptancantalar.com\/product\/kadin-bordo-rugan-omuz-cantasi-14\/#breadcrumb","itemListElement":[{"@type":"ListItem","position":1,"name":"Anasayfa","item":"https:\/\/toptancantalar.com\/"},{"@type":"ListItem","position":2,"name":"\u00dcr\u00fcnler","item":"https:\/\/toptancantalar.com\/shop\/"},{"@type":"ListItem","position":3,"name":"Kad\u0131n Bordo Rugan Omuz \u00c7antas\u0131"}]},{"@type":"WebSite","@id":"https:\/\/toptancantalar.com\/#website","url":"https:\/\/toptancantalar.com\/","name":"Toptan \u00c7antalar","description":"Arad\u0131\u011f\u0131n T\u00fcm \u00c7antalar, Toptan \u00c7antalar &#039;da","potentialAction":[{"@type":"SearchAction","target":{"@type":"EntryPoint","urlTemplate":"https:\/\/toptancantalar.com\/?s={search_term_string}"},"query-input":{"@type":"PropertyValueSpecification","valueRequired":true,"valueName":"search_term_string"}}],"inLanguage":"en-US"}]}},"_links":{"self":[{"href":"https:\/\/toptancantalar.com\/en\/wp-json\/wp\/v2\/product\/9009","targetHints":{"allow":["GET"]}}],"collection":[{"href":"https:\/\/toptancantalar.com\/en\/wp-json\/wp\/v2\/product"}],"about":[{"href":"https:\/\/toptancantalar.com\/en\/wp-json\/wp\/v2\/types\/product"}],"wp:featuredmedia":[{"embeddable":true,"href":"https:\/\/toptancantalar.com\/en\/wp-json\/wp\/v2\/media\/9010"}],"wp:attachment":[{"href":"https:\/\/toptancantalar.com\/en\/wp-json\/wp\/v2\/media?parent=9009"}],"wp:term":[{"taxonomy":"product_cat","embeddable":true,"href":"https:\/\/toptancantalar.com\/en\/wp-json\/wp\/v2\/product_cat?post=9009"},{"taxonomy":"product_tag","embeddable":true,"href":"https:\/\/toptancantalar.com\/en\/wp-json\/wp\/v2\/product_tag?post=9009"}],"curies":[{"name":"wp","href":"https:\/\/api.w.org\/{rel}","templated":true}]}}