{"id":8996,"date":"2024-12-27T22:18:30","date_gmt":"2024-12-27T19:18:30","guid":{"rendered":"https:\/\/toptancantalar.com\/?post_type=product&#038;p=8996"},"modified":"2025-10-03T16:19:43","modified_gmt":"2025-10-03T13:19:43","slug":"krem-kadin-kapitone-desenli-zincir-askili-omuz-cantasi","status":"publish","type":"product","link":"https:\/\/toptancantalar.com\/en\/product\/krem-kadin-kapitone-desenli-zincir-askili-omuz-cantasi\/","title":{"rendered":"Krem Kad\u0131n Kapitone Desenli Zincir Ask\u0131l\u0131 Omuz \u00c7antas\u0131"},"content":{"rendered":"<p>Dokuma kuma\u015f yap\u0131s\u0131 ile dayan\u0131kl\u0131l\u0131\u011f\u0131 ve \u015f\u0131k g\u00f6r\u00fcn\u00fcm\u00fc bir arada sunar; Suni deri detaylar\u0131, ger\u00e7ek derinin esteti\u011fini ekonomik bir alternatif olarak yans\u0131t\u0131r; \u0130mitasyon deri kullan\u0131m\u0131, hayvan dostu bir tercih yapman\u0131z\u0131 sa\u011flar ve etik bir se\u00e7imdir; G\u00fcnd\u00fczden geceye her ortama uyum sa\u011flayabilen tasar\u0131m\u0131yla \u00e7ok y\u00f6nl\u00fcl\u00fck sunar; Kapitone deseniyle modern ve trend bir g\u00f6r\u00fcn\u00fcm kazand\u0131r\u0131r; %100 deri ve suni deri materyal bile\u015feni, uzun \u00f6m\u00fcrl\u00fc kullan\u0131m vaat eder; Type 4 y\u0131kama talimat\u0131na uygun \u015fekilde temizlenmesi kolayd\u0131r; b\u00f6ylece \u00e7antan\u0131z\u0131n bak\u0131m\u0131n\u0131 pratik bir \u015fekilde yapabilirsiniz; T\u00fcm ya\u015f gruplar\u0131na hitap eden tasar\u0131m\u0131yla geni\u015f bir kullan\u0131c\u0131 kitlesine uyumluluk g\u00f6sterir; Basic koleksiyonun sadeli\u011fiyle zamans\u0131z bir tarz yarat\u0131r;<\/p>","protected":false},"excerpt":{"rendered":"<p>Dokuma kuma\u015f yap\u0131s\u0131 ile dayan\u0131kl\u0131l\u0131\u011f\u0131 ve \u015f\u0131k g\u00f6r\u00fcn\u00fcm\u00fc bir arada sunar; Suni deri detaylar\u0131, ger\u00e7ek derinin esteti\u011fini ekonomik bir alternatif olarak yans\u0131t\u0131r; \u0130mitasyon deri kullan\u0131m\u0131, hayvan dostu bir tercih yapman\u0131z\u0131 sa\u011flar ve etik bir se\u00e7imdir; G\u00fcnd\u00fczden geceye her ortama uyum sa\u011flayabilen tasar\u0131m\u0131yla \u00e7ok y\u00f6nl\u00fcl\u00fck sunar; Kapitone deseniyle modern ve trend bir g\u00f6r\u00fcn\u00fcm kazand\u0131r\u0131r; %100 deri ve suni deri materyal bile\u015feni, uzun \u00f6m\u00fcrl\u00fc kullan\u0131m vaat eder; Type 4 y\u0131kama talimat\u0131na uygun \u015fekilde temizlenmesi kolayd\u0131r; b\u00f6ylece \u00e7antan\u0131z\u0131n bak\u0131m\u0131n\u0131 pratik bir \u015fekilde yapabilirsiniz; T\u00fcm ya\u015f gruplar\u0131na hitap eden tasar\u0131m\u0131yla geni\u015f bir kullan\u0131c\u0131 kitlesine uyumluluk g\u00f6sterir; Basic koleksiyonun sadeli\u011fiyle zamans\u0131z bir tarz yarat\u0131r;<\/p>","protected":false},"featured_media":8997,"template":"","meta":[],"product_cat":[105,109],"product_tag":[],"class_list":{"0":"post-8996","1":"product","2":"type-product","3":"status-publish","4":"has-post-thumbnail","6":"product_cat-tum-toptan-cantalar-uygun-fiyatli-toptan-canta-modelleri","7":"product_cat-toptan-omuz-cantasi","10":"instock","11":"taxable","12":"shipping-taxable","13":"purchasable","14":"product-type-simple"},"yoast_head":"<!-- This site is optimized with the Yoast SEO plugin v25.5 - https:\/\/yoast.com\/wordpress\/plugins\/seo\/ -->\n<title>Krem Kad\u0131n Kapitone Desenli Zincir Ask\u0131l\u0131 Omuz \u00c7antas\u0131 - Toptan \u00c7antalar<\/title>\n<meta name=\"robots\" content=\"index, follow, max-snippet:-1, max-image-preview:large, max-video-preview:-1\" \/>\n<link rel=\"canonical\" href=\"https:\/\/toptancantalar.com\/en\/product\/krem-kadin-kapitone-desenli-zincir-askili-omuz-cantasi\/\" \/>\n<meta property=\"og:locale\" content=\"en_US\" \/>\n<meta property=\"og:type\" content=\"article\" \/>\n<meta property=\"og:title\" content=\"Krem Kad\u0131n Kapitone Desenli Zincir Ask\u0131l\u0131 Omuz \u00c7antas\u0131 - Toptan \u00c7antalar\" \/>\n<meta property=\"og:description\" content=\"Dokuma kuma\u015f yap\u0131s\u0131 ile dayan\u0131kl\u0131l\u0131\u011f\u0131 ve \u015f\u0131k g\u00f6r\u00fcn\u00fcm\u00fc bir arada sunar; Suni deri detaylar\u0131, ger\u00e7ek derinin esteti\u011fini ekonomik bir alternatif olarak yans\u0131t\u0131r; \u0130mitasyon deri kullan\u0131m\u0131, hayvan dostu bir tercih yapman\u0131z\u0131 sa\u011flar ve etik bir se\u00e7imdir; G\u00fcnd\u00fczden geceye her ortama uyum sa\u011flayabilen tasar\u0131m\u0131yla \u00e7ok y\u00f6nl\u00fcl\u00fck sunar; Kapitone deseniyle modern ve trend bir g\u00f6r\u00fcn\u00fcm kazand\u0131r\u0131r; %100 deri ve suni deri materyal bile\u015feni, uzun \u00f6m\u00fcrl\u00fc kullan\u0131m vaat eder; Type 4 y\u0131kama talimat\u0131na uygun \u015fekilde temizlenmesi kolayd\u0131r; b\u00f6ylece \u00e7antan\u0131z\u0131n bak\u0131m\u0131n\u0131 pratik bir \u015fekilde yapabilirsiniz; T\u00fcm ya\u015f gruplar\u0131na hitap eden tasar\u0131m\u0131yla geni\u015f bir kullan\u0131c\u0131 kitlesine uyumluluk g\u00f6sterir; Basic koleksiyonun sadeli\u011fiyle zamans\u0131z bir tarz yarat\u0131r;\" \/>\n<meta property=\"og:url\" content=\"https:\/\/toptancantalar.com\/en\/product\/krem-kadin-kapitone-desenli-zincir-askili-omuz-cantasi\/\" \/>\n<meta property=\"og:site_name\" content=\"Toptan \u00c7antalar\" \/>\n<meta property=\"article:modified_time\" content=\"2025-10-03T13:19:43+00:00\" \/>\n<meta property=\"og:image\" content=\"https:\/\/toptancantalar.com\/wp-content\/uploads\/2024\/12\/1_org_zoom-26.jpg\" \/>\n\t<meta property=\"og:image:width\" content=\"1200\" \/>\n\t<meta property=\"og:image:height\" content=\"1800\" \/>\n\t<meta property=\"og:image:type\" content=\"image\/jpeg\" \/>\n<meta name=\"twitter:card\" content=\"summary_large_image\" \/>\n<meta name=\"twitter:label1\" content=\"Est. reading time\" \/>\n\t<meta name=\"twitter:data1\" content=\"1 minute\" \/>\n<script type=\"application\/ld+json\" class=\"yoast-schema-graph\">{\"@context\":\"https:\/\/schema.org\",\"@graph\":[{\"@type\":\"WebPage\",\"@id\":\"https:\/\/toptancantalar.com\/product\/krem-kadin-kapitone-desenli-zincir-askili-omuz-cantasi\/\",\"url\":\"https:\/\/toptancantalar.com\/product\/krem-kadin-kapitone-desenli-zincir-askili-omuz-cantasi\/\",\"name\":\"Krem Kad\u0131n Kapitone Desenli Zincir Ask\u0131l\u0131 Omuz \u00c7antas\u0131 - Toptan \u00c7antalar\",\"isPartOf\":{\"@id\":\"https:\/\/toptancantalar.com\/#website\"},\"primaryImageOfPage\":{\"@id\":\"https:\/\/toptancantalar.com\/product\/krem-kadin-kapitone-desenli-zincir-askili-omuz-cantasi\/#primaryimage\"},\"image\":{\"@id\":\"https:\/\/toptancantalar.com\/product\/krem-kadin-kapitone-desenli-zincir-askili-omuz-cantasi\/#primaryimage\"},\"thumbnailUrl\":\"https:\/\/toptancantalar.com\/wp-content\/uploads\/2024\/12\/1_org_zoom-26.jpg\",\"datePublished\":\"2024-12-27T19:18:30+00:00\",\"dateModified\":\"2025-10-03T13:19:43+00:00\",\"breadcrumb\":{\"@id\":\"https:\/\/toptancantalar.com\/product\/krem-kadin-kapitone-desenli-zincir-askili-omuz-cantasi\/#breadcrumb\"},\"inLanguage\":\"en-US\",\"potentialAction\":[{\"@type\":\"ReadAction\",\"target\":[\"https:\/\/toptancantalar.com\/product\/krem-kadin-kapitone-desenli-zincir-askili-omuz-cantasi\/\"]}]},{\"@type\":\"ImageObject\",\"inLanguage\":\"en-US\",\"@id\":\"https:\/\/toptancantalar.com\/product\/krem-kadin-kapitone-desenli-zincir-askili-omuz-cantasi\/#primaryimage\",\"url\":\"https:\/\/toptancantalar.com\/wp-content\/uploads\/2024\/12\/1_org_zoom-26.jpg\",\"contentUrl\":\"https:\/\/toptancantalar.com\/wp-content\/uploads\/2024\/12\/1_org_zoom-26.jpg\",\"width\":1200,\"height\":1800},{\"@type\":\"BreadcrumbList\",\"@id\":\"https:\/\/toptancantalar.com\/product\/krem-kadin-kapitone-desenli-zincir-askili-omuz-cantasi\/#breadcrumb\",\"itemListElement\":[{\"@type\":\"ListItem\",\"position\":1,\"name\":\"Anasayfa\",\"item\":\"https:\/\/toptancantalar.com\/\"},{\"@type\":\"ListItem\",\"position\":2,\"name\":\"\u00dcr\u00fcnler\",\"item\":\"https:\/\/toptancantalar.com\/shop\/\"},{\"@type\":\"ListItem\",\"position\":3,\"name\":\"Krem Kad\u0131n Kapitone Desenli Zincir Ask\u0131l\u0131 Omuz \u00c7antas\u0131\"}]},{\"@type\":\"WebSite\",\"@id\":\"https:\/\/toptancantalar.com\/#website\",\"url\":\"https:\/\/toptancantalar.com\/\",\"name\":\"Toptan \u00c7antalar\",\"description\":\"Arad\u0131\u011f\u0131n T\u00fcm \u00c7antalar, Toptan \u00c7antalar &#039;da\",\"potentialAction\":[{\"@type\":\"SearchAction\",\"target\":{\"@type\":\"EntryPoint\",\"urlTemplate\":\"https:\/\/toptancantalar.com\/?s={search_term_string}\"},\"query-input\":{\"@type\":\"PropertyValueSpecification\",\"valueRequired\":true,\"valueName\":\"search_term_string\"}}],\"inLanguage\":\"en-US\"}]}<\/script>\n<!-- \/ Yoast SEO plugin. -->","yoast_head_json":{"title":"Krem Kad\u0131n Kapitone Desenli Zincir Ask\u0131l\u0131 Omuz \u00c7antas\u0131 - Toptan \u00c7antalar","robots":{"index":"index","follow":"follow","max-snippet":"max-snippet:-1","max-image-preview":"max-image-preview:large","max-video-preview":"max-video-preview:-1"},"canonical":"https:\/\/toptancantalar.com\/en\/product\/krem-kadin-kapitone-desenli-zincir-askili-omuz-cantasi\/","og_locale":"en_US","og_type":"article","og_title":"Krem Kad\u0131n Kapitone Desenli Zincir Ask\u0131l\u0131 Omuz \u00c7antas\u0131 - Toptan \u00c7antalar","og_description":"Dokuma kuma\u015f yap\u0131s\u0131 ile dayan\u0131kl\u0131l\u0131\u011f\u0131 ve \u015f\u0131k g\u00f6r\u00fcn\u00fcm\u00fc bir arada sunar; Suni deri detaylar\u0131, ger\u00e7ek derinin esteti\u011fini ekonomik bir alternatif olarak yans\u0131t\u0131r; \u0130mitasyon deri kullan\u0131m\u0131, hayvan dostu bir tercih yapman\u0131z\u0131 sa\u011flar ve etik bir se\u00e7imdir; G\u00fcnd\u00fczden geceye her ortama uyum sa\u011flayabilen tasar\u0131m\u0131yla \u00e7ok y\u00f6nl\u00fcl\u00fck sunar; Kapitone deseniyle modern ve trend bir g\u00f6r\u00fcn\u00fcm kazand\u0131r\u0131r; %100 deri ve suni deri materyal bile\u015feni, uzun \u00f6m\u00fcrl\u00fc kullan\u0131m vaat eder; Type 4 y\u0131kama talimat\u0131na uygun \u015fekilde temizlenmesi kolayd\u0131r; b\u00f6ylece \u00e7antan\u0131z\u0131n bak\u0131m\u0131n\u0131 pratik bir \u015fekilde yapabilirsiniz; T\u00fcm ya\u015f gruplar\u0131na hitap eden tasar\u0131m\u0131yla geni\u015f bir kullan\u0131c\u0131 kitlesine uyumluluk g\u00f6sterir; Basic koleksiyonun sadeli\u011fiyle zamans\u0131z bir tarz yarat\u0131r;","og_url":"https:\/\/toptancantalar.com\/en\/product\/krem-kadin-kapitone-desenli-zincir-askili-omuz-cantasi\/","og_site_name":"Toptan \u00c7antalar","article_modified_time":"2025-10-03T13:19:43+00:00","og_image":[{"width":1200,"height":1800,"url":"https:\/\/toptancantalar.com\/wp-content\/uploads\/2024\/12\/1_org_zoom-26.jpg","type":"image\/jpeg"}],"twitter_card":"summary_large_image","twitter_misc":{"Est. reading time":"1 minute"},"schema":{"@context":"https:\/\/schema.org","@graph":[{"@type":"WebPage","@id":"https:\/\/toptancantalar.com\/product\/krem-kadin-kapitone-desenli-zincir-askili-omuz-cantasi\/","url":"https:\/\/toptancantalar.com\/product\/krem-kadin-kapitone-desenli-zincir-askili-omuz-cantasi\/","name":"Krem Kad\u0131n Kapitone Desenli Zincir Ask\u0131l\u0131 Omuz \u00c7antas\u0131 - Toptan \u00c7antalar","isPartOf":{"@id":"https:\/\/toptancantalar.com\/#website"},"primaryImageOfPage":{"@id":"https:\/\/toptancantalar.com\/product\/krem-kadin-kapitone-desenli-zincir-askili-omuz-cantasi\/#primaryimage"},"image":{"@id":"https:\/\/toptancantalar.com\/product\/krem-kadin-kapitone-desenli-zincir-askili-omuz-cantasi\/#primaryimage"},"thumbnailUrl":"https:\/\/toptancantalar.com\/wp-content\/uploads\/2024\/12\/1_org_zoom-26.jpg","datePublished":"2024-12-27T19:18:30+00:00","dateModified":"2025-10-03T13:19:43+00:00","breadcrumb":{"@id":"https:\/\/toptancantalar.com\/product\/krem-kadin-kapitone-desenli-zincir-askili-omuz-cantasi\/#breadcrumb"},"inLanguage":"en-US","potentialAction":[{"@type":"ReadAction","target":["https:\/\/toptancantalar.com\/product\/krem-kadin-kapitone-desenli-zincir-askili-omuz-cantasi\/"]}]},{"@type":"ImageObject","inLanguage":"en-US","@id":"https:\/\/toptancantalar.com\/product\/krem-kadin-kapitone-desenli-zincir-askili-omuz-cantasi\/#primaryimage","url":"https:\/\/toptancantalar.com\/wp-content\/uploads\/2024\/12\/1_org_zoom-26.jpg","contentUrl":"https:\/\/toptancantalar.com\/wp-content\/uploads\/2024\/12\/1_org_zoom-26.jpg","width":1200,"height":1800},{"@type":"BreadcrumbList","@id":"https:\/\/toptancantalar.com\/product\/krem-kadin-kapitone-desenli-zincir-askili-omuz-cantasi\/#breadcrumb","itemListElement":[{"@type":"ListItem","position":1,"name":"Anasayfa","item":"https:\/\/toptancantalar.com\/"},{"@type":"ListItem","position":2,"name":"\u00dcr\u00fcnler","item":"https:\/\/toptancantalar.com\/shop\/"},{"@type":"ListItem","position":3,"name":"Krem Kad\u0131n Kapitone Desenli Zincir Ask\u0131l\u0131 Omuz \u00c7antas\u0131"}]},{"@type":"WebSite","@id":"https:\/\/toptancantalar.com\/#website","url":"https:\/\/toptancantalar.com\/","name":"Toptan \u00c7antalar","description":"Arad\u0131\u011f\u0131n T\u00fcm \u00c7antalar, Toptan \u00c7antalar &#039;da","potentialAction":[{"@type":"SearchAction","target":{"@type":"EntryPoint","urlTemplate":"https:\/\/toptancantalar.com\/?s={search_term_string}"},"query-input":{"@type":"PropertyValueSpecification","valueRequired":true,"valueName":"search_term_string"}}],"inLanguage":"en-US"}]}},"_links":{"self":[{"href":"https:\/\/toptancantalar.com\/en\/wp-json\/wp\/v2\/product\/8996","targetHints":{"allow":["GET"]}}],"collection":[{"href":"https:\/\/toptancantalar.com\/en\/wp-json\/wp\/v2\/product"}],"about":[{"href":"https:\/\/toptancantalar.com\/en\/wp-json\/wp\/v2\/types\/product"}],"wp:featuredmedia":[{"embeddable":true,"href":"https:\/\/toptancantalar.com\/en\/wp-json\/wp\/v2\/media\/8997"}],"wp:attachment":[{"href":"https:\/\/toptancantalar.com\/en\/wp-json\/wp\/v2\/media?parent=8996"}],"wp:term":[{"taxonomy":"product_cat","embeddable":true,"href":"https:\/\/toptancantalar.com\/en\/wp-json\/wp\/v2\/product_cat?post=8996"},{"taxonomy":"product_tag","embeddable":true,"href":"https:\/\/toptancantalar.com\/en\/wp-json\/wp\/v2\/product_tag?post=8996"}],"curies":[{"name":"wp","href":"https:\/\/api.w.org\/{rel}","templated":true}]}}