{"id":8985,"date":"2024-12-27T22:18:22","date_gmt":"2024-12-27T19:18:22","guid":{"rendered":"https:\/\/toptancantalar.com\/?post_type=product&#038;p=8985"},"modified":"2025-10-03T16:19:48","modified_gmt":"2025-10-03T13:19:48","slug":"kadin-bordo-rugan-omuz-cantasi-3","status":"publish","type":"product","link":"https:\/\/toptancantalar.com\/en\/product\/kadin-bordo-rugan-omuz-cantasi-3\/","title":{"rendered":"Kad\u0131n Bordo Rugan Omuz \u00c7antas\u0131"},"content":{"rendered":"<p>G\u00fcnl\u00fck kullan\u0131m i\u00e7in ideal, casual tarz\u0131n\u0131za uyum sa\u011flayan bordo renkteki omuz \u00e7antas\u0131.; Her ya\u015f grubuna hitap eden, evrensel tasar\u0131m\u0131yla geni\u015f bir kullan\u0131c\u0131 kitlesi taraf\u0131ndan tercih edilebilir.; Suni deriden \u00fcretilmi\u015f yap\u0131s\u0131yla hem dayan\u0131kl\u0131 hem de \u015f\u0131k bir g\u00f6r\u00fcn\u00fcm sunar.; Rugan malzeme kullan\u0131m\u0131 sayesinde uzun \u00f6m\u00fcrl\u00fc ve estetik bir dokunu\u015fa sahiptir.; Kolay temizlenebilir \u00f6zelli\u011fi ile pratik kullan\u0131m imkan\u0131 sa\u011flar; leke ve kirlerden kolayca ar\u0131nd\u0131r\u0131labilir.; Basic koleksiyonun sadelikten yana olanlar\u0131 d\u00fc\u015f\u00fcnerek tasarlanm\u0131\u015f, zamans\u0131z par\u00e7alardan biri olarak gardrobunuzda yerini al\u0131r.; Dokuma kuma\u015f tipi sayesinde dayan\u0131kl\u0131 yap\u0131s\u0131n\u0131n yan\u0131 s\u0131ra konforlu bir ta\u015f\u0131ma deneyimi de sunar.; D\u00fcz deseniyle sade ve \u015f\u0131k bir stil vurgusu yaparak di\u011fer giysilerinizle kolayca kombinlenebilir.;<\/p>","protected":false},"excerpt":{"rendered":"<p>G\u00fcnl\u00fck kullan\u0131m i\u00e7in ideal, casual tarz\u0131n\u0131za uyum sa\u011flayan bordo renkteki omuz \u00e7antas\u0131.; Her ya\u015f grubuna hitap eden, evrensel tasar\u0131m\u0131yla geni\u015f bir kullan\u0131c\u0131 kitlesi taraf\u0131ndan tercih edilebilir.; Suni deriden \u00fcretilmi\u015f yap\u0131s\u0131yla hem dayan\u0131kl\u0131 hem de \u015f\u0131k bir g\u00f6r\u00fcn\u00fcm sunar.; Rugan malzeme kullan\u0131m\u0131 sayesinde uzun \u00f6m\u00fcrl\u00fc ve estetik bir dokunu\u015fa sahiptir.; Kolay temizlenebilir \u00f6zelli\u011fi ile pratik kullan\u0131m imkan\u0131 sa\u011flar; leke ve kirlerden kolayca ar\u0131nd\u0131r\u0131labilir.; Basic koleksiyonun sadelikten yana olanlar\u0131 d\u00fc\u015f\u00fcnerek tasarlanm\u0131\u015f, zamans\u0131z par\u00e7alardan biri olarak gardrobunuzda yerini al\u0131r.; Dokuma kuma\u015f tipi sayesinde dayan\u0131kl\u0131 yap\u0131s\u0131n\u0131n yan\u0131 s\u0131ra konforlu bir ta\u015f\u0131ma deneyimi de sunar.; D\u00fcz deseniyle sade ve \u015f\u0131k bir stil vurgusu yaparak di\u011fer giysilerinizle kolayca kombinlenebilir.;<\/p>","protected":false},"featured_media":8963,"template":"","meta":[],"product_cat":[105,109],"product_tag":[],"class_list":{"0":"post-8985","1":"product","2":"type-product","3":"status-publish","4":"has-post-thumbnail","6":"product_cat-tum-toptan-cantalar-uygun-fiyatli-toptan-canta-modelleri","7":"product_cat-toptan-omuz-cantasi","10":"instock","11":"taxable","12":"shipping-taxable","13":"purchasable","14":"product-type-simple"},"yoast_head":"<!-- This site is optimized with the Yoast SEO plugin v25.5 - https:\/\/yoast.com\/wordpress\/plugins\/seo\/ -->\n<title>Kad\u0131n Bordo Rugan Omuz \u00c7antas\u0131 - Toptan \u00c7antalar<\/title>\n<meta name=\"robots\" content=\"index, follow, max-snippet:-1, max-image-preview:large, max-video-preview:-1\" \/>\n<link rel=\"canonical\" href=\"https:\/\/toptancantalar.com\/en\/product\/kadin-bordo-rugan-omuz-cantasi-3\/\" \/>\n<meta property=\"og:locale\" content=\"en_US\" \/>\n<meta property=\"og:type\" content=\"article\" \/>\n<meta property=\"og:title\" content=\"Kad\u0131n Bordo Rugan Omuz \u00c7antas\u0131 - Toptan \u00c7antalar\" \/>\n<meta property=\"og:description\" content=\"G\u00fcnl\u00fck kullan\u0131m i\u00e7in ideal, casual tarz\u0131n\u0131za uyum sa\u011flayan bordo renkteki omuz \u00e7antas\u0131.; Her ya\u015f grubuna hitap eden, evrensel tasar\u0131m\u0131yla geni\u015f bir kullan\u0131c\u0131 kitlesi taraf\u0131ndan tercih edilebilir.; Suni deriden \u00fcretilmi\u015f yap\u0131s\u0131yla hem dayan\u0131kl\u0131 hem de \u015f\u0131k bir g\u00f6r\u00fcn\u00fcm sunar.; Rugan malzeme kullan\u0131m\u0131 sayesinde uzun \u00f6m\u00fcrl\u00fc ve estetik bir dokunu\u015fa sahiptir.; Kolay temizlenebilir \u00f6zelli\u011fi ile pratik kullan\u0131m imkan\u0131 sa\u011flar; leke ve kirlerden kolayca ar\u0131nd\u0131r\u0131labilir.; Basic koleksiyonun sadelikten yana olanlar\u0131 d\u00fc\u015f\u00fcnerek tasarlanm\u0131\u015f, zamans\u0131z par\u00e7alardan biri olarak gardrobunuzda yerini al\u0131r.; Dokuma kuma\u015f tipi sayesinde dayan\u0131kl\u0131 yap\u0131s\u0131n\u0131n yan\u0131 s\u0131ra konforlu bir ta\u015f\u0131ma deneyimi de sunar.; D\u00fcz deseniyle sade ve \u015f\u0131k bir stil vurgusu yaparak di\u011fer giysilerinizle kolayca kombinlenebilir.;\" \/>\n<meta property=\"og:url\" content=\"https:\/\/toptancantalar.com\/en\/product\/kadin-bordo-rugan-omuz-cantasi-3\/\" \/>\n<meta property=\"og:site_name\" content=\"Toptan \u00c7antalar\" \/>\n<meta property=\"article:modified_time\" content=\"2025-10-03T13:19:48+00:00\" \/>\n<meta property=\"og:image\" content=\"https:\/\/toptancantalar.com\/wp-content\/uploads\/2024\/12\/1_org_zoom-21.jpg\" \/>\n\t<meta property=\"og:image:width\" content=\"1200\" \/>\n\t<meta property=\"og:image:height\" content=\"1800\" \/>\n\t<meta property=\"og:image:type\" content=\"image\/jpeg\" \/>\n<meta name=\"twitter:card\" content=\"summary_large_image\" \/>\n<meta name=\"twitter:label1\" content=\"Est. reading time\" \/>\n\t<meta name=\"twitter:data1\" content=\"1 minute\" \/>\n<script type=\"application\/ld+json\" class=\"yoast-schema-graph\">{\"@context\":\"https:\/\/schema.org\",\"@graph\":[{\"@type\":\"WebPage\",\"@id\":\"https:\/\/toptancantalar.com\/product\/kadin-bordo-rugan-omuz-cantasi-3\/\",\"url\":\"https:\/\/toptancantalar.com\/product\/kadin-bordo-rugan-omuz-cantasi-3\/\",\"name\":\"Kad\u0131n Bordo Rugan Omuz \u00c7antas\u0131 - Toptan \u00c7antalar\",\"isPartOf\":{\"@id\":\"https:\/\/toptancantalar.com\/#website\"},\"primaryImageOfPage\":{\"@id\":\"https:\/\/toptancantalar.com\/product\/kadin-bordo-rugan-omuz-cantasi-3\/#primaryimage\"},\"image\":{\"@id\":\"https:\/\/toptancantalar.com\/product\/kadin-bordo-rugan-omuz-cantasi-3\/#primaryimage\"},\"thumbnailUrl\":\"https:\/\/toptancantalar.com\/wp-content\/uploads\/2024\/12\/1_org_zoom-21.jpg\",\"datePublished\":\"2024-12-27T19:18:22+00:00\",\"dateModified\":\"2025-10-03T13:19:48+00:00\",\"breadcrumb\":{\"@id\":\"https:\/\/toptancantalar.com\/product\/kadin-bordo-rugan-omuz-cantasi-3\/#breadcrumb\"},\"inLanguage\":\"en-US\",\"potentialAction\":[{\"@type\":\"ReadAction\",\"target\":[\"https:\/\/toptancantalar.com\/product\/kadin-bordo-rugan-omuz-cantasi-3\/\"]}]},{\"@type\":\"ImageObject\",\"inLanguage\":\"en-US\",\"@id\":\"https:\/\/toptancantalar.com\/product\/kadin-bordo-rugan-omuz-cantasi-3\/#primaryimage\",\"url\":\"https:\/\/toptancantalar.com\/wp-content\/uploads\/2024\/12\/1_org_zoom-21.jpg\",\"contentUrl\":\"https:\/\/toptancantalar.com\/wp-content\/uploads\/2024\/12\/1_org_zoom-21.jpg\",\"width\":1200,\"height\":1800},{\"@type\":\"BreadcrumbList\",\"@id\":\"https:\/\/toptancantalar.com\/product\/kadin-bordo-rugan-omuz-cantasi-3\/#breadcrumb\",\"itemListElement\":[{\"@type\":\"ListItem\",\"position\":1,\"name\":\"Anasayfa\",\"item\":\"https:\/\/toptancantalar.com\/\"},{\"@type\":\"ListItem\",\"position\":2,\"name\":\"\u00dcr\u00fcnler\",\"item\":\"https:\/\/toptancantalar.com\/shop\/\"},{\"@type\":\"ListItem\",\"position\":3,\"name\":\"Kad\u0131n Bordo Rugan Omuz \u00c7antas\u0131\"}]},{\"@type\":\"WebSite\",\"@id\":\"https:\/\/toptancantalar.com\/#website\",\"url\":\"https:\/\/toptancantalar.com\/\",\"name\":\"Toptan \u00c7antalar\",\"description\":\"Arad\u0131\u011f\u0131n T\u00fcm \u00c7antalar, Toptan \u00c7antalar &#039;da\",\"potentialAction\":[{\"@type\":\"SearchAction\",\"target\":{\"@type\":\"EntryPoint\",\"urlTemplate\":\"https:\/\/toptancantalar.com\/?s={search_term_string}\"},\"query-input\":{\"@type\":\"PropertyValueSpecification\",\"valueRequired\":true,\"valueName\":\"search_term_string\"}}],\"inLanguage\":\"en-US\"}]}<\/script>\n<!-- \/ Yoast SEO plugin. -->","yoast_head_json":{"title":"Kad\u0131n Bordo Rugan Omuz \u00c7antas\u0131 - Toptan \u00c7antalar","robots":{"index":"index","follow":"follow","max-snippet":"max-snippet:-1","max-image-preview":"max-image-preview:large","max-video-preview":"max-video-preview:-1"},"canonical":"https:\/\/toptancantalar.com\/en\/product\/kadin-bordo-rugan-omuz-cantasi-3\/","og_locale":"en_US","og_type":"article","og_title":"Kad\u0131n Bordo Rugan Omuz \u00c7antas\u0131 - Toptan \u00c7antalar","og_description":"G\u00fcnl\u00fck kullan\u0131m i\u00e7in ideal, casual tarz\u0131n\u0131za uyum sa\u011flayan bordo renkteki omuz \u00e7antas\u0131.; Her ya\u015f grubuna hitap eden, evrensel tasar\u0131m\u0131yla geni\u015f bir kullan\u0131c\u0131 kitlesi taraf\u0131ndan tercih edilebilir.; Suni deriden \u00fcretilmi\u015f yap\u0131s\u0131yla hem dayan\u0131kl\u0131 hem de \u015f\u0131k bir g\u00f6r\u00fcn\u00fcm sunar.; Rugan malzeme kullan\u0131m\u0131 sayesinde uzun \u00f6m\u00fcrl\u00fc ve estetik bir dokunu\u015fa sahiptir.; Kolay temizlenebilir \u00f6zelli\u011fi ile pratik kullan\u0131m imkan\u0131 sa\u011flar; leke ve kirlerden kolayca ar\u0131nd\u0131r\u0131labilir.; Basic koleksiyonun sadelikten yana olanlar\u0131 d\u00fc\u015f\u00fcnerek tasarlanm\u0131\u015f, zamans\u0131z par\u00e7alardan biri olarak gardrobunuzda yerini al\u0131r.; Dokuma kuma\u015f tipi sayesinde dayan\u0131kl\u0131 yap\u0131s\u0131n\u0131n yan\u0131 s\u0131ra konforlu bir ta\u015f\u0131ma deneyimi de sunar.; D\u00fcz deseniyle sade ve \u015f\u0131k bir stil vurgusu yaparak di\u011fer giysilerinizle kolayca kombinlenebilir.;","og_url":"https:\/\/toptancantalar.com\/en\/product\/kadin-bordo-rugan-omuz-cantasi-3\/","og_site_name":"Toptan \u00c7antalar","article_modified_time":"2025-10-03T13:19:48+00:00","og_image":[{"width":1200,"height":1800,"url":"https:\/\/toptancantalar.com\/wp-content\/uploads\/2024\/12\/1_org_zoom-21.jpg","type":"image\/jpeg"}],"twitter_card":"summary_large_image","twitter_misc":{"Est. reading time":"1 minute"},"schema":{"@context":"https:\/\/schema.org","@graph":[{"@type":"WebPage","@id":"https:\/\/toptancantalar.com\/product\/kadin-bordo-rugan-omuz-cantasi-3\/","url":"https:\/\/toptancantalar.com\/product\/kadin-bordo-rugan-omuz-cantasi-3\/","name":"Kad\u0131n Bordo Rugan Omuz \u00c7antas\u0131 - Toptan \u00c7antalar","isPartOf":{"@id":"https:\/\/toptancantalar.com\/#website"},"primaryImageOfPage":{"@id":"https:\/\/toptancantalar.com\/product\/kadin-bordo-rugan-omuz-cantasi-3\/#primaryimage"},"image":{"@id":"https:\/\/toptancantalar.com\/product\/kadin-bordo-rugan-omuz-cantasi-3\/#primaryimage"},"thumbnailUrl":"https:\/\/toptancantalar.com\/wp-content\/uploads\/2024\/12\/1_org_zoom-21.jpg","datePublished":"2024-12-27T19:18:22+00:00","dateModified":"2025-10-03T13:19:48+00:00","breadcrumb":{"@id":"https:\/\/toptancantalar.com\/product\/kadin-bordo-rugan-omuz-cantasi-3\/#breadcrumb"},"inLanguage":"en-US","potentialAction":[{"@type":"ReadAction","target":["https:\/\/toptancantalar.com\/product\/kadin-bordo-rugan-omuz-cantasi-3\/"]}]},{"@type":"ImageObject","inLanguage":"en-US","@id":"https:\/\/toptancantalar.com\/product\/kadin-bordo-rugan-omuz-cantasi-3\/#primaryimage","url":"https:\/\/toptancantalar.com\/wp-content\/uploads\/2024\/12\/1_org_zoom-21.jpg","contentUrl":"https:\/\/toptancantalar.com\/wp-content\/uploads\/2024\/12\/1_org_zoom-21.jpg","width":1200,"height":1800},{"@type":"BreadcrumbList","@id":"https:\/\/toptancantalar.com\/product\/kadin-bordo-rugan-omuz-cantasi-3\/#breadcrumb","itemListElement":[{"@type":"ListItem","position":1,"name":"Anasayfa","item":"https:\/\/toptancantalar.com\/"},{"@type":"ListItem","position":2,"name":"\u00dcr\u00fcnler","item":"https:\/\/toptancantalar.com\/shop\/"},{"@type":"ListItem","position":3,"name":"Kad\u0131n Bordo Rugan Omuz \u00c7antas\u0131"}]},{"@type":"WebSite","@id":"https:\/\/toptancantalar.com\/#website","url":"https:\/\/toptancantalar.com\/","name":"Toptan \u00c7antalar","description":"Arad\u0131\u011f\u0131n T\u00fcm \u00c7antalar, Toptan \u00c7antalar &#039;da","potentialAction":[{"@type":"SearchAction","target":{"@type":"EntryPoint","urlTemplate":"https:\/\/toptancantalar.com\/?s={search_term_string}"},"query-input":{"@type":"PropertyValueSpecification","valueRequired":true,"valueName":"search_term_string"}}],"inLanguage":"en-US"}]}},"_links":{"self":[{"href":"https:\/\/toptancantalar.com\/en\/wp-json\/wp\/v2\/product\/8985","targetHints":{"allow":["GET"]}}],"collection":[{"href":"https:\/\/toptancantalar.com\/en\/wp-json\/wp\/v2\/product"}],"about":[{"href":"https:\/\/toptancantalar.com\/en\/wp-json\/wp\/v2\/types\/product"}],"wp:featuredmedia":[{"embeddable":true,"href":"https:\/\/toptancantalar.com\/en\/wp-json\/wp\/v2\/media\/8963"}],"wp:attachment":[{"href":"https:\/\/toptancantalar.com\/en\/wp-json\/wp\/v2\/media?parent=8985"}],"wp:term":[{"taxonomy":"product_cat","embeddable":true,"href":"https:\/\/toptancantalar.com\/en\/wp-json\/wp\/v2\/product_cat?post=8985"},{"taxonomy":"product_tag","embeddable":true,"href":"https:\/\/toptancantalar.com\/en\/wp-json\/wp\/v2\/product_tag?post=8985"}],"curies":[{"name":"wp","href":"https:\/\/api.w.org\/{rel}","templated":true}]}}