{"id":8558,"date":"2024-11-02T20:13:02","date_gmt":"2024-11-02T17:13:02","guid":{"rendered":"https:\/\/toptancantalar.com\/?post_type=product&#038;p=8558"},"modified":"2025-04-28T14:06:50","modified_gmt":"2025-04-28T11:06:50","slug":"anne-bebek-bakim-sirt-cantasi-biberon-termoslu-sivi-gecirmez-aski-aparatli-4","status":"publish","type":"product","link":"https:\/\/toptancantalar.com\/en\/product\/anne-bebek-bakim-sirt-cantasi-biberon-termoslu-sivi-gecirmez-aski-aparatli-4\/","title":{"rendered":"Anne Bebek Bak\u0131m S\u0131rt \u00c7antas\u0131 Biberon Termoslu S\u0131v\u0131 Ge\u00e7irmez Ask\u0131 Aparatl\u0131"},"content":{"rendered":"","protected":false},"excerpt":{"rendered":"","protected":false},"featured_media":8527,"template":"","meta":[],"product_cat":[157,105],"product_tag":[],"class_list":{"0":"post-8558","1":"product","2":"type-product","3":"status-publish","4":"has-post-thumbnail","6":"product_cat-toptan-anne-bebek-cantasi-dayanikli-anne-bebek-cantasi-modelleri","7":"product_cat-tum-toptan-cantalar-uygun-fiyatli-toptan-canta-modelleri","8":"pa_renk-siyah","9":"pa_renk-acik-gri-cizgili","10":"pa_renk-acik-kahve","11":"pa_renk-alt-siyah","12":"pa_renk-gri","13":"pa_renk-gri-beyaz","14":"pa_renk-gri-acik-gri-cizgili","15":"pa_renk-gri-siyah","16":"pa_renk-lacivert-gri","17":"pa_renk-lila-gri-beyaz-cizgili","18":"pa_renk-siyah-cizgili","19":"pa_renk-siyah-beyaz","20":"pa_renk-siyah-fume","23":"instock","24":"taxable","25":"shipping-taxable","26":"purchasable","27":"product-type-simple"},"yoast_head":"<!-- This site is optimized with the Yoast SEO plugin v25.5 - https:\/\/yoast.com\/wordpress\/plugins\/seo\/ -->\n<title>Anne Bebek Bak\u0131m S\u0131rt \u00c7antas\u0131 Biberon Termoslu S\u0131v\u0131 Ge\u00e7irmez Ask\u0131 Aparatl\u0131 - Toptan \u00c7antalar<\/title>\n<meta name=\"robots\" content=\"index, follow, max-snippet:-1, max-image-preview:large, max-video-preview:-1\" \/>\n<link rel=\"canonical\" href=\"https:\/\/toptancantalar.com\/en\/product\/anne-bebek-bakim-sirt-cantasi-biberon-termoslu-sivi-gecirmez-aski-aparatli-4\/\" \/>\n<meta property=\"og:locale\" content=\"en_US\" \/>\n<meta property=\"og:type\" content=\"article\" \/>\n<meta property=\"og:title\" content=\"Anne Bebek Bak\u0131m S\u0131rt \u00c7antas\u0131 Biberon Termoslu S\u0131v\u0131 Ge\u00e7irmez Ask\u0131 Aparatl\u0131 - Toptan \u00c7antalar\" \/>\n<meta property=\"og:url\" content=\"https:\/\/toptancantalar.com\/en\/product\/anne-bebek-bakim-sirt-cantasi-biberon-termoslu-sivi-gecirmez-aski-aparatli-4\/\" \/>\n<meta property=\"og:site_name\" content=\"Toptan \u00c7antalar\" \/>\n<meta property=\"article:modified_time\" content=\"2025-04-28T11:06:50+00:00\" \/>\n<meta property=\"og:image\" content=\"https:\/\/toptancantalar.com\/wp-content\/uploads\/2024\/11\/1_org_zoom-11-1.webp\" \/>\n\t<meta property=\"og:image:width\" content=\"1200\" \/>\n\t<meta property=\"og:image:height\" content=\"1800\" \/>\n\t<meta property=\"og:image:type\" content=\"image\/webp\" \/>\n<meta name=\"twitter:card\" content=\"summary_large_image\" \/>\n<script type=\"application\/ld+json\" class=\"yoast-schema-graph\">{\"@context\":\"https:\/\/schema.org\",\"@graph\":[{\"@type\":\"WebPage\",\"@id\":\"https:\/\/toptancantalar.com\/product\/anne-bebek-bakim-sirt-cantasi-biberon-termoslu-sivi-gecirmez-aski-aparatli-4\/\",\"url\":\"https:\/\/toptancantalar.com\/product\/anne-bebek-bakim-sirt-cantasi-biberon-termoslu-sivi-gecirmez-aski-aparatli-4\/\",\"name\":\"Anne Bebek Bak\u0131m S\u0131rt \u00c7antas\u0131 Biberon Termoslu S\u0131v\u0131 Ge\u00e7irmez Ask\u0131 Aparatl\u0131 - Toptan \u00c7antalar\",\"isPartOf\":{\"@id\":\"https:\/\/toptancantalar.com\/#website\"},\"primaryImageOfPage\":{\"@id\":\"https:\/\/toptancantalar.com\/product\/anne-bebek-bakim-sirt-cantasi-biberon-termoslu-sivi-gecirmez-aski-aparatli-4\/#primaryimage\"},\"image\":{\"@id\":\"https:\/\/toptancantalar.com\/product\/anne-bebek-bakim-sirt-cantasi-biberon-termoslu-sivi-gecirmez-aski-aparatli-4\/#primaryimage\"},\"thumbnailUrl\":\"https:\/\/toptancantalar.com\/wp-content\/uploads\/2024\/11\/1_org_zoom-11-1.webp\",\"datePublished\":\"2024-11-02T17:13:02+00:00\",\"dateModified\":\"2025-04-28T11:06:50+00:00\",\"breadcrumb\":{\"@id\":\"https:\/\/toptancantalar.com\/product\/anne-bebek-bakim-sirt-cantasi-biberon-termoslu-sivi-gecirmez-aski-aparatli-4\/#breadcrumb\"},\"inLanguage\":\"en-US\",\"potentialAction\":[{\"@type\":\"ReadAction\",\"target\":[\"https:\/\/toptancantalar.com\/product\/anne-bebek-bakim-sirt-cantasi-biberon-termoslu-sivi-gecirmez-aski-aparatli-4\/\"]}]},{\"@type\":\"ImageObject\",\"inLanguage\":\"en-US\",\"@id\":\"https:\/\/toptancantalar.com\/product\/anne-bebek-bakim-sirt-cantasi-biberon-termoslu-sivi-gecirmez-aski-aparatli-4\/#primaryimage\",\"url\":\"https:\/\/toptancantalar.com\/wp-content\/uploads\/2024\/11\/1_org_zoom-11-1.webp\",\"contentUrl\":\"https:\/\/toptancantalar.com\/wp-content\/uploads\/2024\/11\/1_org_zoom-11-1.webp\",\"width\":1200,\"height\":1800},{\"@type\":\"BreadcrumbList\",\"@id\":\"https:\/\/toptancantalar.com\/product\/anne-bebek-bakim-sirt-cantasi-biberon-termoslu-sivi-gecirmez-aski-aparatli-4\/#breadcrumb\",\"itemListElement\":[{\"@type\":\"ListItem\",\"position\":1,\"name\":\"Anasayfa\",\"item\":\"https:\/\/toptancantalar.com\/\"},{\"@type\":\"ListItem\",\"position\":2,\"name\":\"\u00dcr\u00fcnler\",\"item\":\"https:\/\/toptancantalar.com\/shop\/\"},{\"@type\":\"ListItem\",\"position\":3,\"name\":\"Anne Bebek Bak\u0131m S\u0131rt \u00c7antas\u0131 Biberon Termoslu S\u0131v\u0131 Ge\u00e7irmez Ask\u0131 Aparatl\u0131\"}]},{\"@type\":\"WebSite\",\"@id\":\"https:\/\/toptancantalar.com\/#website\",\"url\":\"https:\/\/toptancantalar.com\/\",\"name\":\"Toptan \u00c7antalar\",\"description\":\"Arad\u0131\u011f\u0131n T\u00fcm \u00c7antalar, Toptan \u00c7antalar &#039;da\",\"potentialAction\":[{\"@type\":\"SearchAction\",\"target\":{\"@type\":\"EntryPoint\",\"urlTemplate\":\"https:\/\/toptancantalar.com\/?s={search_term_string}\"},\"query-input\":{\"@type\":\"PropertyValueSpecification\",\"valueRequired\":true,\"valueName\":\"search_term_string\"}}],\"inLanguage\":\"en-US\"}]}<\/script>\n<!-- \/ Yoast SEO plugin. -->","yoast_head_json":{"title":"Anne Bebek Bak\u0131m S\u0131rt \u00c7antas\u0131 Biberon Termoslu S\u0131v\u0131 Ge\u00e7irmez Ask\u0131 Aparatl\u0131 - Toptan \u00c7antalar","robots":{"index":"index","follow":"follow","max-snippet":"max-snippet:-1","max-image-preview":"max-image-preview:large","max-video-preview":"max-video-preview:-1"},"canonical":"https:\/\/toptancantalar.com\/en\/product\/anne-bebek-bakim-sirt-cantasi-biberon-termoslu-sivi-gecirmez-aski-aparatli-4\/","og_locale":"en_US","og_type":"article","og_title":"Anne Bebek Bak\u0131m S\u0131rt \u00c7antas\u0131 Biberon Termoslu S\u0131v\u0131 Ge\u00e7irmez Ask\u0131 Aparatl\u0131 - Toptan \u00c7antalar","og_url":"https:\/\/toptancantalar.com\/en\/product\/anne-bebek-bakim-sirt-cantasi-biberon-termoslu-sivi-gecirmez-aski-aparatli-4\/","og_site_name":"Toptan \u00c7antalar","article_modified_time":"2025-04-28T11:06:50+00:00","og_image":[{"width":1200,"height":1800,"url":"https:\/\/toptancantalar.com\/wp-content\/uploads\/2024\/11\/1_org_zoom-11-1.webp","type":"image\/webp"}],"twitter_card":"summary_large_image","schema":{"@context":"https:\/\/schema.org","@graph":[{"@type":"WebPage","@id":"https:\/\/toptancantalar.com\/product\/anne-bebek-bakim-sirt-cantasi-biberon-termoslu-sivi-gecirmez-aski-aparatli-4\/","url":"https:\/\/toptancantalar.com\/product\/anne-bebek-bakim-sirt-cantasi-biberon-termoslu-sivi-gecirmez-aski-aparatli-4\/","name":"Anne Bebek Bak\u0131m S\u0131rt \u00c7antas\u0131 Biberon Termoslu S\u0131v\u0131 Ge\u00e7irmez Ask\u0131 Aparatl\u0131 - Toptan \u00c7antalar","isPartOf":{"@id":"https:\/\/toptancantalar.com\/#website"},"primaryImageOfPage":{"@id":"https:\/\/toptancantalar.com\/product\/anne-bebek-bakim-sirt-cantasi-biberon-termoslu-sivi-gecirmez-aski-aparatli-4\/#primaryimage"},"image":{"@id":"https:\/\/toptancantalar.com\/product\/anne-bebek-bakim-sirt-cantasi-biberon-termoslu-sivi-gecirmez-aski-aparatli-4\/#primaryimage"},"thumbnailUrl":"https:\/\/toptancantalar.com\/wp-content\/uploads\/2024\/11\/1_org_zoom-11-1.webp","datePublished":"2024-11-02T17:13:02+00:00","dateModified":"2025-04-28T11:06:50+00:00","breadcrumb":{"@id":"https:\/\/toptancantalar.com\/product\/anne-bebek-bakim-sirt-cantasi-biberon-termoslu-sivi-gecirmez-aski-aparatli-4\/#breadcrumb"},"inLanguage":"en-US","potentialAction":[{"@type":"ReadAction","target":["https:\/\/toptancantalar.com\/product\/anne-bebek-bakim-sirt-cantasi-biberon-termoslu-sivi-gecirmez-aski-aparatli-4\/"]}]},{"@type":"ImageObject","inLanguage":"en-US","@id":"https:\/\/toptancantalar.com\/product\/anne-bebek-bakim-sirt-cantasi-biberon-termoslu-sivi-gecirmez-aski-aparatli-4\/#primaryimage","url":"https:\/\/toptancantalar.com\/wp-content\/uploads\/2024\/11\/1_org_zoom-11-1.webp","contentUrl":"https:\/\/toptancantalar.com\/wp-content\/uploads\/2024\/11\/1_org_zoom-11-1.webp","width":1200,"height":1800},{"@type":"BreadcrumbList","@id":"https:\/\/toptancantalar.com\/product\/anne-bebek-bakim-sirt-cantasi-biberon-termoslu-sivi-gecirmez-aski-aparatli-4\/#breadcrumb","itemListElement":[{"@type":"ListItem","position":1,"name":"Anasayfa","item":"https:\/\/toptancantalar.com\/"},{"@type":"ListItem","position":2,"name":"\u00dcr\u00fcnler","item":"https:\/\/toptancantalar.com\/shop\/"},{"@type":"ListItem","position":3,"name":"Anne Bebek Bak\u0131m S\u0131rt \u00c7antas\u0131 Biberon Termoslu S\u0131v\u0131 Ge\u00e7irmez Ask\u0131 Aparatl\u0131"}]},{"@type":"WebSite","@id":"https:\/\/toptancantalar.com\/#website","url":"https:\/\/toptancantalar.com\/","name":"Toptan \u00c7antalar","description":"Arad\u0131\u011f\u0131n T\u00fcm \u00c7antalar, Toptan \u00c7antalar &#039;da","potentialAction":[{"@type":"SearchAction","target":{"@type":"EntryPoint","urlTemplate":"https:\/\/toptancantalar.com\/?s={search_term_string}"},"query-input":{"@type":"PropertyValueSpecification","valueRequired":true,"valueName":"search_term_string"}}],"inLanguage":"en-US"}]}},"_links":{"self":[{"href":"https:\/\/toptancantalar.com\/en\/wp-json\/wp\/v2\/product\/8558","targetHints":{"allow":["GET"]}}],"collection":[{"href":"https:\/\/toptancantalar.com\/en\/wp-json\/wp\/v2\/product"}],"about":[{"href":"https:\/\/toptancantalar.com\/en\/wp-json\/wp\/v2\/types\/product"}],"wp:featuredmedia":[{"embeddable":true,"href":"https:\/\/toptancantalar.com\/en\/wp-json\/wp\/v2\/media\/8527"}],"wp:attachment":[{"href":"https:\/\/toptancantalar.com\/en\/wp-json\/wp\/v2\/media?parent=8558"}],"wp:term":[{"taxonomy":"product_cat","embeddable":true,"href":"https:\/\/toptancantalar.com\/en\/wp-json\/wp\/v2\/product_cat?post=8558"},{"taxonomy":"product_tag","embeddable":true,"href":"https:\/\/toptancantalar.com\/en\/wp-json\/wp\/v2\/product_tag?post=8558"}],"curies":[{"name":"wp","href":"https:\/\/api.w.org\/{rel}","templated":true}]}}