{"id":6915,"date":"2024-08-29T22:45:48","date_gmt":"2024-08-29T19:45:48","guid":{"rendered":"https:\/\/toptancanta.theboldhouse.com\/?page_id=6915"},"modified":"2024-12-27T21:15:50","modified_gmt":"2024-12-27T18:15:50","slug":"toptan-cok-satanlar","status":"publish","type":"page","link":"https:\/\/toptancantalar.com\/en\/toptan-cok-satanlar\/","title":{"rendered":"Anne Bebek \u00c7antalar\u0131"},"content":{"rendered":"<div data-elementor-type=\"wp-page\" data-elementor-id=\"6915\" class=\"elementor elementor-6915\">\n\t\t\t\t<div class=\"elementor-element elementor-element-915d7e9 e-flex e-con-boxed wpr-particle-no wpr-jarallax-no wpr-parallax-no wpr-sticky-section-no e-con e-parent\" data-id=\"915d7e9\" data-element_type=\"container\">\n\t\t\t\t\t<div class=\"e-con-inner\">\n\t\t\t\t<div class=\"elementor-element elementor-element-8489bc0 elementor-widget elementor-widget-image\" data-id=\"8489bc0\" data-element_type=\"widget\" data-widget_type=\"image.default\">\n\t\t\t\t<div class=\"elementor-widget-container\">\n\t\t\t<style>\/*! elementor - v3.23.0 - 05-08-2024 *\/\n.elementor-widget-image{text-align:center}.elementor-widget-image a{display:inline-block}.elementor-widget-image a img[src$=\".svg\"]{width:48px}.elementor-widget-image img{vertical-align:middle;display:inline-block}<\/style>\t\t\t\t\t\t\t\t\t\t\t<a href=\"https:\/\/toptancantalar.com\/index.php\/shop\/\">\n\t\t\t\t\t\t\t<img fetchpriority=\"high\" decoding=\"async\" width=\"1920\" height=\"780\" src=\"https:\/\/toptancantalar.com\/wp-content\/uploads\/2024\/09\/1.png\" class=\"attachment-full size-full wp-image-7684\" alt=\"\" \/>\t\t\t\t\t\t\t\t<\/a>\n\t\t\t\t\t\t\t\t\t\t\t\t\t<\/div>\n\t\t\t\t<\/div>\n\t\t\t\t\t<\/div>\n\t\t\t\t<\/div>\n\t\t<div class=\"elementor-element elementor-element-74e9285 e-flex e-con-boxed wpr-particle-no wpr-jarallax-no wpr-parallax-no wpr-sticky-section-no e-con e-parent\" data-id=\"74e9285\" data-element_type=\"container\">\n\t\t\t\t\t<div class=\"e-con-inner\">\n\t\t\t\t<div class=\"elementor-element elementor-element-58b161d elementor-widget elementor-widget-tbay-product-tabs\" data-id=\"58b161d\" data-element_type=\"widget\" data-widget_type=\"tbay-product-tabs.default\">\n\t\t\t\t<div class=\"elementor-widget-container\">\n\t\t\t<div class=\"widget tbay-element tbay-element-product-tabs style1 widget-product-tabs widget-products widget-product-tabs widget-grid\">\r\n    \r\n\r\n    \r\n    <div class=\"tabs-container tab-heading text-center clearfix tab-v8\">\r\n                <ul class=\"product-tabs-title tabs-list nav nav-tabs\" >\r\n                                    <li class=\"active\">\r\n                <a href=\"#best_selling-qAzg7-de20e5a\" data-value=\"best_selling\" data-toggle=\"tab\" data-title=\"En \u00e7ok satanlar\" >En \u00e7ok satanlar<\/a>\r\n            <\/li>\r\n\r\n               <\/ul>\r\n    <\/div>\r\n\r\n            <div class=\"tbay-addon-content tab-content woocommerce\">\r\n                                            <div class=\"tab-pane animated fadeIn active active-content current\" id=\"best_selling-qAzg7-de20e5a\">\r\n                        <div class=\"grid-wrapper products-grid\">\r\n                        <div class=\"products products-grid\">\r\n\r\n\t\t\t<div class=\"product-tabs row grid product-tabs\" data-xlgdesktop=\"4\" data-desktop=\"4\" data-desktopsmall=\"2\" data-tablet=\"3\" data-landscape=\"2\" data-mobile=\"2\">\r\n\t\r\n\t\t\t<\/div>\r\n<\/div>\r\n\r\n                        <\/div>\r\n                    <\/div>\r\n                     \r\n        <\/div>\r\n        \r\n    \r\n<\/div>\t\t<\/div>\n\t\t\t\t<\/div>\n\t\t\t\t\t<\/div>\n\t\t\t\t<\/div>\n\t\t\t\t<\/div>","protected":false},"excerpt":{"rendered":"<p>En \u00e7ok satanlar Wishlist Anne Bebek Bak\u0131m S\u0131rt \u00c7antas\u0131 Biberon Termoslu S\u0131v\u0131 Ge\u00e7irmez Ask\u0131 Aparatl\u0131 &#8378;199,90 Sepete Ekle Wishlist Anne Bebek Bak\u0131m S\u0131rt \u00c7antas\u0131 Biberon Termoslu S\u0131v\u0131 Ge\u00e7irmez Ask\u0131 Aparatl\u0131 &#8378;199,90 Sepete Ekle Wishlist Anne Bebek Bak\u0131m S\u0131rt \u00c7antas\u0131 Biberon Termoslu S\u0131v\u0131 Ge\u00e7irmez Ask\u0131 Aparatl\u0131 &#8378;199,90 Sepete Ekle Wishlist Anne Bebek Bak\u0131m S\u0131rt \u00c7antas\u0131 Biberon Termoslu S\u0131v\u0131 Ge\u00e7irmez Ask\u0131 Aparatl\u0131 &#8378;199,90 Sepete Ekle Wishlist Anne Bebek Bak\u0131m S\u0131rt \u00c7antas\u0131 Biberon Termoslu S\u0131v\u0131 Ge\u00e7irmez Ask\u0131 Aparatl\u0131 &#8378;199,90 Sepete Ekle Wishlist Anne Bebek Bak\u0131m S\u0131rt \u00c7antas\u0131 Biberon Termoslu S\u0131v\u0131 Ge\u00e7irmez Ask\u0131 Aparatl\u0131 &#8378;199,90 Sepete Ekle Wishlist Anne Bebek Bak\u0131m S\u0131rt \u00c7antas\u0131 Biberon Termoslu S\u0131v\u0131 Ge\u00e7irmez Ask\u0131 Aparatl\u0131 &#8378;199,90 Sepete Ekle Wishlist Anne Bebek Bak\u0131m S\u0131rt \u00c7antas\u0131 Biberon Termoslu S\u0131v\u0131 Ge\u00e7irmez Ask\u0131 Aparatl\u0131 &#8378;199,90 Sepete Ekle Wishlist Anne Bebek Bak\u0131m S\u0131rt \u00c7antas\u0131 Biberon Termoslu S\u0131v\u0131 Ge\u00e7irmez Ask\u0131 Aparatl\u0131 &#8378;199,90 Sepete Ekle Wishlist Anne Bebek Bak\u0131m S\u0131rt \u00c7antas\u0131 Biberon Termoslu S\u0131v\u0131 Ge\u00e7irmez Ask\u0131 Aparatl\u0131 &#8378;199,90 Sepete Ekle Wishlist Anne Bebek Bak\u0131m S\u0131rt \u00c7antas\u0131 Biberon Termoslu S\u0131v\u0131 Ge\u00e7irmez Ask\u0131 Aparatl\u0131 &#8378;199,90 Sepete Ekle Wishlist Anne Bebek Bak\u0131m S\u0131rt \u00c7antas\u0131 Biberon Termoslu S\u0131v\u0131 Ge\u00e7irmez Ask\u0131 Aparatl\u0131 &#8378;199,90 Sepete Ekle Wishlist Anne Bebek Bak\u0131m S\u0131rt \u00c7antas\u0131 Biberon Termoslu S\u0131v\u0131 Ge\u00e7irmez Ask\u0131 Aparatl\u0131 &#8378;199,90 Sepete Ekle<\/p>","protected":false},"author":1,"featured_media":0,"parent":0,"menu_order":0,"comment_status":"closed","ping_status":"closed","template":"","meta":{"footnotes":""},"class_list":["post-6915","page","type-page","status-publish","hentry"],"yoast_head":"<!-- This site is optimized with the Yoast SEO plugin v25.5 - https:\/\/yoast.com\/wordpress\/plugins\/seo\/ -->\n<title>Anne Bebek \u00c7antalar\u0131 - Toptan \u00c7antalar<\/title>\n<meta name=\"robots\" content=\"index, follow, max-snippet:-1, max-image-preview:large, max-video-preview:-1\" \/>\n<link rel=\"canonical\" href=\"https:\/\/toptancantalar.com\/en\/toptan-cok-satanlar\/\" \/>\n<meta property=\"og:locale\" content=\"en_US\" \/>\n<meta property=\"og:type\" content=\"article\" \/>\n<meta property=\"og:title\" content=\"Anne Bebek \u00c7antalar\u0131 - Toptan \u00c7antalar\" \/>\n<meta property=\"og:description\" content=\"En \u00e7ok satanlar Wishlist Anne Bebek Bak\u0131m S\u0131rt \u00c7antas\u0131 Biberon Termoslu S\u0131v\u0131 Ge\u00e7irmez Ask\u0131 Aparatl\u0131 &#8378;199,90 Sepete Ekle Wishlist Anne Bebek Bak\u0131m S\u0131rt \u00c7antas\u0131 Biberon Termoslu S\u0131v\u0131 Ge\u00e7irmez Ask\u0131 Aparatl\u0131 &#8378;199,90 Sepete Ekle Wishlist Anne Bebek Bak\u0131m S\u0131rt \u00c7antas\u0131 Biberon Termoslu S\u0131v\u0131 Ge\u00e7irmez Ask\u0131 Aparatl\u0131 &#8378;199,90 Sepete Ekle Wishlist Anne Bebek Bak\u0131m S\u0131rt \u00c7antas\u0131 Biberon Termoslu S\u0131v\u0131 Ge\u00e7irmez Ask\u0131 Aparatl\u0131 &#8378;199,90 Sepete Ekle Wishlist Anne Bebek Bak\u0131m S\u0131rt \u00c7antas\u0131 Biberon Termoslu S\u0131v\u0131 Ge\u00e7irmez Ask\u0131 Aparatl\u0131 &#8378;199,90 Sepete Ekle Wishlist Anne Bebek Bak\u0131m S\u0131rt \u00c7antas\u0131 Biberon Termoslu S\u0131v\u0131 Ge\u00e7irmez Ask\u0131 Aparatl\u0131 &#8378;199,90 Sepete Ekle Wishlist Anne Bebek Bak\u0131m S\u0131rt \u00c7antas\u0131 Biberon Termoslu S\u0131v\u0131 Ge\u00e7irmez Ask\u0131 Aparatl\u0131 &#8378;199,90 Sepete Ekle Wishlist Anne Bebek Bak\u0131m S\u0131rt \u00c7antas\u0131 Biberon Termoslu S\u0131v\u0131 Ge\u00e7irmez Ask\u0131 Aparatl\u0131 &#8378;199,90 Sepete Ekle Wishlist Anne Bebek Bak\u0131m S\u0131rt \u00c7antas\u0131 Biberon Termoslu S\u0131v\u0131 Ge\u00e7irmez Ask\u0131 Aparatl\u0131 &#8378;199,90 Sepete Ekle Wishlist Anne Bebek Bak\u0131m S\u0131rt \u00c7antas\u0131 Biberon Termoslu S\u0131v\u0131 Ge\u00e7irmez Ask\u0131 Aparatl\u0131 &#8378;199,90 Sepete Ekle Wishlist Anne Bebek Bak\u0131m S\u0131rt \u00c7antas\u0131 Biberon Termoslu S\u0131v\u0131 Ge\u00e7irmez Ask\u0131 Aparatl\u0131 &#8378;199,90 Sepete Ekle Wishlist Anne Bebek Bak\u0131m S\u0131rt \u00c7antas\u0131 Biberon Termoslu S\u0131v\u0131 Ge\u00e7irmez Ask\u0131 Aparatl\u0131 &#8378;199,90 Sepete Ekle Wishlist Anne Bebek Bak\u0131m S\u0131rt \u00c7antas\u0131 Biberon Termoslu S\u0131v\u0131 Ge\u00e7irmez Ask\u0131 Aparatl\u0131 &#8378;199,90 Sepete Ekle\" \/>\n<meta property=\"og:url\" content=\"https:\/\/toptancantalar.com\/en\/toptan-cok-satanlar\/\" \/>\n<meta property=\"og:site_name\" content=\"Toptan \u00c7antalar\" \/>\n<meta property=\"article:modified_time\" content=\"2024-12-27T18:15:50+00:00\" \/>\n<meta property=\"og:image\" content=\"https:\/\/toptancantalar.com\/wp-content\/uploads\/2024\/09\/1.png\" \/>\n\t<meta property=\"og:image:width\" content=\"1920\" \/>\n\t<meta property=\"og:image:height\" content=\"780\" \/>\n\t<meta property=\"og:image:type\" content=\"image\/png\" \/>\n<meta name=\"twitter:card\" content=\"summary_large_image\" \/>\n<meta name=\"twitter:label1\" content=\"Est. reading time\" \/>\n\t<meta name=\"twitter:data1\" content=\"1 minute\" \/>\n<script type=\"application\/ld+json\" class=\"yoast-schema-graph\">{\"@context\":\"https:\/\/schema.org\",\"@graph\":[{\"@type\":\"WebPage\",\"@id\":\"https:\/\/toptancantalar.com\/toptan-cok-satanlar\/\",\"url\":\"https:\/\/toptancantalar.com\/toptan-cok-satanlar\/\",\"name\":\"Anne Bebek \u00c7antalar\u0131 - Toptan \u00c7antalar\",\"isPartOf\":{\"@id\":\"https:\/\/toptancantalar.com\/#website\"},\"primaryImageOfPage\":{\"@id\":\"https:\/\/toptancantalar.com\/toptan-cok-satanlar\/#primaryimage\"},\"image\":{\"@id\":\"https:\/\/toptancantalar.com\/toptan-cok-satanlar\/#primaryimage\"},\"thumbnailUrl\":\"https:\/\/toptancantalar.com\/wp-content\/uploads\/2024\/09\/1.png\",\"datePublished\":\"2024-08-29T19:45:48+00:00\",\"dateModified\":\"2024-12-27T18:15:50+00:00\",\"breadcrumb\":{\"@id\":\"https:\/\/toptancantalar.com\/toptan-cok-satanlar\/#breadcrumb\"},\"inLanguage\":\"en-US\",\"potentialAction\":[{\"@type\":\"ReadAction\",\"target\":[\"https:\/\/toptancantalar.com\/toptan-cok-satanlar\/\"]}]},{\"@type\":\"ImageObject\",\"inLanguage\":\"en-US\",\"@id\":\"https:\/\/toptancantalar.com\/toptan-cok-satanlar\/#primaryimage\",\"url\":\"https:\/\/toptancantalar.com\/wp-content\/uploads\/2024\/09\/1.png\",\"contentUrl\":\"https:\/\/toptancantalar.com\/wp-content\/uploads\/2024\/09\/1.png\"},{\"@type\":\"BreadcrumbList\",\"@id\":\"https:\/\/toptancantalar.com\/toptan-cok-satanlar\/#breadcrumb\",\"itemListElement\":[{\"@type\":\"ListItem\",\"position\":1,\"name\":\"Anasayfa\",\"item\":\"https:\/\/toptancantalar.com\/\"},{\"@type\":\"ListItem\",\"position\":2,\"name\":\"Anne Bebek \u00c7antalar\u0131\"}]},{\"@type\":\"WebSite\",\"@id\":\"https:\/\/toptancantalar.com\/#website\",\"url\":\"https:\/\/toptancantalar.com\/\",\"name\":\"Toptan \u00c7antalar\",\"description\":\"Arad\u0131\u011f\u0131n T\u00fcm \u00c7antalar, Toptan \u00c7antalar &#039;da\",\"potentialAction\":[{\"@type\":\"SearchAction\",\"target\":{\"@type\":\"EntryPoint\",\"urlTemplate\":\"https:\/\/toptancantalar.com\/?s={search_term_string}\"},\"query-input\":{\"@type\":\"PropertyValueSpecification\",\"valueRequired\":true,\"valueName\":\"search_term_string\"}}],\"inLanguage\":\"en-US\"}]}<\/script>\n<!-- \/ Yoast SEO plugin. -->","yoast_head_json":{"title":"Anne Bebek \u00c7antalar\u0131 - Toptan \u00c7antalar","robots":{"index":"index","follow":"follow","max-snippet":"max-snippet:-1","max-image-preview":"max-image-preview:large","max-video-preview":"max-video-preview:-1"},"canonical":"https:\/\/toptancantalar.com\/en\/toptan-cok-satanlar\/","og_locale":"en_US","og_type":"article","og_title":"Anne Bebek \u00c7antalar\u0131 - Toptan \u00c7antalar","og_description":"En \u00e7ok satanlar Wishlist Anne Bebek Bak\u0131m S\u0131rt \u00c7antas\u0131 Biberon Termoslu S\u0131v\u0131 Ge\u00e7irmez Ask\u0131 Aparatl\u0131 &#8378;199,90 Sepete Ekle Wishlist Anne Bebek Bak\u0131m S\u0131rt \u00c7antas\u0131 Biberon Termoslu S\u0131v\u0131 Ge\u00e7irmez Ask\u0131 Aparatl\u0131 &#8378;199,90 Sepete Ekle Wishlist Anne Bebek Bak\u0131m S\u0131rt \u00c7antas\u0131 Biberon Termoslu S\u0131v\u0131 Ge\u00e7irmez Ask\u0131 Aparatl\u0131 &#8378;199,90 Sepete Ekle Wishlist Anne Bebek Bak\u0131m S\u0131rt \u00c7antas\u0131 Biberon Termoslu S\u0131v\u0131 Ge\u00e7irmez Ask\u0131 Aparatl\u0131 &#8378;199,90 Sepete Ekle Wishlist Anne Bebek Bak\u0131m S\u0131rt \u00c7antas\u0131 Biberon Termoslu S\u0131v\u0131 Ge\u00e7irmez Ask\u0131 Aparatl\u0131 &#8378;199,90 Sepete Ekle Wishlist Anne Bebek Bak\u0131m S\u0131rt \u00c7antas\u0131 Biberon Termoslu S\u0131v\u0131 Ge\u00e7irmez Ask\u0131 Aparatl\u0131 &#8378;199,90 Sepete Ekle Wishlist Anne Bebek Bak\u0131m S\u0131rt \u00c7antas\u0131 Biberon Termoslu S\u0131v\u0131 Ge\u00e7irmez Ask\u0131 Aparatl\u0131 &#8378;199,90 Sepete Ekle Wishlist Anne Bebek Bak\u0131m S\u0131rt \u00c7antas\u0131 Biberon Termoslu S\u0131v\u0131 Ge\u00e7irmez Ask\u0131 Aparatl\u0131 &#8378;199,90 Sepete Ekle Wishlist Anne Bebek Bak\u0131m S\u0131rt \u00c7antas\u0131 Biberon Termoslu S\u0131v\u0131 Ge\u00e7irmez Ask\u0131 Aparatl\u0131 &#8378;199,90 Sepete Ekle Wishlist Anne Bebek Bak\u0131m S\u0131rt \u00c7antas\u0131 Biberon Termoslu S\u0131v\u0131 Ge\u00e7irmez Ask\u0131 Aparatl\u0131 &#8378;199,90 Sepete Ekle Wishlist Anne Bebek Bak\u0131m S\u0131rt \u00c7antas\u0131 Biberon Termoslu S\u0131v\u0131 Ge\u00e7irmez Ask\u0131 Aparatl\u0131 &#8378;199,90 Sepete Ekle Wishlist Anne Bebek Bak\u0131m S\u0131rt \u00c7antas\u0131 Biberon Termoslu S\u0131v\u0131 Ge\u00e7irmez Ask\u0131 Aparatl\u0131 &#8378;199,90 Sepete Ekle Wishlist Anne Bebek Bak\u0131m S\u0131rt \u00c7antas\u0131 Biberon Termoslu S\u0131v\u0131 Ge\u00e7irmez Ask\u0131 Aparatl\u0131 &#8378;199,90 Sepete Ekle","og_url":"https:\/\/toptancantalar.com\/en\/toptan-cok-satanlar\/","og_site_name":"Toptan \u00c7antalar","article_modified_time":"2024-12-27T18:15:50+00:00","og_image":[{"width":1920,"height":780,"url":"https:\/\/toptancantalar.com\/wp-content\/uploads\/2024\/09\/1.png","type":"image\/png"}],"twitter_card":"summary_large_image","twitter_misc":{"Est. reading time":"1 minute"},"schema":{"@context":"https:\/\/schema.org","@graph":[{"@type":"WebPage","@id":"https:\/\/toptancantalar.com\/toptan-cok-satanlar\/","url":"https:\/\/toptancantalar.com\/toptan-cok-satanlar\/","name":"Anne Bebek \u00c7antalar\u0131 - Toptan \u00c7antalar","isPartOf":{"@id":"https:\/\/toptancantalar.com\/#website"},"primaryImageOfPage":{"@id":"https:\/\/toptancantalar.com\/toptan-cok-satanlar\/#primaryimage"},"image":{"@id":"https:\/\/toptancantalar.com\/toptan-cok-satanlar\/#primaryimage"},"thumbnailUrl":"https:\/\/toptancantalar.com\/wp-content\/uploads\/2024\/09\/1.png","datePublished":"2024-08-29T19:45:48+00:00","dateModified":"2024-12-27T18:15:50+00:00","breadcrumb":{"@id":"https:\/\/toptancantalar.com\/toptan-cok-satanlar\/#breadcrumb"},"inLanguage":"en-US","potentialAction":[{"@type":"ReadAction","target":["https:\/\/toptancantalar.com\/toptan-cok-satanlar\/"]}]},{"@type":"ImageObject","inLanguage":"en-US","@id":"https:\/\/toptancantalar.com\/toptan-cok-satanlar\/#primaryimage","url":"https:\/\/toptancantalar.com\/wp-content\/uploads\/2024\/09\/1.png","contentUrl":"https:\/\/toptancantalar.com\/wp-content\/uploads\/2024\/09\/1.png"},{"@type":"BreadcrumbList","@id":"https:\/\/toptancantalar.com\/toptan-cok-satanlar\/#breadcrumb","itemListElement":[{"@type":"ListItem","position":1,"name":"Anasayfa","item":"https:\/\/toptancantalar.com\/"},{"@type":"ListItem","position":2,"name":"Anne Bebek \u00c7antalar\u0131"}]},{"@type":"WebSite","@id":"https:\/\/toptancantalar.com\/#website","url":"https:\/\/toptancantalar.com\/","name":"Toptan \u00c7antalar","description":"Arad\u0131\u011f\u0131n T\u00fcm \u00c7antalar, Toptan \u00c7antalar &#039;da","potentialAction":[{"@type":"SearchAction","target":{"@type":"EntryPoint","urlTemplate":"https:\/\/toptancantalar.com\/?s={search_term_string}"},"query-input":{"@type":"PropertyValueSpecification","valueRequired":true,"valueName":"search_term_string"}}],"inLanguage":"en-US"}]}},"_links":{"self":[{"href":"https:\/\/toptancantalar.com\/en\/wp-json\/wp\/v2\/pages\/6915","targetHints":{"allow":["GET"]}}],"collection":[{"href":"https:\/\/toptancantalar.com\/en\/wp-json\/wp\/v2\/pages"}],"about":[{"href":"https:\/\/toptancantalar.com\/en\/wp-json\/wp\/v2\/types\/page"}],"author":[{"embeddable":true,"href":"https:\/\/toptancantalar.com\/en\/wp-json\/wp\/v2\/users\/1"}],"replies":[{"embeddable":true,"href":"https:\/\/toptancantalar.com\/en\/wp-json\/wp\/v2\/comments?post=6915"}],"version-history":[{"count":22,"href":"https:\/\/toptancantalar.com\/en\/wp-json\/wp\/v2\/pages\/6915\/revisions"}],"predecessor-version":[{"id":8911,"href":"https:\/\/toptancantalar.com\/en\/wp-json\/wp\/v2\/pages\/6915\/revisions\/8911"}],"wp:attachment":[{"href":"https:\/\/toptancantalar.com\/en\/wp-json\/wp\/v2\/media?parent=6915"}],"curies":[{"name":"wp","href":"https:\/\/api.w.org\/{rel}","templated":true}]}}