{"id":6580,"date":"2024-08-28T15:28:23","date_gmt":"2024-08-28T12:28:23","guid":{"rendered":"https:\/\/elementor3.thembay.com\/puca\/?page_id=5814"},"modified":"2024-09-05T22:14:33","modified_gmt":"2024-09-05T19:14:33","slug":"refund_returns","status":"publish","type":"page","link":"https:\/\/toptancantalar.com\/en\/refund_returns\/","title":{"rendered":"\u0130ade ve Geri \u00d6deme Ko\u015fullar\u0131"},"content":{"rendered":"<p><strong>1. \u0130leti\u015fim<\/strong><\/p><ul class=\"wp-block-list\"><li>\u0130ade ve geri \u00f6deme talepleriniz veya sorular\u0131n\u0131z i\u00e7in +90(530)4056019 \u00fczerinden m\u00fc\u015fteri hizmetlerimizle ileti\u015fime ge\u00e7ebilirsiniz.<\/li><\/ul><p><\/p>","protected":false},"excerpt":{"rendered":"<p>1. \u0130leti\u015fim<\/p>","protected":false},"author":1,"featured_media":0,"parent":0,"menu_order":0,"comment_status":"closed","ping_status":"closed","template":"","meta":{"footnotes":""},"class_list":["post-6580","page","type-page","status-publish","hentry"],"yoast_head":"<!-- This site is optimized with the Yoast SEO plugin v25.5 - https:\/\/yoast.com\/wordpress\/plugins\/seo\/ -->\n<title>\u0130ade ve Geri \u00d6deme Ko\u015fullar\u0131 - Toptan \u00c7antalar<\/title>\n<meta name=\"robots\" content=\"index, follow, max-snippet:-1, max-image-preview:large, max-video-preview:-1\" \/>\n<link rel=\"canonical\" href=\"https:\/\/toptancantalar.com\/en\/refund_returns\/\" \/>\n<meta property=\"og:locale\" content=\"en_US\" \/>\n<meta property=\"og:type\" content=\"article\" \/>\n<meta property=\"og:title\" content=\"\u0130ade ve Geri \u00d6deme Ko\u015fullar\u0131 - Toptan \u00c7antalar\" \/>\n<meta property=\"og:description\" content=\"1. \u0130leti\u015fim\" \/>\n<meta property=\"og:url\" content=\"https:\/\/toptancantalar.com\/en\/refund_returns\/\" \/>\n<meta property=\"og:site_name\" content=\"Toptan \u00c7antalar\" \/>\n<meta property=\"article:modified_time\" content=\"2024-09-05T19:14:33+00:00\" \/>\n<meta name=\"twitter:card\" content=\"summary_large_image\" \/>\n<script type=\"application\/ld+json\" class=\"yoast-schema-graph\">{\"@context\":\"https:\/\/schema.org\",\"@graph\":[{\"@type\":\"WebPage\",\"@id\":\"https:\/\/toptancantalar.com\/refund_returns\/\",\"url\":\"https:\/\/toptancantalar.com\/refund_returns\/\",\"name\":\"\u0130ade ve Geri \u00d6deme Ko\u015fullar\u0131 - Toptan \u00c7antalar\",\"isPartOf\":{\"@id\":\"https:\/\/toptancantalar.com\/#website\"},\"datePublished\":\"2024-08-28T12:28:23+00:00\",\"dateModified\":\"2024-09-05T19:14:33+00:00\",\"breadcrumb\":{\"@id\":\"https:\/\/toptancantalar.com\/refund_returns\/#breadcrumb\"},\"inLanguage\":\"en-US\",\"potentialAction\":[{\"@type\":\"ReadAction\",\"target\":[\"https:\/\/toptancantalar.com\/refund_returns\/\"]}]},{\"@type\":\"BreadcrumbList\",\"@id\":\"https:\/\/toptancantalar.com\/refund_returns\/#breadcrumb\",\"itemListElement\":[{\"@type\":\"ListItem\",\"position\":1,\"name\":\"Anasayfa\",\"item\":\"https:\/\/toptancantalar.com\/\"},{\"@type\":\"ListItem\",\"position\":2,\"name\":\"\u0130ade ve Geri \u00d6deme Ko\u015fullar\u0131\"}]},{\"@type\":\"WebSite\",\"@id\":\"https:\/\/toptancantalar.com\/#website\",\"url\":\"https:\/\/toptancantalar.com\/\",\"name\":\"Toptan \u00c7antalar\",\"description\":\"Arad\u0131\u011f\u0131n T\u00fcm \u00c7antalar, Toptan \u00c7antalar &#039;da\",\"potentialAction\":[{\"@type\":\"SearchAction\",\"target\":{\"@type\":\"EntryPoint\",\"urlTemplate\":\"https:\/\/toptancantalar.com\/?s={search_term_string}\"},\"query-input\":{\"@type\":\"PropertyValueSpecification\",\"valueRequired\":true,\"valueName\":\"search_term_string\"}}],\"inLanguage\":\"en-US\"}]}<\/script>\n<!-- \/ Yoast SEO plugin. -->","yoast_head_json":{"title":"\u0130ade ve Geri \u00d6deme Ko\u015fullar\u0131 - Toptan \u00c7antalar","robots":{"index":"index","follow":"follow","max-snippet":"max-snippet:-1","max-image-preview":"max-image-preview:large","max-video-preview":"max-video-preview:-1"},"canonical":"https:\/\/toptancantalar.com\/en\/refund_returns\/","og_locale":"en_US","og_type":"article","og_title":"\u0130ade ve Geri \u00d6deme Ko\u015fullar\u0131 - Toptan \u00c7antalar","og_description":"1. \u0130leti\u015fim","og_url":"https:\/\/toptancantalar.com\/en\/refund_returns\/","og_site_name":"Toptan \u00c7antalar","article_modified_time":"2024-09-05T19:14:33+00:00","twitter_card":"summary_large_image","schema":{"@context":"https:\/\/schema.org","@graph":[{"@type":"WebPage","@id":"https:\/\/toptancantalar.com\/refund_returns\/","url":"https:\/\/toptancantalar.com\/refund_returns\/","name":"\u0130ade ve Geri \u00d6deme Ko\u015fullar\u0131 - Toptan \u00c7antalar","isPartOf":{"@id":"https:\/\/toptancantalar.com\/#website"},"datePublished":"2024-08-28T12:28:23+00:00","dateModified":"2024-09-05T19:14:33+00:00","breadcrumb":{"@id":"https:\/\/toptancantalar.com\/refund_returns\/#breadcrumb"},"inLanguage":"en-US","potentialAction":[{"@type":"ReadAction","target":["https:\/\/toptancantalar.com\/refund_returns\/"]}]},{"@type":"BreadcrumbList","@id":"https:\/\/toptancantalar.com\/refund_returns\/#breadcrumb","itemListElement":[{"@type":"ListItem","position":1,"name":"Anasayfa","item":"https:\/\/toptancantalar.com\/"},{"@type":"ListItem","position":2,"name":"\u0130ade ve Geri \u00d6deme Ko\u015fullar\u0131"}]},{"@type":"WebSite","@id":"https:\/\/toptancantalar.com\/#website","url":"https:\/\/toptancantalar.com\/","name":"Toptan \u00c7antalar","description":"Arad\u0131\u011f\u0131n T\u00fcm \u00c7antalar, Toptan \u00c7antalar &#039;da","potentialAction":[{"@type":"SearchAction","target":{"@type":"EntryPoint","urlTemplate":"https:\/\/toptancantalar.com\/?s={search_term_string}"},"query-input":{"@type":"PropertyValueSpecification","valueRequired":true,"valueName":"search_term_string"}}],"inLanguage":"en-US"}]}},"_links":{"self":[{"href":"https:\/\/toptancantalar.com\/en\/wp-json\/wp\/v2\/pages\/6580","targetHints":{"allow":["GET"]}}],"collection":[{"href":"https:\/\/toptancantalar.com\/en\/wp-json\/wp\/v2\/pages"}],"about":[{"href":"https:\/\/toptancantalar.com\/en\/wp-json\/wp\/v2\/types\/page"}],"author":[{"embeddable":true,"href":"https:\/\/toptancantalar.com\/en\/wp-json\/wp\/v2\/users\/1"}],"replies":[{"embeddable":true,"href":"https:\/\/toptancantalar.com\/en\/wp-json\/wp\/v2\/comments?post=6580"}],"version-history":[{"count":2,"href":"https:\/\/toptancantalar.com\/en\/wp-json\/wp\/v2\/pages\/6580\/revisions"}],"predecessor-version":[{"id":7137,"href":"https:\/\/toptancantalar.com\/en\/wp-json\/wp\/v2\/pages\/6580\/revisions\/7137"}],"wp:attachment":[{"href":"https:\/\/toptancantalar.com\/en\/wp-json\/wp\/v2\/media?parent=6580"}],"curies":[{"name":"wp","href":"https:\/\/api.w.org\/{rel}","templated":true}]}}