{"id":1662,"date":"2017-09-12T08:34:40","date_gmt":"2017-09-12T08:34:40","guid":{"rendered":"https:\/\/elementor3.thembay.com\/puca\/?page_id=1662"},"modified":"2024-09-06T15:18:14","modified_gmt":"2024-09-06T12:18:14","slug":"terms-of-use","status":"publish","type":"page","link":"https:\/\/toptancantalar.com\/en\/terms-of-use\/","title":{"rendered":"Kullan\u0131m \u015eartlar\u0131"},"content":{"rendered":"<div data-elementor-type=\"wp-page\" data-elementor-id=\"1662\" class=\"elementor elementor-1662\">\n\t\t\t\t\t\t<section class=\"elementor-section elementor-top-section elementor-element elementor-element-96734c5 elementor-section-boxed elementor-section-height-default elementor-section-height-default wpr-particle-no wpr-jarallax-no wpr-parallax-no wpr-sticky-section-no\" data-id=\"96734c5\" data-element_type=\"section\">\n\t\t\t\t\t\t<div class=\"elementor-container elementor-column-gap-default\">\n\t\t\t\t\t<div class=\"elementor-column elementor-col-100 elementor-top-column elementor-element elementor-element-2aa778e\" data-id=\"2aa778e\" data-element_type=\"column\">\n\t\t\t<div class=\"elementor-widget-wrap elementor-element-populated\">\n\t\t\t\t\t\t<div class=\"elementor-element elementor-element-4e4261e elementor-widget elementor-widget-tbay-heading\" data-id=\"4e4261e\" data-element_type=\"widget\" data-widget_type=\"tbay-heading.default\">\n\t\t\t\t<div class=\"elementor-widget-container\">\n\t\t\t\r\n<div class=\"widget tbay-element tbay-element-heading\">\r\n\t\t\t\t<h3 class=\"heading-tbay-title widget-title\">\r\n\t\t\t\t\t\t\t\t\t<span class=\"title\">#g\u00fcvenli al\u0131\u015fveri\u015f<\/span>\r\n\t\t\t\t\t    \t\r\n\t\t\t\t\t\t\t\t\t<span class=\"subtitle\">Kullan\u0131m \u015eartlar\u0131<\/span>\r\n\t\t\t\t\t\t\t<\/h3>\r\n\t\t<\/div>\t\t<\/div>\n\t\t\t\t<\/div>\n\t\t\t\t\t<\/div>\n\t\t<\/div>\n\t\t\t\t\t<\/div>\n\t\t<\/section>\n\t\t\t\t<section class=\"elementor-section elementor-top-section elementor-element elementor-element-d12fb76 elementor-section-boxed elementor-section-height-default elementor-section-height-default wpr-particle-no wpr-jarallax-no wpr-parallax-no wpr-sticky-section-no\" data-id=\"d12fb76\" data-element_type=\"section\">\n\t\t\t\t\t\t<div class=\"elementor-container elementor-column-gap-default\">\n\t\t\t\t\t<div class=\"elementor-column elementor-col-100 elementor-top-column elementor-element elementor-element-77a3fbd\" data-id=\"77a3fbd\" data-element_type=\"column\">\n\t\t\t<div class=\"elementor-widget-wrap elementor-element-populated\">\n\t\t\t\t\t\t<div class=\"elementor-element elementor-element-bce0e63 elementor-widget elementor-widget-text-editor\" data-id=\"bce0e63\" data-element_type=\"widget\" data-widget_type=\"text-editor.default\">\n\t\t\t\t<div class=\"elementor-widget-container\">\n\t\t\t<style>\/*! elementor - v3.23.0 - 05-08-2024 *\/\n.elementor-widget-text-editor.elementor-drop-cap-view-stacked .elementor-drop-cap{background-color:#69727d;color:#fff}.elementor-widget-text-editor.elementor-drop-cap-view-framed .elementor-drop-cap{color:#69727d;border:3px solid;background-color:transparent}.elementor-widget-text-editor:not(.elementor-drop-cap-view-default) .elementor-drop-cap{margin-top:8px}.elementor-widget-text-editor:not(.elementor-drop-cap-view-default) .elementor-drop-cap-letter{width:1em;height:1em}.elementor-widget-text-editor .elementor-drop-cap{float:left;text-align:center;line-height:1;font-size:50px}.elementor-widget-text-editor .elementor-drop-cap-letter{display:inline-block}<\/style>\t\t\t\t<p><strong>1. Kullan\u0131m Ko\u015fullar\u0131<\/strong><\/p><ul><li>Siteyi sadece yasal ama\u00e7lar i\u00e7in kullanabilirsiniz.<\/li><li>Siteye zarar vermemek, ba\u015fkalar\u0131n\u0131n ki\u015fisel bilgilerini izinsiz kullanmamak ve Site\u2019yi yasa d\u0131\u015f\u0131 faaliyetler i\u00e7in kullanmamakla y\u00fck\u00fcml\u00fcs\u00fcn\u00fcz.<\/li><\/ul><p><strong>2. Fikri M\u00fclkiyet<\/strong><\/p><ul><li>Site \u00fczerindeki t\u00fcm i\u00e7erikler, grafikler, yaz\u0131lar ve tasar\u0131mlar Toptan Laz\u0131m&#8217;a aittir ve izinsiz kullan\u0131m\u0131 yasakt\u0131r.<\/li><\/ul><p><strong>3. \u00dcr\u00fcn ve Hizmetler<\/strong><\/p><ul><li>Site \u00fczerindeki \u00fcr\u00fcn ve hizmetler, sa\u011flanan bilgiler do\u011frultusunda sunulur. \u00dcr\u00fcn ve hizmetlerin i\u00e7eri\u011fi ve fiyatlar\u0131 de\u011fi\u015ftirilebilir.<\/li><\/ul><p><strong>4. Sorumluluk Reddi<\/strong><\/p><ul><li>Site, sa\u011flanan bilgilerin do\u011frulu\u011funu garanti etmez ve Siteyi kullanman\u0131z sonucunda do\u011fabilecek zararlardan sorumlu tutulamaz.<\/li><\/ul><p><strong>5. De\u011fi\u015fiklikler<\/strong><\/p><ul><li>Bu Kullan\u0131m \u015eartlar\u0131 zaman zaman de\u011fi\u015ftirilebilir. De\u011fi\u015fiklikler Site\u2019de yay\u0131mland\u0131\u011f\u0131nda y\u00fcr\u00fcrl\u00fc\u011fe girer.<\/li><\/ul><p><strong>6. \u0130leti\u015fim<\/strong><\/p><ul><li>Herhangi bir sorunuz varsa, +90(530)4056019 \u00fczerinden bizimle ileti\u015fime ge\u00e7ebilirsiniz.<\/li><\/ul>\t\t\t\t\t\t<\/div>\n\t\t\t\t<\/div>\n\t\t\t\t\t<\/div>\n\t\t<\/div>\n\t\t\t\t\t<\/div>\n\t\t<\/section>\n\t\t\t\t<\/div>","protected":false},"excerpt":{"rendered":"<p>#g\u00fcvenli al\u0131\u015fveri\u015f Kullan\u0131m \u015eartlar\u0131 1. Kullan\u0131m Ko\u015fullar\u0131 Siteyi sadece yasal ama\u00e7lar i\u00e7in kullanabilirsiniz. Siteye zarar vermemek, ba\u015fkalar\u0131n\u0131n ki\u015fisel bilgilerini izinsiz kullanmamak ve Site\u2019yi yasa d\u0131\u015f\u0131 faaliyetler i\u00e7in kullanmamakla y\u00fck\u00fcml\u00fcs\u00fcn\u00fcz. 2. Fikri M\u00fclkiyet Site \u00fczerindeki t\u00fcm i\u00e7erikler, grafikler, yaz\u0131lar ve tasar\u0131mlar Toptan Laz\u0131m&#8217;a aittir ve izinsiz kullan\u0131m\u0131 yasakt\u0131r. 3. \u00dcr\u00fcn ve Hizmetler Site \u00fczerindeki \u00fcr\u00fcn ve hizmetler, sa\u011flanan bilgiler do\u011frultusunda sunulur. \u00dcr\u00fcn ve hizmetlerin i\u00e7eri\u011fi ve fiyatlar\u0131 de\u011fi\u015ftirilebilir. 4. Sorumluluk Reddi Site, sa\u011flanan bilgilerin do\u011frulu\u011funu garanti etmez ve Siteyi kullanman\u0131z sonucunda do\u011fabilecek zararlardan sorumlu tutulamaz. 5. De\u011fi\u015fiklikler Bu Kullan\u0131m \u015eartlar\u0131 zaman zaman de\u011fi\u015ftirilebilir. De\u011fi\u015fiklikler Site\u2019de yay\u0131mland\u0131\u011f\u0131nda y\u00fcr\u00fcrl\u00fc\u011fe girer. 6. \u0130leti\u015fim Herhangi bir sorunuz varsa, +90(530)4056019 \u00fczerinden bizimle ileti\u015fime ge\u00e7ebilirsiniz.<\/p>","protected":false},"author":1,"featured_media":0,"parent":0,"menu_order":0,"comment_status":"closed","ping_status":"closed","template":"","meta":{"footnotes":""},"class_list":["post-1662","page","type-page","status-publish","hentry"],"yoast_head":"<!-- This site is optimized with the Yoast SEO plugin v25.5 - https:\/\/yoast.com\/wordpress\/plugins\/seo\/ -->\n<title>Kullan\u0131m \u015eartlar\u0131 - Toptan \u00c7antalar<\/title>\n<meta name=\"robots\" content=\"index, follow, max-snippet:-1, max-image-preview:large, max-video-preview:-1\" \/>\n<link rel=\"canonical\" href=\"https:\/\/toptancantalar.com\/en\/terms-of-use\/\" \/>\n<meta property=\"og:locale\" content=\"en_US\" \/>\n<meta property=\"og:type\" content=\"article\" \/>\n<meta property=\"og:title\" content=\"Kullan\u0131m \u015eartlar\u0131 - Toptan \u00c7antalar\" \/>\n<meta property=\"og:description\" content=\"#g\u00fcvenli al\u0131\u015fveri\u015f Kullan\u0131m \u015eartlar\u0131 1. Kullan\u0131m Ko\u015fullar\u0131 Siteyi sadece yasal ama\u00e7lar i\u00e7in kullanabilirsiniz. Siteye zarar vermemek, ba\u015fkalar\u0131n\u0131n ki\u015fisel bilgilerini izinsiz kullanmamak ve Site\u2019yi yasa d\u0131\u015f\u0131 faaliyetler i\u00e7in kullanmamakla y\u00fck\u00fcml\u00fcs\u00fcn\u00fcz. 2. Fikri M\u00fclkiyet Site \u00fczerindeki t\u00fcm i\u00e7erikler, grafikler, yaz\u0131lar ve tasar\u0131mlar Toptan Laz\u0131m&#8217;a aittir ve izinsiz kullan\u0131m\u0131 yasakt\u0131r. 3. \u00dcr\u00fcn ve Hizmetler Site \u00fczerindeki \u00fcr\u00fcn ve hizmetler, sa\u011flanan bilgiler do\u011frultusunda sunulur. \u00dcr\u00fcn ve hizmetlerin i\u00e7eri\u011fi ve fiyatlar\u0131 de\u011fi\u015ftirilebilir. 4. Sorumluluk Reddi Site, sa\u011flanan bilgilerin do\u011frulu\u011funu garanti etmez ve Siteyi kullanman\u0131z sonucunda do\u011fabilecek zararlardan sorumlu tutulamaz. 5. De\u011fi\u015fiklikler Bu Kullan\u0131m \u015eartlar\u0131 zaman zaman de\u011fi\u015ftirilebilir. De\u011fi\u015fiklikler Site\u2019de yay\u0131mland\u0131\u011f\u0131nda y\u00fcr\u00fcrl\u00fc\u011fe girer. 6. \u0130leti\u015fim Herhangi bir sorunuz varsa, +90(530)4056019 \u00fczerinden bizimle ileti\u015fime ge\u00e7ebilirsiniz.\" \/>\n<meta property=\"og:url\" content=\"https:\/\/toptancantalar.com\/en\/terms-of-use\/\" \/>\n<meta property=\"og:site_name\" content=\"Toptan \u00c7antalar\" \/>\n<meta property=\"article:modified_time\" content=\"2024-09-06T12:18:14+00:00\" \/>\n<meta name=\"twitter:card\" content=\"summary_large_image\" \/>\n<meta name=\"twitter:label1\" content=\"Est. reading time\" \/>\n\t<meta name=\"twitter:data1\" content=\"1 minute\" \/>\n<script type=\"application\/ld+json\" class=\"yoast-schema-graph\">{\"@context\":\"https:\/\/schema.org\",\"@graph\":[{\"@type\":\"WebPage\",\"@id\":\"https:\/\/toptancantalar.com\/terms-of-use\/\",\"url\":\"https:\/\/toptancantalar.com\/terms-of-use\/\",\"name\":\"Kullan\u0131m \u015eartlar\u0131 - Toptan \u00c7antalar\",\"isPartOf\":{\"@id\":\"https:\/\/toptancantalar.com\/#website\"},\"datePublished\":\"2017-09-12T08:34:40+00:00\",\"dateModified\":\"2024-09-06T12:18:14+00:00\",\"breadcrumb\":{\"@id\":\"https:\/\/toptancantalar.com\/terms-of-use\/#breadcrumb\"},\"inLanguage\":\"en-US\",\"potentialAction\":[{\"@type\":\"ReadAction\",\"target\":[\"https:\/\/toptancantalar.com\/terms-of-use\/\"]}]},{\"@type\":\"BreadcrumbList\",\"@id\":\"https:\/\/toptancantalar.com\/terms-of-use\/#breadcrumb\",\"itemListElement\":[{\"@type\":\"ListItem\",\"position\":1,\"name\":\"Anasayfa\",\"item\":\"https:\/\/toptancantalar.com\/\"},{\"@type\":\"ListItem\",\"position\":2,\"name\":\"Kullan\u0131m \u015eartlar\u0131\"}]},{\"@type\":\"WebSite\",\"@id\":\"https:\/\/toptancantalar.com\/#website\",\"url\":\"https:\/\/toptancantalar.com\/\",\"name\":\"Toptan \u00c7antalar\",\"description\":\"Arad\u0131\u011f\u0131n T\u00fcm \u00c7antalar, Toptan \u00c7antalar &#039;da\",\"potentialAction\":[{\"@type\":\"SearchAction\",\"target\":{\"@type\":\"EntryPoint\",\"urlTemplate\":\"https:\/\/toptancantalar.com\/?s={search_term_string}\"},\"query-input\":{\"@type\":\"PropertyValueSpecification\",\"valueRequired\":true,\"valueName\":\"search_term_string\"}}],\"inLanguage\":\"en-US\"}]}<\/script>\n<!-- \/ Yoast SEO plugin. -->","yoast_head_json":{"title":"Kullan\u0131m \u015eartlar\u0131 - Toptan \u00c7antalar","robots":{"index":"index","follow":"follow","max-snippet":"max-snippet:-1","max-image-preview":"max-image-preview:large","max-video-preview":"max-video-preview:-1"},"canonical":"https:\/\/toptancantalar.com\/en\/terms-of-use\/","og_locale":"en_US","og_type":"article","og_title":"Kullan\u0131m \u015eartlar\u0131 - Toptan \u00c7antalar","og_description":"#g\u00fcvenli al\u0131\u015fveri\u015f Kullan\u0131m \u015eartlar\u0131 1. Kullan\u0131m Ko\u015fullar\u0131 Siteyi sadece yasal ama\u00e7lar i\u00e7in kullanabilirsiniz. Siteye zarar vermemek, ba\u015fkalar\u0131n\u0131n ki\u015fisel bilgilerini izinsiz kullanmamak ve Site\u2019yi yasa d\u0131\u015f\u0131 faaliyetler i\u00e7in kullanmamakla y\u00fck\u00fcml\u00fcs\u00fcn\u00fcz. 2. Fikri M\u00fclkiyet Site \u00fczerindeki t\u00fcm i\u00e7erikler, grafikler, yaz\u0131lar ve tasar\u0131mlar Toptan Laz\u0131m&#8217;a aittir ve izinsiz kullan\u0131m\u0131 yasakt\u0131r. 3. \u00dcr\u00fcn ve Hizmetler Site \u00fczerindeki \u00fcr\u00fcn ve hizmetler, sa\u011flanan bilgiler do\u011frultusunda sunulur. \u00dcr\u00fcn ve hizmetlerin i\u00e7eri\u011fi ve fiyatlar\u0131 de\u011fi\u015ftirilebilir. 4. Sorumluluk Reddi Site, sa\u011flanan bilgilerin do\u011frulu\u011funu garanti etmez ve Siteyi kullanman\u0131z sonucunda do\u011fabilecek zararlardan sorumlu tutulamaz. 5. De\u011fi\u015fiklikler Bu Kullan\u0131m \u015eartlar\u0131 zaman zaman de\u011fi\u015ftirilebilir. De\u011fi\u015fiklikler Site\u2019de yay\u0131mland\u0131\u011f\u0131nda y\u00fcr\u00fcrl\u00fc\u011fe girer. 6. \u0130leti\u015fim Herhangi bir sorunuz varsa, +90(530)4056019 \u00fczerinden bizimle ileti\u015fime ge\u00e7ebilirsiniz.","og_url":"https:\/\/toptancantalar.com\/en\/terms-of-use\/","og_site_name":"Toptan \u00c7antalar","article_modified_time":"2024-09-06T12:18:14+00:00","twitter_card":"summary_large_image","twitter_misc":{"Est. reading time":"1 minute"},"schema":{"@context":"https:\/\/schema.org","@graph":[{"@type":"WebPage","@id":"https:\/\/toptancantalar.com\/terms-of-use\/","url":"https:\/\/toptancantalar.com\/terms-of-use\/","name":"Kullan\u0131m \u015eartlar\u0131 - Toptan \u00c7antalar","isPartOf":{"@id":"https:\/\/toptancantalar.com\/#website"},"datePublished":"2017-09-12T08:34:40+00:00","dateModified":"2024-09-06T12:18:14+00:00","breadcrumb":{"@id":"https:\/\/toptancantalar.com\/terms-of-use\/#breadcrumb"},"inLanguage":"en-US","potentialAction":[{"@type":"ReadAction","target":["https:\/\/toptancantalar.com\/terms-of-use\/"]}]},{"@type":"BreadcrumbList","@id":"https:\/\/toptancantalar.com\/terms-of-use\/#breadcrumb","itemListElement":[{"@type":"ListItem","position":1,"name":"Anasayfa","item":"https:\/\/toptancantalar.com\/"},{"@type":"ListItem","position":2,"name":"Kullan\u0131m \u015eartlar\u0131"}]},{"@type":"WebSite","@id":"https:\/\/toptancantalar.com\/#website","url":"https:\/\/toptancantalar.com\/","name":"Toptan \u00c7antalar","description":"Arad\u0131\u011f\u0131n T\u00fcm \u00c7antalar, Toptan \u00c7antalar &#039;da","potentialAction":[{"@type":"SearchAction","target":{"@type":"EntryPoint","urlTemplate":"https:\/\/toptancantalar.com\/?s={search_term_string}"},"query-input":{"@type":"PropertyValueSpecification","valueRequired":true,"valueName":"search_term_string"}}],"inLanguage":"en-US"}]}},"_links":{"self":[{"href":"https:\/\/toptancantalar.com\/en\/wp-json\/wp\/v2\/pages\/1662","targetHints":{"allow":["GET"]}}],"collection":[{"href":"https:\/\/toptancantalar.com\/en\/wp-json\/wp\/v2\/pages"}],"about":[{"href":"https:\/\/toptancantalar.com\/en\/wp-json\/wp\/v2\/types\/page"}],"author":[{"embeddable":true,"href":"https:\/\/toptancantalar.com\/en\/wp-json\/wp\/v2\/users\/1"}],"replies":[{"embeddable":true,"href":"https:\/\/toptancantalar.com\/en\/wp-json\/wp\/v2\/comments?post=1662"}],"version-history":[{"count":10,"href":"https:\/\/toptancantalar.com\/en\/wp-json\/wp\/v2\/pages\/1662\/revisions"}],"predecessor-version":[{"id":7338,"href":"https:\/\/toptancantalar.com\/en\/wp-json\/wp\/v2\/pages\/1662\/revisions\/7338"}],"wp:attachment":[{"href":"https:\/\/toptancantalar.com\/en\/wp-json\/wp\/v2\/media?parent=1662"}],"curies":[{"name":"wp","href":"https:\/\/api.w.org\/{rel}","templated":true}]}}